{"id":3610417,"date":"2026-02-15T00:57:38","date_gmt":"2026-02-14T23:57:38","guid":{"rendered":"https:\/\/streetmarkets.fr\/app\/produit\/gramicci-x-and-wander-nylon-sacoche-black\/"},"modified":"2026-05-13T01:58:52","modified_gmt":"2026-05-12T23:58:52","slug":"gramicci-x-and-wander-nylon-sacoche-black","status":"publish","type":"product","link":"https:\/\/streetmarkets.fr\/app\/produit\/gramicci-x-and-wander-nylon-sacoche-black\/","title":{"rendered":"GRAMICCI x AND WANDER Nylon Sacoche Black"},"content":{"rendered":"<p><strong>Cr\u00e9ateur :<\/strong> Gramicci<\/p>\n<p><strong>R\u00e9alisation : <\/strong><span class=\"Y2IQFc\" lang=\"fr\">Nylon l\u00e9ger 70D Logo r\u00e9fl\u00e9chissant co-marqu\u00e9 Bandouli\u00e8re amovible Capacit\u00e9 2,5 L Largeur 28 cm, hauteur 20 cm, profondeur 2 cm<\/span><\/p>\n<p><em>Lightweight 70d nylon fabric<\/em><br \/>\n<em>Co-branded reflective logo<\/em><br \/>\n<em>Removable shoulder strap<\/em><br \/>\n<em>2.5L capacity<\/em><br \/>\n<em>Width 28cm, Height 20cm, Depth 2cm<\/em><\/p>\n","protected":false},"excerpt":{"rendered":"<p>Cr\u00e9ateur : Gramicci R\u00e9alisation : Nylon l\u00e9ger 70D Logo r\u00e9fl\u00e9chissant co-marqu\u00e9 Bandouli\u00e8re amovible Capacit\u00e9 2,5 L Largeur 28 cm, hauteur 20 cm, profondeur 2 cm Lightweight 70d nylon fabric Co-branded reflective logo Removable shoulder strap 2.5L capacity Width 28cm, Height 20cm, Depth 2cm<\/p>\n","protected":false},"featured_media":3610418,"comment_status":"open","ping_status":"closed","template":"","meta":[],"product_brand":[7137],"product_cat":[],"product_tag":[],"acf":[],"_links":{"self":[{"href":"https:\/\/streetmarkets.fr\/app\/wp-json\/wp\/v2\/product\/3610417"}],"collection":[{"href":"https:\/\/streetmarkets.fr\/app\/wp-json\/wp\/v2\/product"}],"about":[{"href":"https:\/\/streetmarkets.fr\/app\/wp-json\/wp\/v2\/types\/product"}],"replies":[{"embeddable":true,"href":"https:\/\/streetmarkets.fr\/app\/wp-json\/wp\/v2\/comments?post=3610417"}],"wp:featuredmedia":[{"embeddable":true,"href":"https:\/\/streetmarkets.fr\/app\/wp-json\/wp\/v2\/media\/3610418"}],"wp:attachment":[{"href":"https:\/\/streetmarkets.fr\/app\/wp-json\/wp\/v2\/media?parent=3610417"}],"wp:term":[{"taxonomy":"product_brand","embeddable":true,"href":"https:\/\/streetmarkets.fr\/app\/wp-json\/wp\/v2\/product_brand?post=3610417"},{"taxonomy":"product_cat","embeddable":true,"href":"https:\/\/streetmarkets.fr\/app\/wp-json\/wp\/v2\/product_cat?post=3610417"},{"taxonomy":"product_tag","embeddable":true,"href":"https:\/\/streetmarkets.fr\/app\/wp-json\/wp\/v2\/product_tag?post=3610417"}],"curies":[{"name":"wp","href":"https:\/\/api.w.org\/{rel}","templated":true}]}}