{"id":3610401,"date":"2026-02-15T00:57:36","date_gmt":"2026-02-14T23:57:36","guid":{"rendered":"https:\/\/streetmarkets.fr\/app\/produit\/elmer-teddy-laine-em353-navy\/"},"modified":"2026-05-14T01:56:52","modified_gmt":"2026-05-13T23:56:52","slug":"elmer-teddy-laine-em353-navy","status":"publish","type":"product","link":"https:\/\/streetmarkets.fr\/app\/produit\/elmer-teddy-laine-em353-navy\/","title":{"rendered":"ELMER Teddy laine EM353 Navy"},"content":{"rendered":"<p style=\"text-align: left\"><strong>Cr\u00e9ateur :<\/strong> Elmer, Japan<\/p>\n<p><strong>R\u00e9alisation : <\/strong>Les Elmer Gants Teddy laine EM353 sont doux au toucher chaud et r\u00e9sistants, avec poignets bord-c\u00f4te et bordures contrast\u00e9es. Compatible avec les \u00e9crans tactiles.<\/p>\n<p id=\"tw-target-text\" class=\"tw-data-text tw-text-large tw-ta\" dir=\"ltr\" data-placeholder=\"Traduction\" data-ved=\"2ahUKEwjeiaeo0NuJAxWgRqQEHVRULGMQ3ewLegQIChAU\" aria-label=\"Texte traduit\u00a0: 100% wool, 100% acrylic handle, 100% polyester lining\"><span class=\"Y2IQFc\" lang=\"en\">100% wool, 100% acrylic handle, 100% polyester lining<\/span><\/p>\n<p id=\"tw-target-text\" class=\"tw-data-text tw-text-large tw-ta\" dir=\"ltr\" data-placeholder=\"Traduction\" data-ved=\"2ahUKEwjeiaeo0NuJAxWgRqQEHVRULGMQ3ewLegQIChAU\" aria-label=\"Texte traduit\u00a0: The Elmer City Pro EM305 Polartec Windpro Oatmeal Gloves are warm and durable, the gloves have 5 fingers, windproof possibility with the flap.\"><em><span class=\"Y2IQFc\" lang=\"en\">The Elmer City Pro EM305 Polartec Windpro Oatmeal Gloves are warm and durable, the gloves have 5 fingers, windproof possibility with the flap.<\/span><\/em><\/p>\n","protected":false},"excerpt":{"rendered":"<p>Cr\u00e9ateur : Elmer, Japan R\u00e9alisation : Les Elmer Gants Teddy laine EM353 sont doux au toucher chaud et r\u00e9sistants, avec poignets bord-c\u00f4te et bordures contrast\u00e9es. Compatible avec les \u00e9crans tactiles. 100% wool, 100% acrylic handle, 100% polyester lining The Elmer City Pro EM305 Polartec Windpro Oatmeal Gloves are warm and durable, the gloves have 5 [&hellip;]<\/p>\n","protected":false},"featured_media":3610402,"comment_status":"open","ping_status":"closed","template":"","meta":[],"product_brand":[],"product_cat":[],"product_tag":[],"acf":[],"_links":{"self":[{"href":"https:\/\/streetmarkets.fr\/app\/wp-json\/wp\/v2\/product\/3610401"}],"collection":[{"href":"https:\/\/streetmarkets.fr\/app\/wp-json\/wp\/v2\/product"}],"about":[{"href":"https:\/\/streetmarkets.fr\/app\/wp-json\/wp\/v2\/types\/product"}],"replies":[{"embeddable":true,"href":"https:\/\/streetmarkets.fr\/app\/wp-json\/wp\/v2\/comments?post=3610401"}],"wp:featuredmedia":[{"embeddable":true,"href":"https:\/\/streetmarkets.fr\/app\/wp-json\/wp\/v2\/media\/3610402"}],"wp:attachment":[{"href":"https:\/\/streetmarkets.fr\/app\/wp-json\/wp\/v2\/media?parent=3610401"}],"wp:term":[{"taxonomy":"product_brand","embeddable":true,"href":"https:\/\/streetmarkets.fr\/app\/wp-json\/wp\/v2\/product_brand?post=3610401"},{"taxonomy":"product_cat","embeddable":true,"href":"https:\/\/streetmarkets.fr\/app\/wp-json\/wp\/v2\/product_cat?post=3610401"},{"taxonomy":"product_tag","embeddable":true,"href":"https:\/\/streetmarkets.fr\/app\/wp-json\/wp\/v2\/product_tag?post=3610401"}],"curies":[{"name":"wp","href":"https:\/\/api.w.org\/{rel}","templated":true}]}}