{"id":3610366,"date":"2026-02-15T00:57:32","date_gmt":"2026-02-14T23:57:32","guid":{"rendered":"https:\/\/streetmarkets.fr\/app\/produit\/rototo-extra-fine-merino-roll-up-beanie-black\/"},"modified":"2026-05-03T01:57:51","modified_gmt":"2026-05-02T23:57:51","slug":"rototo-extra-fine-merino-roll-up-beanie-black","status":"publish","type":"product","link":"https:\/\/streetmarkets.fr\/app\/produit\/rototo-extra-fine-merino-roll-up-beanie-black\/","title":{"rendered":"ROTOTO Extra fine merino roll up beanie Black"},"content":{"rendered":"<p><strong>Cr\u00e9ateur :<\/strong> Rototo, Japan<\/p>\n<p><strong>R\u00e9alisation : <\/strong>100% Wool<\/p>\n<p><span class=\"Y2IQFc\" lang=\"fr\">* \u00c9vitez le s\u00e8che-linge, car cela pourrait provoquer un r\u00e9tr\u00e9cissement.<\/span><\/p>\n<p>R5078 Black<\/p>\n<p>Le design de ce bonnet court en laine est exactement le m\u00eame que celui du populaire R5021 COTTON ROLL UP BEANIE de ROTOTO. Tricot\u00e9 avec un fil de laine m\u00e9rinos extra-fin de 19,5 \u03bc, il est dot\u00e9 d&rsquo;une faible profondeur qui ne couvre que la partie sup\u00e9rieure de la t\u00eate, tout comme le R5021. La conception extensible en c\u00f4tes 2 x 2 offre un confort suppl\u00e9mentaire.<\/p>\n<p id=\"tw-target-text\" class=\"tw-data-text tw-text-large tw-ta\" dir=\"ltr\" data-placeholder=\"Traduction\" data-ved=\"2ahUKEwio2InMkr6JAxUrSKQEHQzVJaUQ3ewLegQICRAU\" aria-label=\"Texte traduit\u00a0: The design of this short wool hat is exactly the same as the popular R5021 COTTON ROLL UP BEANIE from ROTOTO. Knitted with 19.5\u00b5 extra-fine merino wool yarn, it features a shallow depth that only covers the upper part of the head, just like the R5021. Stretchy 2x2 rib design provides added comfort.\"><em><span class=\"Y2IQFc\" lang=\"en\">The design of this short wool hat is exactly the same as the popular R5021 COTTON ROLL UP BEANIE from ROTOTO. Knitted with 19.5\u00b5 extra-fine merino wool yarn, it features a shallow depth that only covers the upper part of the head, just like the R5021. Stretchy 2&#215;2 rib design provides added comfort.<\/span><\/em><\/p>\n","protected":false},"excerpt":{"rendered":"<p>Cr\u00e9ateur : Rototo, Japan R\u00e9alisation : 100% Wool * \u00c9vitez le s\u00e8che-linge, car cela pourrait provoquer un r\u00e9tr\u00e9cissement. R5078 Black Le design de ce bonnet court en laine est exactement le m\u00eame que celui du populaire R5021 COTTON ROLL UP BEANIE de ROTOTO. Tricot\u00e9 avec un fil de laine m\u00e9rinos extra-fin de 19,5 \u03bc, il [&hellip;]<\/p>\n","protected":false},"featured_media":3610367,"comment_status":"open","ping_status":"closed","template":"","meta":[],"product_brand":[],"product_cat":[],"product_tag":[],"acf":[],"_links":{"self":[{"href":"https:\/\/streetmarkets.fr\/app\/wp-json\/wp\/v2\/product\/3610366"}],"collection":[{"href":"https:\/\/streetmarkets.fr\/app\/wp-json\/wp\/v2\/product"}],"about":[{"href":"https:\/\/streetmarkets.fr\/app\/wp-json\/wp\/v2\/types\/product"}],"replies":[{"embeddable":true,"href":"https:\/\/streetmarkets.fr\/app\/wp-json\/wp\/v2\/comments?post=3610366"}],"wp:featuredmedia":[{"embeddable":true,"href":"https:\/\/streetmarkets.fr\/app\/wp-json\/wp\/v2\/media\/3610367"}],"wp:attachment":[{"href":"https:\/\/streetmarkets.fr\/app\/wp-json\/wp\/v2\/media?parent=3610366"}],"wp:term":[{"taxonomy":"product_brand","embeddable":true,"href":"https:\/\/streetmarkets.fr\/app\/wp-json\/wp\/v2\/product_brand?post=3610366"},{"taxonomy":"product_cat","embeddable":true,"href":"https:\/\/streetmarkets.fr\/app\/wp-json\/wp\/v2\/product_cat?post=3610366"},{"taxonomy":"product_tag","embeddable":true,"href":"https:\/\/streetmarkets.fr\/app\/wp-json\/wp\/v2\/product_tag?post=3610366"}],"curies":[{"name":"wp","href":"https:\/\/api.w.org\/{rel}","templated":true}]}}