{"id":3610347,"date":"2026-02-15T00:57:30","date_gmt":"2026-02-14T23:57:30","guid":{"rendered":"https:\/\/streetmarkets.fr\/app\/produit\/andersons-ceinture-tressee-kaki\/"},"modified":"2026-05-06T01:59:57","modified_gmt":"2026-05-05T23:59:57","slug":"andersons-ceinture-tressee-kaki","status":"publish","type":"product","link":"https:\/\/streetmarkets.fr\/app\/produit\/andersons-ceinture-tressee-kaki\/","title":{"rendered":"ANDERSON&rsquo;S Ceinture tress\u00e9e Kaki"},"content":{"rendered":"<div class=\"woocommerce-product-details__short-description\">\n<p><b>Cr\u00e9ateur :<\/b> Anderson&rsquo;s, fabriqu\u00e9e en Italie<\/p>\n<p><b>R\u00e9alisation : <\/b>Ceinture tress\u00e9 tissus, 3,5 cm de large<\/p>\n<p>Boucle m\u00e9tal et cuir pleine fleur<\/p>\n<p><b>La parenth\u00e8se : <\/b>Anderson&rsquo;s cr\u00e9\u00e9 par Carlo Valenti \u00e0 Parme il y a 50 ans.<\/p>\n<\/div>\n","protected":false},"excerpt":{"rendered":"<p>Cr\u00e9ateur : Anderson&rsquo;s, fabriqu\u00e9e en Italie R\u00e9alisation : Ceinture tress\u00e9 tissus, 3,5 cm de large Boucle m\u00e9tal et cuir pleine fleur La parenth\u00e8se : Anderson&rsquo;s cr\u00e9\u00e9 par Carlo Valenti \u00e0 Parme il y a 50 ans.<\/p>\n","protected":false},"featured_media":3610348,"comment_status":"open","ping_status":"closed","template":"","meta":[],"product_brand":[],"product_cat":[],"product_tag":[],"acf":[],"_links":{"self":[{"href":"https:\/\/streetmarkets.fr\/app\/wp-json\/wp\/v2\/product\/3610347"}],"collection":[{"href":"https:\/\/streetmarkets.fr\/app\/wp-json\/wp\/v2\/product"}],"about":[{"href":"https:\/\/streetmarkets.fr\/app\/wp-json\/wp\/v2\/types\/product"}],"replies":[{"embeddable":true,"href":"https:\/\/streetmarkets.fr\/app\/wp-json\/wp\/v2\/comments?post=3610347"}],"wp:featuredmedia":[{"embeddable":true,"href":"https:\/\/streetmarkets.fr\/app\/wp-json\/wp\/v2\/media\/3610348"}],"wp:attachment":[{"href":"https:\/\/streetmarkets.fr\/app\/wp-json\/wp\/v2\/media?parent=3610347"}],"wp:term":[{"taxonomy":"product_brand","embeddable":true,"href":"https:\/\/streetmarkets.fr\/app\/wp-json\/wp\/v2\/product_brand?post=3610347"},{"taxonomy":"product_cat","embeddable":true,"href":"https:\/\/streetmarkets.fr\/app\/wp-json\/wp\/v2\/product_cat?post=3610347"},{"taxonomy":"product_tag","embeddable":true,"href":"https:\/\/streetmarkets.fr\/app\/wp-json\/wp\/v2\/product_tag?post=3610347"}],"curies":[{"name":"wp","href":"https:\/\/api.w.org\/{rel}","templated":true}]}}