{"id":3603848,"date":"2026-02-14T01:06:40","date_gmt":"2026-02-14T00:06:40","guid":{"rendered":"https:\/\/streetmarkets.fr\/app\/produit\/nouveau-xirena-robe-boden-lilac-petal-precommande\/"},"modified":"2026-05-11T02:05:27","modified_gmt":"2026-05-11T00:05:27","slug":"nouveau-xirena-robe-boden-lilac-petal-precommande","status":"publish","type":"product","link":"https:\/\/streetmarkets.fr\/app\/produit\/nouveau-xirena-robe-boden-lilac-petal-precommande\/","title":{"rendered":"Nouveau ! XIRENA Robe Boden Lilac Petal"},"content":{"rendered":"<p data-rte-preserve-empty=\"true\">Robe longue coupe ample, manches longues, poignets resserr\u00e9s, emmanchure large, deux poches lat\u00e9rales, douce et agr\u00e9able. \u00c9galement disponible dans d\u2019autres couleurs.<\/p>\n<p data-rte-preserve-empty=\"true\">D\u00e9tail : 100% coton<\/p>\n","protected":false},"excerpt":{"rendered":"<p>Robe longue coupe ample, manches longues, poignets resserr\u00e9s, emmanchure large, deux poches lat\u00e9rales, douce et agr\u00e9able. \u00c9galement disponible dans d\u2019autres couleurs. D\u00e9tail : 100% coton<\/p>\n","protected":false},"featured_media":3603849,"comment_status":"open","ping_status":"closed","template":"","meta":[],"product_brand":[],"product_cat":[],"product_tag":[],"acf":[],"_links":{"self":[{"href":"https:\/\/streetmarkets.fr\/app\/wp-json\/wp\/v2\/product\/3603848"}],"collection":[{"href":"https:\/\/streetmarkets.fr\/app\/wp-json\/wp\/v2\/product"}],"about":[{"href":"https:\/\/streetmarkets.fr\/app\/wp-json\/wp\/v2\/types\/product"}],"replies":[{"embeddable":true,"href":"https:\/\/streetmarkets.fr\/app\/wp-json\/wp\/v2\/comments?post=3603848"}],"wp:featuredmedia":[{"embeddable":true,"href":"https:\/\/streetmarkets.fr\/app\/wp-json\/wp\/v2\/media\/3603849"}],"wp:attachment":[{"href":"https:\/\/streetmarkets.fr\/app\/wp-json\/wp\/v2\/media?parent=3603848"}],"wp:term":[{"taxonomy":"product_brand","embeddable":true,"href":"https:\/\/streetmarkets.fr\/app\/wp-json\/wp\/v2\/product_brand?post=3603848"},{"taxonomy":"product_cat","embeddable":true,"href":"https:\/\/streetmarkets.fr\/app\/wp-json\/wp\/v2\/product_cat?post=3603848"},{"taxonomy":"product_tag","embeddable":true,"href":"https:\/\/streetmarkets.fr\/app\/wp-json\/wp\/v2\/product_tag?post=3603848"}],"curies":[{"name":"wp","href":"https:\/\/api.w.org\/{rel}","templated":true}]}}