{"id":3603764,"date":"2026-02-14T01:00:12","date_gmt":"2026-02-14T00:00:12","guid":{"rendered":"https:\/\/streetmarkets.fr\/app\/produit\/hermes-coins-belt-2\/"},"modified":"2026-04-11T01:53:46","modified_gmt":"2026-04-10T23:53:46","slug":"hermes-coins-belt-2","status":"publish","type":"product","link":"https:\/\/streetmarkets.fr\/app\/produit\/hermes-coins-belt-2\/","title":{"rendered":"Herm\u00e8s &#8220;Coins&#8221; Belt"},"content":{"rendered":"<p>Herm\u00e8s collector belt in soft leather with golden coins details where it is written in French &#8220;Libert\u00e9 \u00c9galit\u00e9 Fraternit\u00e9&#8221;. Those details of coins are found throughout the belt.<\/p>\n<p>VINTAGE CONDITION: <\/p>\n<p>Good<\/p>\n<p>MATERIALS: <\/p>\n<p>Leather<\/p>\n<p>COLOR: <\/p>\n<p>Brown<\/p>\n<p>SIZE: <\/p>\n<p>75cm<\/p>\n<p>PACKAGING: <\/p>\n<p>Original packaging not available<\/p>\n<p>SHIPPING &amp; RETURN POLICY: <\/p>\n<p>Packages are generally dispatched within 2 days after receipt of payment and are shipped worldwide via Colissimo with tracking information.<\/p>\n<p>Please see our Shipping &amp; Returns Terms for important details regarding shipment options and fees.<br \/>\n&nbsp;<\/p>\n<p><\/p>\n","protected":false},"excerpt":{"rendered":"<p>Herm\u00e8s collector belt in soft leather with golden coins details where it is written in French &#8220;Libert\u00e9 \u00c9galit\u00e9 Fraternit\u00e9&#8221;. Those details of coins are found throughout the belt. VINTAGE CONDITION: Good MATERIALS: Leather COLOR: Brown SIZE: 75cm PACKAGING: Original packaging not available SHIPPING &amp; RETURN POLICY: Packages are generally dispatched within 2 days after receipt [&hellip;]<\/p>\n","protected":false},"featured_media":3603765,"comment_status":"open","ping_status":"closed","template":"","meta":[],"product_brand":[],"product_cat":[],"product_tag":[],"acf":[],"_links":{"self":[{"href":"https:\/\/streetmarkets.fr\/app\/wp-json\/wp\/v2\/product\/3603764"}],"collection":[{"href":"https:\/\/streetmarkets.fr\/app\/wp-json\/wp\/v2\/product"}],"about":[{"href":"https:\/\/streetmarkets.fr\/app\/wp-json\/wp\/v2\/types\/product"}],"replies":[{"embeddable":true,"href":"https:\/\/streetmarkets.fr\/app\/wp-json\/wp\/v2\/comments?post=3603764"}],"wp:featuredmedia":[{"embeddable":true,"href":"https:\/\/streetmarkets.fr\/app\/wp-json\/wp\/v2\/media\/3603765"}],"wp:attachment":[{"href":"https:\/\/streetmarkets.fr\/app\/wp-json\/wp\/v2\/media?parent=3603764"}],"wp:term":[{"taxonomy":"product_brand","embeddable":true,"href":"https:\/\/streetmarkets.fr\/app\/wp-json\/wp\/v2\/product_brand?post=3603764"},{"taxonomy":"product_cat","embeddable":true,"href":"https:\/\/streetmarkets.fr\/app\/wp-json\/wp\/v2\/product_cat?post=3603764"},{"taxonomy":"product_tag","embeddable":true,"href":"https:\/\/streetmarkets.fr\/app\/wp-json\/wp\/v2\/product_tag?post=3603764"}],"curies":[{"name":"wp","href":"https:\/\/api.w.org\/{rel}","templated":true}]}}