{"id":3603732,"date":"2026-02-14T00:45:38","date_gmt":"2026-02-13T23:45:38","guid":{"rendered":"https:\/\/streetmarkets.fr\/app\/produit\/chaussettes-losanges-en-coton-bio-homme\/"},"modified":"2026-05-09T01:44:40","modified_gmt":"2026-05-08T23:44:40","slug":"chaussettes-losanges-en-coton-bio-homme","status":"publish","type":"product","link":"https:\/\/streetmarkets.fr\/app\/produit\/chaussettes-losanges-en-coton-bio-homme\/","title":{"rendered":"Chaussettes losanges en coton bio homme"},"content":{"rendered":"<ul data-mce-fragment=\"1\">\n<li data-mce-fragment=\"1\">chaussettes pour <strong>hommes<\/strong>\n<\/li>\n<li data-mce-fragment=\"1\">motif <strong>losanges &#8220;diamants&#8221;<\/strong>\n<\/li>\n<li data-mce-fragment=\"1\">fond bleu<\/li>\n<li data-mce-fragment=\"1\">79,1% <strong data-mce-fragment=\"1\">coton bio <\/strong>certifi\u00e9<strong data-mce-fragment=\"1\"> Gots<\/strong><span data-mce-fragment=\"1\">\u00a0,<\/span><span data-mce-fragment=\"1\"> 18,7% polyester <\/span><strong data-mce-fragment=\"1\">recycl\u00e9<\/strong><strong data-mce-fragment=\"1\">,<\/strong> 1,5% \u00e9lasthanne et 0,7% nylon <strong>recycl\u00e9<\/strong>\u00a0<\/li>\n<li data-mce-fragment=\"1\">tr\u00e8s confortables<\/li>\n<li data-mce-fragment=\"1\">taille<span data-mce-fragment=\"1\">\u00a0<\/span><strong data-mce-fragment=\"1\">unique<\/strong>, 40\/44<\/li>\n<li data-mce-fragment=\"1\">marque \u00e9thique <strong data-mce-fragment=\"1\">Thought<\/strong>\n<\/li>\n<li data-mce-fragment=\"1\"><strong data-mce-fragment=\"1\">pour les amateurs de chaussettes classiques et chics !<\/strong><\/li>\n<\/ul>\n","protected":false},"excerpt":{"rendered":"<p>chaussettes pour hommes motif losanges &#8220;diamants&#8221; fond bleu 79,1% coton bio certifi\u00e9 Gots\u00a0, 18,7% polyester recycl\u00e9, 1,5% \u00e9lasthanne et 0,7% nylon recycl\u00e9\u00a0 tr\u00e8s confortables taille\u00a0unique, 40\/44 marque \u00e9thique Thought pour les amateurs de chaussettes classiques et chics !<\/p>\n","protected":false},"featured_media":3603733,"comment_status":"open","ping_status":"closed","template":"","meta":[],"product_brand":[],"product_cat":[],"product_tag":[],"acf":[],"_links":{"self":[{"href":"https:\/\/streetmarkets.fr\/app\/wp-json\/wp\/v2\/product\/3603732"}],"collection":[{"href":"https:\/\/streetmarkets.fr\/app\/wp-json\/wp\/v2\/product"}],"about":[{"href":"https:\/\/streetmarkets.fr\/app\/wp-json\/wp\/v2\/types\/product"}],"replies":[{"embeddable":true,"href":"https:\/\/streetmarkets.fr\/app\/wp-json\/wp\/v2\/comments?post=3603732"}],"wp:featuredmedia":[{"embeddable":true,"href":"https:\/\/streetmarkets.fr\/app\/wp-json\/wp\/v2\/media\/3603733"}],"wp:attachment":[{"href":"https:\/\/streetmarkets.fr\/app\/wp-json\/wp\/v2\/media?parent=3603732"}],"wp:term":[{"taxonomy":"product_brand","embeddable":true,"href":"https:\/\/streetmarkets.fr\/app\/wp-json\/wp\/v2\/product_brand?post=3603732"},{"taxonomy":"product_cat","embeddable":true,"href":"https:\/\/streetmarkets.fr\/app\/wp-json\/wp\/v2\/product_cat?post=3603732"},{"taxonomy":"product_tag","embeddable":true,"href":"https:\/\/streetmarkets.fr\/app\/wp-json\/wp\/v2\/product_tag?post=3603732"}],"curies":[{"name":"wp","href":"https:\/\/api.w.org\/{rel}","templated":true}]}}