{"id":3603720,"date":"2026-02-14T00:45:36","date_gmt":"2026-02-13T23:45:36","guid":{"rendered":"https:\/\/streetmarkets.fr\/app\/produit\/chaussettes-rayures-rouges-en-modal\/"},"modified":"2026-05-09T01:44:40","modified_gmt":"2026-05-08T23:44:40","slug":"chaussettes-rayures-rouges-en-modal","status":"publish","type":"product","link":"https:\/\/streetmarkets.fr\/app\/produit\/chaussettes-rayures-rouges-en-modal\/","title":{"rendered":"Chaussettes rayures rouges en modal"},"content":{"rendered":"<ul data-mce-fragment=\"1\">\n<li data-mce-fragment=\"1\">chaussettes femmes rayures\u00a0<\/li>\n<li data-mce-fragment=\"1\">rouge, bleu et parme<\/li>\n<li data-mce-fragment=\"1\">\n<span data-mce-fragment=\"1\">79,8% <strong>modal,<\/strong><\/span><span data-mce-fragment=\"1\">\u00a0<\/span>18,5% <strong data-mce-fragment=\"1\">polyester recycl\u00e9<\/strong> et 1,7% \u00e9lasthanne<\/li>\n<li data-mce-fragment=\"1\">tr\u00e8s agr\u00e9ables \u00e0 porter\u00a0<\/li>\n<li data-mce-fragment=\"1\">\n<strong data-mce-fragment=\"1\">anti-bact\u00e9rien<\/strong><span data-mce-fragment=\"1\">\u00a0<\/span>et anti-fongique<\/li>\n<li data-mce-fragment=\"1\">taille<span data-mce-fragment=\"1\">\u00a0<\/span><strong data-mce-fragment=\"1\">unique<\/strong> 36\/40<\/li>\n<li data-mce-fragment=\"1\">marque<span data-mce-fragment=\"1\">\u00a0<\/span><strong data-mce-fragment=\"1\">Thought<\/strong>\n<\/li>\n<li data-mce-fragment=\"1\">\n<strong data-mce-fragment=\"1\">best-seller<\/strong><span data-mce-fragment=\"1\">\u00a0<\/span>de la marque : id\u00e9e cadeau<\/li>\n<\/ul>\n","protected":false},"excerpt":{"rendered":"<p>chaussettes femmes rayures\u00a0 rouge, bleu et parme 79,8% modal,\u00a018,5% polyester recycl\u00e9 et 1,7% \u00e9lasthanne tr\u00e8s agr\u00e9ables \u00e0 porter\u00a0 anti-bact\u00e9rien\u00a0et anti-fongique taille\u00a0unique 36\/40 marque\u00a0Thought best-seller\u00a0de la marque : id\u00e9e cadeau<\/p>\n","protected":false},"featured_media":3603721,"comment_status":"open","ping_status":"closed","template":"","meta":[],"product_brand":[],"product_cat":[],"product_tag":[],"acf":[],"_links":{"self":[{"href":"https:\/\/streetmarkets.fr\/app\/wp-json\/wp\/v2\/product\/3603720"}],"collection":[{"href":"https:\/\/streetmarkets.fr\/app\/wp-json\/wp\/v2\/product"}],"about":[{"href":"https:\/\/streetmarkets.fr\/app\/wp-json\/wp\/v2\/types\/product"}],"replies":[{"embeddable":true,"href":"https:\/\/streetmarkets.fr\/app\/wp-json\/wp\/v2\/comments?post=3603720"}],"wp:featuredmedia":[{"embeddable":true,"href":"https:\/\/streetmarkets.fr\/app\/wp-json\/wp\/v2\/media\/3603721"}],"wp:attachment":[{"href":"https:\/\/streetmarkets.fr\/app\/wp-json\/wp\/v2\/media?parent=3603720"}],"wp:term":[{"taxonomy":"product_brand","embeddable":true,"href":"https:\/\/streetmarkets.fr\/app\/wp-json\/wp\/v2\/product_brand?post=3603720"},{"taxonomy":"product_cat","embeddable":true,"href":"https:\/\/streetmarkets.fr\/app\/wp-json\/wp\/v2\/product_cat?post=3603720"},{"taxonomy":"product_tag","embeddable":true,"href":"https:\/\/streetmarkets.fr\/app\/wp-json\/wp\/v2\/product_tag?post=3603720"}],"curies":[{"name":"wp","href":"https:\/\/api.w.org\/{rel}","templated":true}]}}