{"id":3603711,"date":"2026-02-14T00:45:35","date_gmt":"2026-02-13T23:45:35","guid":{"rendered":"https:\/\/streetmarkets.fr\/app\/produit\/chaussettes-rayures-bleuvert-parme-en-bambou-coton-bio\/"},"modified":"2026-05-11T01:44:50","modified_gmt":"2026-05-10T23:44:50","slug":"chaussettes-rayures-bleuvert-parme-en-bambou-coton-bio","status":"publish","type":"product","link":"https:\/\/streetmarkets.fr\/app\/produit\/chaussettes-rayures-bleuvert-parme-en-bambou-coton-bio\/","title":{"rendered":"Chaussettes rayures bleu,vert, parme en bambou coton bio"},"content":{"rendered":"<ul data-mce-fragment=\"1\">\n<li data-mce-fragment=\"1\">chaussettes femmes rayures\u00a0<\/li>\n<li data-mce-fragment=\"1\">tons pastels\u00a0<\/li>\n<li data-mce-fragment=\"1\">\n<span data-mce-fragment=\"1\">60,7%\u00a0<\/span><strong data-mce-fragment=\"1\">bambou<\/strong>,<span data-mce-fragment=\"1\"> 19,4%\u00a0<\/span><strong data-mce-fragment=\"1\">coton bio<\/strong>, 17,9%\u00a0<strong data-mce-fragment=\"1\">polyester recycl\u00e9<\/strong>\u00a0et 2% \u00e9lasthanne<\/li>\n<li data-mce-fragment=\"1\">tr\u00e8s confortables<\/li>\n<li data-mce-fragment=\"1\">\n<strong data-mce-fragment=\"1\">anti-bact\u00e9rien<\/strong><span data-mce-fragment=\"1\">\u00a0<\/span>et anti-fongique<\/li>\n<li data-mce-fragment=\"1\">taille<span data-mce-fragment=\"1\">\u00a0<\/span><strong data-mce-fragment=\"1\">unique<\/strong> 36\/40<\/li>\n<li data-mce-fragment=\"1\">marque<span data-mce-fragment=\"1\">\u00a0<\/span><strong data-mce-fragment=\"1\">Thought<\/strong>\n<\/li>\n<li data-mce-fragment=\"1\">\n<strong data-mce-fragment=\"1\">best-seller<\/strong><span data-mce-fragment=\"1\">\u00a0<\/span>de la marque : id\u00e9e cadeau<\/li>\n<\/ul>\n","protected":false},"excerpt":{"rendered":"<p>chaussettes femmes rayures\u00a0 tons pastels\u00a0 60,7%\u00a0bambou, 19,4%\u00a0coton bio, 17,9%\u00a0polyester recycl\u00e9\u00a0et 2% \u00e9lasthanne tr\u00e8s confortables anti-bact\u00e9rien\u00a0et anti-fongique taille\u00a0unique 36\/40 marque\u00a0Thought best-seller\u00a0de la marque : id\u00e9e cadeau<\/p>\n","protected":false},"featured_media":3603712,"comment_status":"open","ping_status":"closed","template":"","meta":[],"product_brand":[],"product_cat":[],"product_tag":[],"acf":[],"_links":{"self":[{"href":"https:\/\/streetmarkets.fr\/app\/wp-json\/wp\/v2\/product\/3603711"}],"collection":[{"href":"https:\/\/streetmarkets.fr\/app\/wp-json\/wp\/v2\/product"}],"about":[{"href":"https:\/\/streetmarkets.fr\/app\/wp-json\/wp\/v2\/types\/product"}],"replies":[{"embeddable":true,"href":"https:\/\/streetmarkets.fr\/app\/wp-json\/wp\/v2\/comments?post=3603711"}],"wp:featuredmedia":[{"embeddable":true,"href":"https:\/\/streetmarkets.fr\/app\/wp-json\/wp\/v2\/media\/3603712"}],"wp:attachment":[{"href":"https:\/\/streetmarkets.fr\/app\/wp-json\/wp\/v2\/media?parent=3603711"}],"wp:term":[{"taxonomy":"product_brand","embeddable":true,"href":"https:\/\/streetmarkets.fr\/app\/wp-json\/wp\/v2\/product_brand?post=3603711"},{"taxonomy":"product_cat","embeddable":true,"href":"https:\/\/streetmarkets.fr\/app\/wp-json\/wp\/v2\/product_cat?post=3603711"},{"taxonomy":"product_tag","embeddable":true,"href":"https:\/\/streetmarkets.fr\/app\/wp-json\/wp\/v2\/product_tag?post=3603711"}],"curies":[{"name":"wp","href":"https:\/\/api.w.org\/{rel}","templated":true}]}}