{"id":3603708,"date":"2026-02-14T00:45:35","date_gmt":"2026-02-13T23:45:35","guid":{"rendered":"https:\/\/streetmarkets.fr\/app\/produit\/socquettes-paquerettes-en-coton-bio\/"},"modified":"2026-05-16T01:44:32","modified_gmt":"2026-05-15T23:44:32","slug":"socquettes-paquerettes-en-coton-bio","status":"publish","type":"product","link":"https:\/\/streetmarkets.fr\/app\/produit\/socquettes-paquerettes-en-coton-bio\/","title":{"rendered":"Socquettes p\u00e2querettes en coton bio"},"content":{"rendered":"<ul data-mce-fragment=\"1\">\n<li data-mce-fragment=\"1\">socquettes femmes<\/li>\n<li data-mce-fragment=\"1\">coton textur\u00e9<\/li>\n<li data-mce-fragment=\"1\">motif <strong>p\u00e2querettes<\/strong> fond bleu jean<\/li>\n<li data-mce-fragment=\"1\">61,3% <strong data-mce-fragment=\"1\">coton bio\u00a0<\/strong><span data-mce-fragment=\"1\">, 20,2<\/span><span data-mce-fragment=\"1\">% polyester <b>recycl\u00e9,<\/b> 16,6% nylon <b>recycl\u00e9<\/b> et 1,9% \u00e9lasthanne\u00a0<\/span>\n<\/li>\n<li data-mce-fragment=\"1\">tr\u00e8s confortables : parfaites pour l&#8217;\u00e9t\u00e9 !<\/li>\n<li data-mce-fragment=\"1\">taille<span data-mce-fragment=\"1\">\u00a0<\/span><strong data-mce-fragment=\"1\">unique<\/strong>\u00a036\/40<\/li>\n<li data-mce-fragment=\"1\">marque<span data-mce-fragment=\"1\">\u00a0<\/span><strong data-mce-fragment=\"1\">Thought<\/strong>\n<\/li>\n<li data-mce-fragment=\"1\">\n<strong data-mce-fragment=\"1\">best-seller<\/strong><span data-mce-fragment=\"1\">\u00a0<\/span>de la marque<\/li>\n<\/ul>\n","protected":false},"excerpt":{"rendered":"<p>socquettes femmes coton textur\u00e9 motif p\u00e2querettes fond bleu jean 61,3% coton bio\u00a0, 20,2% polyester recycl\u00e9, 16,6% nylon recycl\u00e9 et 1,9% \u00e9lasthanne\u00a0 tr\u00e8s confortables : parfaites pour l&#8217;\u00e9t\u00e9 ! taille\u00a0unique\u00a036\/40 marque\u00a0Thought best-seller\u00a0de la marque<\/p>\n","protected":false},"featured_media":3603709,"comment_status":"open","ping_status":"closed","template":"","meta":[],"product_brand":[],"product_cat":[],"product_tag":[],"acf":[],"_links":{"self":[{"href":"https:\/\/streetmarkets.fr\/app\/wp-json\/wp\/v2\/product\/3603708"}],"collection":[{"href":"https:\/\/streetmarkets.fr\/app\/wp-json\/wp\/v2\/product"}],"about":[{"href":"https:\/\/streetmarkets.fr\/app\/wp-json\/wp\/v2\/types\/product"}],"replies":[{"embeddable":true,"href":"https:\/\/streetmarkets.fr\/app\/wp-json\/wp\/v2\/comments?post=3603708"}],"wp:featuredmedia":[{"embeddable":true,"href":"https:\/\/streetmarkets.fr\/app\/wp-json\/wp\/v2\/media\/3603709"}],"wp:attachment":[{"href":"https:\/\/streetmarkets.fr\/app\/wp-json\/wp\/v2\/media?parent=3603708"}],"wp:term":[{"taxonomy":"product_brand","embeddable":true,"href":"https:\/\/streetmarkets.fr\/app\/wp-json\/wp\/v2\/product_brand?post=3603708"},{"taxonomy":"product_cat","embeddable":true,"href":"https:\/\/streetmarkets.fr\/app\/wp-json\/wp\/v2\/product_cat?post=3603708"},{"taxonomy":"product_tag","embeddable":true,"href":"https:\/\/streetmarkets.fr\/app\/wp-json\/wp\/v2\/product_tag?post=3603708"}],"curies":[{"name":"wp","href":"https:\/\/api.w.org\/{rel}","templated":true}]}}