{"id":3603462,"date":"2026-02-14T00:22:23","date_gmt":"2026-02-13T23:22:23","guid":{"rendered":"https:\/\/streetmarkets.fr\/app\/produit\/chaussettes-boite-de-chocolats\/"},"modified":"2026-05-06T01:18:27","modified_gmt":"2026-05-05T23:18:27","slug":"chaussettes-boite-de-chocolats","status":"publish","type":"product","link":"https:\/\/streetmarkets.fr\/app\/produit\/chaussettes-boite-de-chocolats\/","title":{"rendered":"Chaussettes Boite de Chocolats"},"content":{"rendered":"<p class=\"p1\"><a href=\"\/collections\/coucou-suzette\" title=\"Collection Coucou Suzette\"><strong>Collection Coucou Suzette<\/strong><\/a><\/p>\n<p><span>Des chaussettes d\u00e9pareill\u00e9es gourmandes \u00e0 souhait, couvertes d\u2019un c\u00f4t\u00e9 de bo\u00eetes garnies d\u00e9cor\u00e9es de rubans rouges, et de d\u00e9licieuses fraises au chocolat de l\u2019autre. Un cadeau original qui ne manquera pas de faire sourire !<\/span><\/p>\n<ul>\n<li><em>Chaussettes<span>\u00a0en coton italien certifi\u00e9 OEKO-TEX\u00ae\ufe0f 72%, Polyamide 27%, Elasthanne 1%<\/span><\/em><\/li>\n<li><em>Mixtes &#8211; Taille unique (du 35 au 44)<\/em><\/li>\n<li><em>Conseils d\u2019entretien : laver \u00e0 l\u2019envers \u00e0 30\u00b0<\/em><\/li>\n<li><em>Fabriqu\u00e9es en France<\/em><\/li>\n<\/ul>\n","protected":false},"excerpt":{"rendered":"<p>Collection Coucou Suzette Des chaussettes d\u00e9pareill\u00e9es gourmandes \u00e0 souhait, couvertes d\u2019un c\u00f4t\u00e9 de bo\u00eetes garnies d\u00e9cor\u00e9es de rubans rouges, et de d\u00e9licieuses fraises au chocolat de l\u2019autre. Un cadeau original qui ne manquera pas de faire sourire ! Chaussettes\u00a0en coton italien certifi\u00e9 OEKO-TEX\u00ae\ufe0f 72%, Polyamide 27%, Elasthanne 1% Mixtes &#8211; Taille unique (du 35 au [&hellip;]<\/p>\n","protected":false},"featured_media":3603463,"comment_status":"open","ping_status":"closed","template":"","meta":[],"product_brand":[],"product_cat":[],"product_tag":[],"acf":[],"_links":{"self":[{"href":"https:\/\/streetmarkets.fr\/app\/wp-json\/wp\/v2\/product\/3603462"}],"collection":[{"href":"https:\/\/streetmarkets.fr\/app\/wp-json\/wp\/v2\/product"}],"about":[{"href":"https:\/\/streetmarkets.fr\/app\/wp-json\/wp\/v2\/types\/product"}],"replies":[{"embeddable":true,"href":"https:\/\/streetmarkets.fr\/app\/wp-json\/wp\/v2\/comments?post=3603462"}],"wp:featuredmedia":[{"embeddable":true,"href":"https:\/\/streetmarkets.fr\/app\/wp-json\/wp\/v2\/media\/3603463"}],"wp:attachment":[{"href":"https:\/\/streetmarkets.fr\/app\/wp-json\/wp\/v2\/media?parent=3603462"}],"wp:term":[{"taxonomy":"product_brand","embeddable":true,"href":"https:\/\/streetmarkets.fr\/app\/wp-json\/wp\/v2\/product_brand?post=3603462"},{"taxonomy":"product_cat","embeddable":true,"href":"https:\/\/streetmarkets.fr\/app\/wp-json\/wp\/v2\/product_cat?post=3603462"},{"taxonomy":"product_tag","embeddable":true,"href":"https:\/\/streetmarkets.fr\/app\/wp-json\/wp\/v2\/product_tag?post=3603462"}],"curies":[{"name":"wp","href":"https:\/\/api.w.org\/{rel}","templated":true}]}}