{"id":3603425,"date":"2026-02-14T00:22:20","date_gmt":"2026-02-13T23:22:20","guid":{"rendered":"https:\/\/streetmarkets.fr\/app\/produit\/grand-carre-coton-fleurs-indiennes-brique\/"},"modified":"2026-05-11T01:17:34","modified_gmt":"2026-05-10T23:17:34","slug":"grand-carre-coton-fleurs-indiennes-brique","status":"publish","type":"product","link":"https:\/\/streetmarkets.fr\/app\/produit\/grand-carre-coton-fleurs-indiennes-brique\/","title":{"rendered":"Grand Carr\u00e9 Coton Fleurs Indiennes Brique"},"content":{"rendered":"<p><span style=\"text-decoration: underline\"><strong><a title=\"Collection Boulbar\" href=\"https:\/\/frenchtouche.com\/collections\/boulbar\">Collection Boulbar<\/a><\/strong><\/span><\/p>\n<p><span>Lumineux et d\u00e9licat, cet imprim\u00e9 <em>Fleurs Indiennes<\/em>\u00a0ajoute une touche fra\u00eeche \u00e0 tes tenues, tout en t\u2019invitant \u00e0 semer tes intentions avec joie.<\/span><span><\/span><\/p>\n<ul>\n<li><span>Foulard en coton tout doux<\/span><\/li>\n<li><span>Imprim\u00e9 exclusif dessin\u00e9 par la cr\u00e9atrice Marion Chapuis<\/span><\/li>\n<li><span>Motif fleurs indiennes<\/span><\/li>\n<li><span>Se porte autour du cou, dans les cheveux ou sur les \u00e9paules<\/span><\/li>\n<li><span>Dimensions : 100 x 100 cm<\/span><\/li>\n<li>\n<span>Finition soign\u00e9e avec une couture fine<\/span>\n<\/li>\n<li><span>Lavage \u00e0 la main \u00e0 l&#8217;eau froide, ou sur programme d\u00e9licat 30\u00b0 &#8211; Essorage doux &#8211; Repassage doux sur l&#8217;envers &#8211; Pas de s\u00e8che-linge<\/span><\/li>\n<\/ul>\n<p><span> <strong>Symbolique :\u00a0plante chaque jour une intention, et la laisser fleurir en toi.<\/strong><br data-end=\"569\" data-start=\"566\"><em>Pens\u00e9 pour t\u2019encourager \u00e0 poser des gestes simples et joyeux, ce foulard t\u2019accompagne dans ta vie pleine d\u2019espoir et de confiance.<\/em><br data-end=\"702\" data-start=\"699\"><em>Un rappel lumineux que chaque petite action fait grandir tes r\u00eaves.<\/em><\/span><\/p>\n","protected":false},"excerpt":{"rendered":"<p>Collection Boulbar Lumineux et d\u00e9licat, cet imprim\u00e9 Fleurs Indiennes\u00a0ajoute une touche fra\u00eeche \u00e0 tes tenues, tout en t\u2019invitant \u00e0 semer tes intentions avec joie. Foulard en coton tout doux Imprim\u00e9 exclusif dessin\u00e9 par la cr\u00e9atrice Marion Chapuis Motif fleurs indiennes Se porte autour du cou, dans les cheveux ou sur les \u00e9paules Dimensions : 100 [&hellip;]<\/p>\n","protected":false},"featured_media":3603426,"comment_status":"open","ping_status":"closed","template":"","meta":[],"product_brand":[],"product_cat":[],"product_tag":[],"acf":[],"_links":{"self":[{"href":"https:\/\/streetmarkets.fr\/app\/wp-json\/wp\/v2\/product\/3603425"}],"collection":[{"href":"https:\/\/streetmarkets.fr\/app\/wp-json\/wp\/v2\/product"}],"about":[{"href":"https:\/\/streetmarkets.fr\/app\/wp-json\/wp\/v2\/types\/product"}],"replies":[{"embeddable":true,"href":"https:\/\/streetmarkets.fr\/app\/wp-json\/wp\/v2\/comments?post=3603425"}],"wp:featuredmedia":[{"embeddable":true,"href":"https:\/\/streetmarkets.fr\/app\/wp-json\/wp\/v2\/media\/3603426"}],"wp:attachment":[{"href":"https:\/\/streetmarkets.fr\/app\/wp-json\/wp\/v2\/media?parent=3603425"}],"wp:term":[{"taxonomy":"product_brand","embeddable":true,"href":"https:\/\/streetmarkets.fr\/app\/wp-json\/wp\/v2\/product_brand?post=3603425"},{"taxonomy":"product_cat","embeddable":true,"href":"https:\/\/streetmarkets.fr\/app\/wp-json\/wp\/v2\/product_cat?post=3603425"},{"taxonomy":"product_tag","embeddable":true,"href":"https:\/\/streetmarkets.fr\/app\/wp-json\/wp\/v2\/product_tag?post=3603425"}],"curies":[{"name":"wp","href":"https:\/\/api.w.org\/{rel}","templated":true}]}}