{"id":3603348,"date":"2026-02-14T00:19:59","date_gmt":"2026-02-13T23:19:59","guid":{"rendered":"https:\/\/streetmarkets.fr\/app\/produit\/bo-aava-twist\/"},"modified":"2026-05-09T01:16:37","modified_gmt":"2026-05-08T23:16:37","slug":"bo-aava-twist","status":"publish","type":"product","link":"https:\/\/streetmarkets.fr\/app\/produit\/bo-aava-twist\/","title":{"rendered":"BO Aava Twist"},"content":{"rendered":"<p><a href=\"\/collections\/judith-benita\" title=\"Collection Judith Benita\"><strong>Collection Judith Benita<\/strong><\/a><\/p>\n<div>\n<p class=\"p1\"><span>Franges mobiles, volumes souples, textures ondul\u00e9es : Aava est une invitation au mouvement, \u00e0 la l\u00e9g\u00e8ret\u00e9, \u00e0 l\u2019\u00e9lan int\u00e9rieur. Les lignes se plient, s\u2019enroulent ou s\u2019\u00e9tirent avec gr\u00e2ce, dans une chor\u00e9graphie silencieuse. Le laiton dor\u00e9 capte la lumi\u00e8re avec subtilit\u00e9, jouant avec les reflets.<\/span><\/p>\n<\/div>\n<ul><\/ul>\n<ul><\/ul>\n<ul>\n<li>Mat\u00e9riaux :\u00a0<span>laiton dor\u00e9 \u00e0 l&#8217;or fin recycl\u00e9 24 carats<\/span>\n<\/li>\n<li>Dimensions : longueur 8 cm\n<\/li>\n<li>Pens\u00e9es et fabriqu\u00e9es main \u00e0 Paris<\/li>\n<li>Livr\u00e9es dans leur packaging individuel \u00e9cologique<\/li>\n<li>Conseils d&#8217;entretien : \u00e9vitez le contact avec l&#8217;eau et le parfum afin que le bijou conserve son \u00e9clat.<\/li>\n<li>Les mati\u00e8res premi\u00e8res sont soigneusement s\u00e9lectionn\u00e9es et sans risques pour votre sant\u00e9 : elles ne contiennent ni plomb, ni nickel, ni cadmium, conform\u00e9ment \u00e0 la l\u00e9gislation.<\/li>\n<\/ul>\n<p>:: Bijou pens\u00e9 et fabriqu\u00e9 main \u00e0 Paris dans l&#8217;atelier de la cr\u00e9atrice ::<\/p>\n","protected":false},"excerpt":{"rendered":"<p>Collection Judith Benita Franges mobiles, volumes souples, textures ondul\u00e9es : Aava est une invitation au mouvement, \u00e0 la l\u00e9g\u00e8ret\u00e9, \u00e0 l\u2019\u00e9lan int\u00e9rieur. Les lignes se plient, s\u2019enroulent ou s\u2019\u00e9tirent avec gr\u00e2ce, dans une chor\u00e9graphie silencieuse. Le laiton dor\u00e9 capte la lumi\u00e8re avec subtilit\u00e9, jouant avec les reflets. Mat\u00e9riaux :\u00a0laiton dor\u00e9 \u00e0 l&#8217;or fin recycl\u00e9 24 [&hellip;]<\/p>\n","protected":false},"featured_media":3603349,"comment_status":"open","ping_status":"closed","template":"","meta":[],"product_brand":[],"product_cat":[],"product_tag":[],"acf":[],"_links":{"self":[{"href":"https:\/\/streetmarkets.fr\/app\/wp-json\/wp\/v2\/product\/3603348"}],"collection":[{"href":"https:\/\/streetmarkets.fr\/app\/wp-json\/wp\/v2\/product"}],"about":[{"href":"https:\/\/streetmarkets.fr\/app\/wp-json\/wp\/v2\/types\/product"}],"replies":[{"embeddable":true,"href":"https:\/\/streetmarkets.fr\/app\/wp-json\/wp\/v2\/comments?post=3603348"}],"wp:featuredmedia":[{"embeddable":true,"href":"https:\/\/streetmarkets.fr\/app\/wp-json\/wp\/v2\/media\/3603349"}],"wp:attachment":[{"href":"https:\/\/streetmarkets.fr\/app\/wp-json\/wp\/v2\/media?parent=3603348"}],"wp:term":[{"taxonomy":"product_brand","embeddable":true,"href":"https:\/\/streetmarkets.fr\/app\/wp-json\/wp\/v2\/product_brand?post=3603348"},{"taxonomy":"product_cat","embeddable":true,"href":"https:\/\/streetmarkets.fr\/app\/wp-json\/wp\/v2\/product_cat?post=3603348"},{"taxonomy":"product_tag","embeddable":true,"href":"https:\/\/streetmarkets.fr\/app\/wp-json\/wp\/v2\/product_tag?post=3603348"}],"curies":[{"name":"wp","href":"https:\/\/api.w.org\/{rel}","templated":true}]}}