{"id":3603314,"date":"2026-02-14T00:19:11","date_gmt":"2026-02-13T23:19:11","guid":{"rendered":"https:\/\/streetmarkets.fr\/app\/produit\/petit-carre-coton-leopards-marron\/"},"modified":"2026-05-09T01:16:05","modified_gmt":"2026-05-08T23:16:05","slug":"petit-carre-coton-leopards-marron","status":"publish","type":"product","link":"https:\/\/streetmarkets.fr\/app\/produit\/petit-carre-coton-leopards-marron\/","title":{"rendered":"Petit Carr\u00e9 Coton L\u00e9opards Marron"},"content":{"rendered":"<p><span style=\"text-decoration: underline\"><strong><a title=\"Collection Boulbar\" href=\"https:\/\/frenchtouche.com\/collections\/boulbar\">Collection Boulbar<\/a><\/strong><\/span><\/p>\n<p><span>Graphique et puissant, cet imprim\u00e9 L<em>\u00e9opards<\/em>\u00a0capture l\u2019\u00e9nergie d\u2019un regard ancr\u00e9 et assur\u00e9.<\/span><br data-end=\"280\" data-start=\"277\"><span>Un foulard pens\u00e9 pour sublimer vos tenues et vous reconnecter \u00e0 votre force int\u00e9rieure.<\/span><br \/><span><\/span><\/p>\n<ul>\n<li><span>Foulard en coton tout doux<\/span><\/li>\n<li><span>Imprim\u00e9 exclusif dessin\u00e9 par la cr\u00e9atrice Marion Chapuis<\/span><\/li>\n<li><span>Motif l\u00e9opards et fleurs indiennes<\/span><\/li>\n<li><span>Se porte autour du cou ou dans les cheveux<\/span><\/li>\n<li><span>Dimensions : 50 x 50 cm<\/span><\/li>\n<li>\n<span>Finition soign\u00e9e avec une couture fine<\/span>\n<\/li>\n<li><span>Lavage \u00e0 la main \u00e0 l&#8217;eau froide, ou sur programme d\u00e9licat 30\u00b0 &#8211; Essorage doux &#8211; Repassage doux sur l&#8217;envers &#8211; Pas de s\u00e8che-linge<\/span><\/li>\n<\/ul>\n<p><strong data-end=\"594\" data-start=\"515\">Symbolique : Pour te rappeler ta force, m\u00eame les jours o\u00f9 tu doutes.<\/strong><br data-end=\"597\" data-start=\"594\"><em>Dessin\u00e9e comme un talisman de confiance, cette pi\u00e8ce t\u2019invite \u00e0 marcher dans le monde avec assurance.<br \/><span>Un foulard \u00e0 porter comme un rappel discret : tu as en toi tout ce qu\u2019il faut pour avancer, rayonner, et croire en toi.<\/span><\/em><\/p>\n","protected":false},"excerpt":{"rendered":"<p>Collection Boulbar Graphique et puissant, cet imprim\u00e9 L\u00e9opards\u00a0capture l\u2019\u00e9nergie d\u2019un regard ancr\u00e9 et assur\u00e9.Un foulard pens\u00e9 pour sublimer vos tenues et vous reconnecter \u00e0 votre force int\u00e9rieure. Foulard en coton tout doux Imprim\u00e9 exclusif dessin\u00e9 par la cr\u00e9atrice Marion Chapuis Motif l\u00e9opards et fleurs indiennes Se porte autour du cou ou dans les cheveux Dimensions [&hellip;]<\/p>\n","protected":false},"featured_media":3603315,"comment_status":"open","ping_status":"closed","template":"","meta":[],"product_brand":[],"product_cat":[],"product_tag":[],"acf":[],"_links":{"self":[{"href":"https:\/\/streetmarkets.fr\/app\/wp-json\/wp\/v2\/product\/3603314"}],"collection":[{"href":"https:\/\/streetmarkets.fr\/app\/wp-json\/wp\/v2\/product"}],"about":[{"href":"https:\/\/streetmarkets.fr\/app\/wp-json\/wp\/v2\/types\/product"}],"replies":[{"embeddable":true,"href":"https:\/\/streetmarkets.fr\/app\/wp-json\/wp\/v2\/comments?post=3603314"}],"wp:featuredmedia":[{"embeddable":true,"href":"https:\/\/streetmarkets.fr\/app\/wp-json\/wp\/v2\/media\/3603315"}],"wp:attachment":[{"href":"https:\/\/streetmarkets.fr\/app\/wp-json\/wp\/v2\/media?parent=3603314"}],"wp:term":[{"taxonomy":"product_brand","embeddable":true,"href":"https:\/\/streetmarkets.fr\/app\/wp-json\/wp\/v2\/product_brand?post=3603314"},{"taxonomy":"product_cat","embeddable":true,"href":"https:\/\/streetmarkets.fr\/app\/wp-json\/wp\/v2\/product_cat?post=3603314"},{"taxonomy":"product_tag","embeddable":true,"href":"https:\/\/streetmarkets.fr\/app\/wp-json\/wp\/v2\/product_tag?post=3603314"}],"curies":[{"name":"wp","href":"https:\/\/api.w.org\/{rel}","templated":true}]}}