{"id":3596831,"date":"2026-02-13T00:57:45","date_gmt":"2026-02-12T23:57:45","guid":{"rendered":"https:\/\/streetmarkets.fr\/app\/produit\/pull-col-rond-s26-femme-navy\/"},"modified":"2026-05-12T01:54:23","modified_gmt":"2026-05-11T23:54:23","slug":"pull-col-rond-s26-femme-navy","status":"publish","type":"product","link":"https:\/\/streetmarkets.fr\/app\/produit\/pull-col-rond-s26-femme-navy\/","title":{"rendered":"Pull Col Rond (S26 \/ FEMME \/ Navy)"},"content":{"rendered":"<p>Confectionn\u00e9 en cachemire l\u00e9ger 2 fils, ce pull court s&#8217;impose comme un incontournable du vestiaire FROM FUTURE. Muni d&#8217;un col rond, de manches longues raglan et de bords c\u00f4tel\u00e9s, il s\u00e9duit par sa coupe soign\u00e9e. D\u00e9clin\u00e9 dans un colorama in\u00e9dit, compl\u00e9tez votre look avec votre denim pr\u00e9f\u00e9r\u00e9.<\/p>\n<p>&#8211; Pull court en cachemire l\u00e9ger 2 fils certifi\u00e9 GCS\u00ae Femme<br \/>\n<br \/>&#8211; Col rond<br \/>\n<br \/>&#8211; Manches longues raglan<br \/>\n<br \/>&#8211; Bords c\u00f4tel\u00e9s<br \/>\n<br \/>&#8211; Coupe regular<br \/>\n<br \/>&#8211; Le Good Cashmere Standard\u00ae (GCS) est une norme ind\u00e9pendante pour un cachemire plus durable et plus responsable. Il vise \u00e0 am\u00e9liorer le bien-\u00eatre des ch\u00e8vres cachemire, les conditions de travail des \u00e9leveurs ainsi qu&#8217;\u00e0 prot\u00e9ger l&#8217;environnement.<\/p>\n","protected":false},"excerpt":{"rendered":"<p>Confectionn\u00e9 en cachemire l\u00e9ger 2 fils, ce pull court s&#8217;impose comme un incontournable du vestiaire FROM FUTURE. Muni d&#8217;un col rond, de manches longues raglan et de bords c\u00f4tel\u00e9s, il s\u00e9duit par sa coupe soign\u00e9e. D\u00e9clin\u00e9 dans un colorama in\u00e9dit, compl\u00e9tez votre look avec votre denim pr\u00e9f\u00e9r\u00e9. &#8211; Pull court en cachemire l\u00e9ger 2 fils [&hellip;]<\/p>\n","protected":false},"featured_media":3596832,"comment_status":"open","ping_status":"closed","template":"","meta":[],"product_brand":[6868],"product_cat":[],"product_tag":[],"acf":[],"_links":{"self":[{"href":"https:\/\/streetmarkets.fr\/app\/wp-json\/wp\/v2\/product\/3596831"}],"collection":[{"href":"https:\/\/streetmarkets.fr\/app\/wp-json\/wp\/v2\/product"}],"about":[{"href":"https:\/\/streetmarkets.fr\/app\/wp-json\/wp\/v2\/types\/product"}],"replies":[{"embeddable":true,"href":"https:\/\/streetmarkets.fr\/app\/wp-json\/wp\/v2\/comments?post=3596831"}],"wp:featuredmedia":[{"embeddable":true,"href":"https:\/\/streetmarkets.fr\/app\/wp-json\/wp\/v2\/media\/3596832"}],"wp:attachment":[{"href":"https:\/\/streetmarkets.fr\/app\/wp-json\/wp\/v2\/media?parent=3596831"}],"wp:term":[{"taxonomy":"product_brand","embeddable":true,"href":"https:\/\/streetmarkets.fr\/app\/wp-json\/wp\/v2\/product_brand?post=3596831"},{"taxonomy":"product_cat","embeddable":true,"href":"https:\/\/streetmarkets.fr\/app\/wp-json\/wp\/v2\/product_cat?post=3596831"},{"taxonomy":"product_tag","embeddable":true,"href":"https:\/\/streetmarkets.fr\/app\/wp-json\/wp\/v2\/product_tag?post=3596831"}],"curies":[{"name":"wp","href":"https:\/\/api.w.org\/{rel}","templated":true}]}}