{"id":3595059,"date":"2026-02-12T02:34:19","date_gmt":"2026-02-12T01:34:19","guid":{"rendered":"https:\/\/streetmarkets.fr\/app\/produit\/dita-r01\/"},"modified":"2026-05-14T03:33:54","modified_gmt":"2026-05-14T01:33:54","slug":"dita-r01","status":"publish","type":"product","link":"https:\/\/streetmarkets.fr\/app\/produit\/dita-r01\/","title":{"rendered":"DITA &#8211; R01"},"content":{"rendered":"<p class=\"description_avant_accordeon\">D\u00e9couvrez l&#8217;\u00e9l\u00e9gance intemporelle avec ces lunettes vintage Dita des ann\u00e9es 1990, fabriqu\u00e9es au Japon. Cette monture nylor en ac\u00e9tate rouge est particuli\u00e8rement l\u00e9g\u00e8re et assure donc un confort optimal, tandis que les verres gris d\u00e9grad\u00e9s apportent une touche sophistiqu\u00e9e tout en prot\u00e9geant vos yeux. Un accessoire unique qui allie style r\u00e9tro et qualit\u00e9 exceptionnelle.\u00a0<\/p>\n<div id=\"accordion\">\n<div class=\"card\" style=\"border-top: 1px solid #d3d3d3;border-left: none;border-right: none;border-bottom: 1px solid #d3d3d3\">\n<button style=\"color: black;background-color: initial;box-shadow: none;font-size: 20px;text-transform: uppercase;border: none\" class=\"card-header collapsed card-link\" data-toggle=\"collapse\" data-target=\"#collapseOne\"> <b class=\"header-title float-left\" style=\"font-family: Oswald;font-size: 15px;font-style: normal;font-variant: normal;font-weight: 400;line-height: 18.2px;text-align: justify;color: #766456;letter-spacing: 1px\"> Description d\u00e9taill\u00e9e <\/b> <i class=\"fas fa-angle-right float-right\" style=\"position: absolute;right: 10px;color: #766456\"><\/i> <\/button><\/p>\n<div id=\"collapseOne\" class=\"collapse\">\n<div class=\"card-body\">\n<p style=\"margin-bottom: -3px\"><b><br \/>Marque :\u00a0<\/b>Dita<b><br \/>Ann\u00e9e :\u00a0<\/b>1990<\/p>\n<p style=\"margin-bottom: -3px\"><b>Forme : <\/b>Carr\u00e9<\/p>\n<p style=\"margin-bottom: -3px\"><b>Couleur :<\/b> Rouge bordeaux\u00a0<\/p>\n<p style=\"margin-bottom: -3px\"><b>Mat\u00e9riaux :<\/b> Ac\u00e9tate\u00a0<\/p>\n<p style=\"margin-bottom: -3px\"><b>Verres :<\/b> Gris\u00a0<\/p>\n<p style=\"margin-bottom: -15px\"><b>Fabrication :<\/b> Japon<\/p>\n<p><\/p>\n<p style=\"margin-bottom: -5px\"><b>Etat : <\/b>Tr\u00e8s bon \u00e9tat<b>\u00a0<\/b><\/p>\n<p><\/p>\n<p style=\"margin-bottom: -5px;font-style: italic\">Toutes nos lunettes passent entre les mains de nos opticiens, qui r\u00e9habilitent et ajustent les montures pour un confort optimal.<\/p>\n<\/div>\n<\/div>\n<\/div>\n<div style=\"border: none;border-bottom: 1px solid #d3d3d3\" class=\"card\">\n<button data-target=\"#collapseTwo\" data-toggle=\"collapse\" class=\"card-header collapsed card-link\" style=\"color: black;background-color: initial;box-shadow: none;font-size: 20px;text-transform: uppercase;border: none\"> <b style=\"font-family: Oswald;font-size: 15px;font-style: normal;font-variant: normal;font-weight: 400;line-height: 18.2px;text-align: justify;color: #766456;letter-spacing: 1px\" class=\"header-title float-left\"> Lunettes filtre lumi\u00e8re bleue <\/b> <i style=\"position: absolute;right: 10px;color: #766456\" class=\"fas fa-angle-right float-right\"><\/i> <\/button><\/p>\n<div class=\"collapse\" id=\"collapseTwo\">\n<div style=\"margin-top: -10px\" class=\"card-body\">\n<p>\u00a0<\/p>\n<p>Nos lunettes \u00ab filtre lumi\u00e8re bleue \u00bb sont \u00e9quip\u00e9es de verres sans correction Crizal Prevencia du verrier fran\u00e7ais ESSILOR.<\/p>\n<p>Ces verres assurent une protection \u00e0 vos yeux contre une partie de la lumi\u00e8re bleue nocive (\u00e9crans, led) et des rayons UV.<\/p>\n<p>Ils vous apporteront plus de confort et de bien \u00eatre au quotidien, car ils laissent passer la lumi\u00e8re essentielle et sont r\u00e9sistants aux rayures et salissures. Pour en savoir plus sur la lumi\u00e8re bleue <a href=\"https:\/\/seconde-vue.com\/blogs\/edito-seconde-vue\/la-lumiere-bleue-limpact-sur-nos-yeux-1\"> cliquez ici<\/a><\/p>\n<\/div>\n<\/div>\n<\/div>\n<div class=\"card\" style=\"border: none;border-bottom: 1px solid #d3d3d3\">\n<button style=\"color: black;background-color: initial;box-shadow: none;font-size: 20px;text-transform: uppercase;border: none\" class=\"card-header collapsed card-link\" data-toggle=\"collapse\" data-target=\"#collapseThree\"> <b class=\"header-title float-left\" style=\"font-family: Oswald;font-size: 15px;font-style: normal;font-variant: normal;font-weight: 400;line-height: 18.2px;text-align: justify;color: #766456;letter-spacing: 1px\"> Guide des tailles<\/b> <i class=\"fas fa-angle-right float-right\" style=\"position: absolute;right: 10px;color: #766456\"><\/i> <\/button><\/p>\n<div id=\"collapseThree\" class=\"collapse\">\n<div class=\"card-body\">\n<img decoding=\"async\" src=\"https:\/\/cdn.shopify.com\/s\/files\/1\/0602\/6009\/0089\/files\/mesurerectanglePNG.png?v=1636987570\" border=\"0\"> <\/p>\n<p class=\"guide_des_tailles\"><b>A <\/b> &#8211; Face : 130 mm\u00a0<br \/><b>B <\/b>\u00a0&#8211; Pont\/Nez : 15 mm <br \/><b>C <\/b>\u00a0&#8211; Calibre : 30 mm<\/p>\n<\/div>\n<\/div>\n<\/div>\n<div class=\"card\" style=\"border: none;border-bottom: 1px solid #d3d3d3\">\n<button style=\"color: black;background-color: initial;box-shadow: none;font-size: 20px;text-transform: uppercase;border: none\" class=\"card-header collapsed card-link\" data-toggle=\"collapse\" data-target=\"#collapseFour\"> <b class=\"header-title float-left\" style=\"font-family: Oswald;font-size: 15px;font-style: normal;font-variant: normal;font-weight: 400;line-height: 18.2px;text-align: justify;color: #766456;letter-spacing: 1px\"> Entretien <\/b> <i class=\"fas fa-angle-right float-right\" style=\"position: absolute;right: 10px;color: #766456\"><\/i> <\/button><\/p>\n<div id=\"collapseFour\" class=\"collapse\">\n<div class=\"card-body\">\n<p class=\"entretiens\">\u00a0<\/p>\n<p class=\"entretiens\">&#8211; Nettoyez vos lunettes avec de l&#8217;eau froide (jamais chaude) et du savon liquide et essuyez les avec une microfibre.<\/p>\n<p class=\"entretiens\">&#8211; Rangez vos lunettes dans leur \u00e9tui et ne jamais les poser sur les verres.<\/p>\n<p class=\"derniers_entretiens\">&#8211; Ne laissez jamais vos lunettes pr\u00e8s d&#8217;une source de chaleur<\/p>\n<\/div>\n<\/div>\n<\/div>\n<div style=\"border: none;border-bottom: 1px solid #d3d3d3\" class=\"card\">\n<button data-target=\"#collapseFive\" data-toggle=\"collapse\" class=\"card-header collapsed card-link\" style=\"color: black;background-color: initial;box-shadow: none;font-size: 20px;text-transform: uppercase;border: none\"> <b style=\"font-family: Oswald;font-size: 15px;font-style: normal;font-variant: normal;font-weight: 400;line-height: 18.2px;text-align: justify;color: #766456;letter-spacing: 1px\" class=\"header-title float-left\"> Garanties <\/b> <i style=\"position: absolute;right: 10px;color: #766456\" class=\"fas fa-angle-right float-right\"><\/i> <\/button><\/p>\n<div class=\"collapse\" id=\"collapseFive\">\n<div style=\"margin-top: -10px\" class=\"card-body\">\n<p>Nos montures lumi\u00e8re bleu sont garanties 1 an (\u00e0 partir de la date d&#8217;achat) : pi\u00e8ce et main d&#8217;oeuvre, avec remplacement du mod\u00e8le \u00e0 l&#8217;identique (en fonction des stocks disponibles).<\/p>\n<p>\u00c0 savoir Cette garantie ne couvre pas : les casses, les vols, les d\u00e9gradations volontaires, les usures normales et les rayures sur verres.<\/p>\n<p style=\"margin-bottom: -5px\">Les verres de vue ne sont quant \u00e0 eux pas garantis, car faits sur-mesure.<\/p>\n<\/div>\n<\/div>\n<\/div>\n<\/div>\n<p style=\"font-style: italic;margin-top: 10px\">Chaque paire est livr\u00e9e dans son \u00e9tui Seconde Vue fabriqu\u00e9 en Italie\u00a0<br \/>\n\t\t\t\t$(&#8216;.card-header&#8217;).click(function() {<br \/>\n\t\t\t\t\t$(this).find(&#8216;i&#8217;).toggleClass(&#8216;fas fa-angle-right fas fa-angle-down&#8217;);<br \/>\n\t\t\t\t});\n\t\t\t<\/p>\n","protected":false},"excerpt":{"rendered":"<p>D\u00e9couvrez l&#8217;\u00e9l\u00e9gance intemporelle avec ces lunettes vintage Dita des ann\u00e9es 1990, fabriqu\u00e9es au Japon. Cette monture nylor en ac\u00e9tate rouge est particuli\u00e8rement l\u00e9g\u00e8re et assure donc un confort optimal, tandis que les verres gris d\u00e9grad\u00e9s apportent une touche sophistiqu\u00e9e tout en prot\u00e9geant vos yeux. Un accessoire unique qui allie style r\u00e9tro et qualit\u00e9 exceptionnelle.\u00a0 Description [&hellip;]<\/p>\n","protected":false},"featured_media":3595060,"comment_status":"open","ping_status":"closed","template":"","meta":[],"product_brand":[],"product_cat":[],"product_tag":[],"acf":[],"_links":{"self":[{"href":"https:\/\/streetmarkets.fr\/app\/wp-json\/wp\/v2\/product\/3595059"}],"collection":[{"href":"https:\/\/streetmarkets.fr\/app\/wp-json\/wp\/v2\/product"}],"about":[{"href":"https:\/\/streetmarkets.fr\/app\/wp-json\/wp\/v2\/types\/product"}],"replies":[{"embeddable":true,"href":"https:\/\/streetmarkets.fr\/app\/wp-json\/wp\/v2\/comments?post=3595059"}],"wp:featuredmedia":[{"embeddable":true,"href":"https:\/\/streetmarkets.fr\/app\/wp-json\/wp\/v2\/media\/3595060"}],"wp:attachment":[{"href":"https:\/\/streetmarkets.fr\/app\/wp-json\/wp\/v2\/media?parent=3595059"}],"wp:term":[{"taxonomy":"product_brand","embeddable":true,"href":"https:\/\/streetmarkets.fr\/app\/wp-json\/wp\/v2\/product_brand?post=3595059"},{"taxonomy":"product_cat","embeddable":true,"href":"https:\/\/streetmarkets.fr\/app\/wp-json\/wp\/v2\/product_cat?post=3595059"},{"taxonomy":"product_tag","embeddable":true,"href":"https:\/\/streetmarkets.fr\/app\/wp-json\/wp\/v2\/product_tag?post=3595059"}],"curies":[{"name":"wp","href":"https:\/\/api.w.org\/{rel}","templated":true}]}}