{"id":3594414,"date":"2026-02-11T02:05:27","date_gmt":"2026-02-11T01:05:27","guid":{"rendered":"https:\/\/streetmarkets.fr\/app\/produit\/sweatshirt-decontracte-fella-261-w-combo-b\/"},"modified":"2026-05-09T02:47:22","modified_gmt":"2026-05-09T00:47:22","slug":"sweatshirt-decontracte-fella-261-w-combo-b","status":"publish","type":"product","link":"https:\/\/streetmarkets.fr\/app\/produit\/sweatshirt-decontracte-fella-261-w-combo-b\/","title":{"rendered":"Sweatshirt d\u00e9contract\u00e9 Fella (261 \/ W \/ COMBO B)"},"content":{"rendered":"<p>Sweatshirt d\u00e9contract\u00e9 \u00e0 col rond en molleton de coton \u00e9cru mouchet\u00e9.<\/p>\n<ul>\n<li>Coupe d\u00e9contract\u00e9e<\/li>\n<li>Manches raglan<\/li>\n<li>Encolure ronde<\/li>\n<li>Bords-c\u00f4tes<\/li>\n<li>Broderie \u00ab bb \u00bb rose pr\u00e8s de l&#8217;ourlet<\/li>\n<\/ul>\n","protected":false},"excerpt":{"rendered":"<p>Sweatshirt d\u00e9contract\u00e9 \u00e0 col rond en molleton de coton \u00e9cru mouchet\u00e9. Coupe d\u00e9contract\u00e9e Manches raglan Encolure ronde Bords-c\u00f4tes Broderie \u00ab bb \u00bb rose pr\u00e8s de l&#8217;ourlet<\/p>\n","protected":false},"featured_media":4106660,"comment_status":"open","ping_status":"closed","template":"","meta":[],"product_brand":[2529],"product_cat":[],"product_tag":[],"acf":[],"_links":{"self":[{"href":"https:\/\/streetmarkets.fr\/app\/wp-json\/wp\/v2\/product\/3594414"}],"collection":[{"href":"https:\/\/streetmarkets.fr\/app\/wp-json\/wp\/v2\/product"}],"about":[{"href":"https:\/\/streetmarkets.fr\/app\/wp-json\/wp\/v2\/types\/product"}],"replies":[{"embeddable":true,"href":"https:\/\/streetmarkets.fr\/app\/wp-json\/wp\/v2\/comments?post=3594414"}],"wp:featuredmedia":[{"embeddable":true,"href":"https:\/\/streetmarkets.fr\/app\/wp-json\/wp\/v2\/media\/4106660"}],"wp:attachment":[{"href":"https:\/\/streetmarkets.fr\/app\/wp-json\/wp\/v2\/media?parent=3594414"}],"wp:term":[{"taxonomy":"product_brand","embeddable":true,"href":"https:\/\/streetmarkets.fr\/app\/wp-json\/wp\/v2\/product_brand?post=3594414"},{"taxonomy":"product_cat","embeddable":true,"href":"https:\/\/streetmarkets.fr\/app\/wp-json\/wp\/v2\/product_cat?post=3594414"},{"taxonomy":"product_tag","embeddable":true,"href":"https:\/\/streetmarkets.fr\/app\/wp-json\/wp\/v2\/product_tag?post=3594414"}],"curies":[{"name":"wp","href":"https:\/\/api.w.org\/{rel}","templated":true}]}}