{"id":3594391,"date":"2026-02-11T02:05:25","date_gmt":"2026-02-11T01:05:25","guid":{"rendered":"https:\/\/streetmarkets.fr\/app\/produit\/pull-col-rond-angum-261-w-botanica\/"},"modified":"2026-05-06T02:37:47","modified_gmt":"2026-05-06T00:37:47","slug":"pull-col-rond-angum-261-w-botanica","status":"publish","type":"product","link":"https:\/\/streetmarkets.fr\/app\/produit\/pull-col-rond-angum-261-w-botanica\/","title":{"rendered":"Pantalon classique Pillow (261 \/ W \/ THYM)"},"content":{"rendered":"<p>Pantalon classique \u00e0 jambes droites et taille \u00e9lastiqu\u00e9e \u00e0 l&#8217;arri\u00e8re, en popeline de coton et lin kaki.<\/p>\n<ul>\n<li>Coupe classique<\/li>\n<li>Jambes droites<\/li>\n<li>Taille \u00e9lastiqu\u00e9e \u00e0 l&#8217;arri\u00e8re<\/li>\n<li>Non extensible<\/li>\n<li>Poche sur la couture lat\u00e9rale<\/li>\n<li>Poches passepoil\u00e9es boutonn\u00e9es \u00e0 l&#8217;arri\u00e8re<\/li>\n<li>Fermeture \u00e0 glissi\u00e8re<\/li>\n<\/ul>\n","protected":false},"excerpt":{"rendered":"<p>Pantalon classique \u00e0 jambes droites et taille \u00e9lastiqu\u00e9e \u00e0 l&#8217;arri\u00e8re, en popeline de coton et lin kaki. Coupe classique Jambes droites Taille \u00e9lastiqu\u00e9e \u00e0 l&#8217;arri\u00e8re Non extensible Poche sur la couture lat\u00e9rale Poches passepoil\u00e9es boutonn\u00e9es \u00e0 l&#8217;arri\u00e8re Fermeture \u00e0 glissi\u00e8re<\/p>\n","protected":false},"featured_media":4089892,"comment_status":"open","ping_status":"closed","template":"","meta":[],"product_brand":[2529],"product_cat":[],"product_tag":[],"acf":[],"_links":{"self":[{"href":"https:\/\/streetmarkets.fr\/app\/wp-json\/wp\/v2\/product\/3594391"}],"collection":[{"href":"https:\/\/streetmarkets.fr\/app\/wp-json\/wp\/v2\/product"}],"about":[{"href":"https:\/\/streetmarkets.fr\/app\/wp-json\/wp\/v2\/types\/product"}],"replies":[{"embeddable":true,"href":"https:\/\/streetmarkets.fr\/app\/wp-json\/wp\/v2\/comments?post=3594391"}],"wp:featuredmedia":[{"embeddable":true,"href":"https:\/\/streetmarkets.fr\/app\/wp-json\/wp\/v2\/media\/4089892"}],"wp:attachment":[{"href":"https:\/\/streetmarkets.fr\/app\/wp-json\/wp\/v2\/media?parent=3594391"}],"wp:term":[{"taxonomy":"product_brand","embeddable":true,"href":"https:\/\/streetmarkets.fr\/app\/wp-json\/wp\/v2\/product_brand?post=3594391"},{"taxonomy":"product_cat","embeddable":true,"href":"https:\/\/streetmarkets.fr\/app\/wp-json\/wp\/v2\/product_cat?post=3594391"},{"taxonomy":"product_tag","embeddable":true,"href":"https:\/\/streetmarkets.fr\/app\/wp-json\/wp\/v2\/product_tag?post=3594391"}],"curies":[{"name":"wp","href":"https:\/\/api.w.org\/{rel}","templated":true}]}}