{"id":3594335,"date":"2026-02-11T02:05:19","date_gmt":"2026-02-11T01:05:19","guid":{"rendered":"https:\/\/streetmarkets.fr\/app\/produit\/grand-sac-a-main-hommie-261-w-check-a\/"},"modified":"2026-05-13T02:38:01","modified_gmt":"2026-05-13T00:38:01","slug":"grand-sac-a-main-hommie-261-w-check-a","status":"publish","type":"product","link":"https:\/\/streetmarkets.fr\/app\/produit\/grand-sac-a-main-hommie-261-w-check-a\/","title":{"rendered":"Grand sac \u00e0 main Hommie (261 \/ W \/ CHECK A)"},"content":{"rendered":"<p>Grand sac \u00e0 main avec double fermeture et poign\u00e9es, en polypropyl\u00e8ne gaufr\u00e9 \u00e0 carreaux bleus et blancs.<\/p>\n<ul>\n<li>Grand compartiment principal<\/li>\n<li>2 jeux de poign\u00e9es (courtes pour porter \u00e0 la main et longues pour porter \u00e0 l&#8217;\u00e9paule)<\/li>\n<li>Doublure en simili cuir blanc avec poche int\u00e9rieure zipp\u00e9e en ripstop argent\u00e9<\/li>\n<li>Dimensions : 40 x 60 x 44 cm<\/li>\n<li>Longueur des poign\u00e9es courtes : 35 cm<\/li>\n<li>Longueur des poign\u00e9es longues : 65 cm<\/li>\n<\/ul>\n","protected":false},"excerpt":{"rendered":"<p>Grand sac \u00e0 main avec double fermeture et poign\u00e9es, en polypropyl\u00e8ne gaufr\u00e9 \u00e0 carreaux bleus et blancs. Grand compartiment principal 2 jeux de poign\u00e9es (courtes pour porter \u00e0 la main et longues pour porter \u00e0 l&#8217;\u00e9paule) Doublure en simili cuir blanc avec poche int\u00e9rieure zipp\u00e9e en ripstop argent\u00e9 Dimensions : 40 x 60 x 44 [&hellip;]<\/p>\n","protected":false},"featured_media":4128813,"comment_status":"open","ping_status":"closed","template":"","meta":[],"product_brand":[2529],"product_cat":[],"product_tag":[],"acf":[],"_links":{"self":[{"href":"https:\/\/streetmarkets.fr\/app\/wp-json\/wp\/v2\/product\/3594335"}],"collection":[{"href":"https:\/\/streetmarkets.fr\/app\/wp-json\/wp\/v2\/product"}],"about":[{"href":"https:\/\/streetmarkets.fr\/app\/wp-json\/wp\/v2\/types\/product"}],"replies":[{"embeddable":true,"href":"https:\/\/streetmarkets.fr\/app\/wp-json\/wp\/v2\/comments?post=3594335"}],"wp:featuredmedia":[{"embeddable":true,"href":"https:\/\/streetmarkets.fr\/app\/wp-json\/wp\/v2\/media\/4128813"}],"wp:attachment":[{"href":"https:\/\/streetmarkets.fr\/app\/wp-json\/wp\/v2\/media?parent=3594335"}],"wp:term":[{"taxonomy":"product_brand","embeddable":true,"href":"https:\/\/streetmarkets.fr\/app\/wp-json\/wp\/v2\/product_brand?post=3594335"},{"taxonomy":"product_cat","embeddable":true,"href":"https:\/\/streetmarkets.fr\/app\/wp-json\/wp\/v2\/product_cat?post=3594335"},{"taxonomy":"product_tag","embeddable":true,"href":"https:\/\/streetmarkets.fr\/app\/wp-json\/wp\/v2\/product_tag?post=3594335"}],"curies":[{"name":"wp","href":"https:\/\/api.w.org\/{rel}","templated":true}]}}