{"id":3594305,"date":"2026-02-11T02:05:17","date_gmt":"2026-02-11T01:05:17","guid":{"rendered":"https:\/\/streetmarkets.fr\/app\/produit\/chaussettes-courtes-volkay-261-w-oyster\/"},"modified":"2026-05-12T02:38:17","modified_gmt":"2026-05-12T00:38:17","slug":"chaussettes-courtes-volkay-261-w-oyster","status":"publish","type":"product","link":"https:\/\/streetmarkets.fr\/app\/produit\/chaussettes-courtes-volkay-261-w-oyster\/","title":{"rendered":"Chaussettes courtes Volkay (261 \/ W \/ OYSTER)"},"content":{"rendered":"<p>Chaussettes courtes c\u00f4tel\u00e9es, couleur gris hu\u00eetre, avec bords-c\u00f4tes noirs et inscription brillante \u00ab Depuis l&#8217;\u00e9t\u00e9 1989 \u00bb.<\/p>\n<ul>\n<li>Longueur cheville<\/li>\n<li>Blanc avec bords-c\u00f4tes jaune fluo<\/li>\n<li>Logo Bellerose brillant sur le dessus du pied<\/li>\n<li>Texte \u00ab Depuis l&#8217;\u00e9t\u00e9 1989 \u00bb brillant sur les bords<\/li>\n<li>Texture c\u00f4tel\u00e9e mi-\u00e9paisse<\/li>\n<\/ul>\n","protected":false},"excerpt":{"rendered":"<p>Chaussettes courtes c\u00f4tel\u00e9es, couleur gris hu\u00eetre, avec bords-c\u00f4tes noirs et inscription brillante \u00ab Depuis l&#8217;\u00e9t\u00e9 1989 \u00bb. Longueur cheville Blanc avec bords-c\u00f4tes jaune fluo Logo Bellerose brillant sur le dessus du pied Texte \u00ab Depuis l&#8217;\u00e9t\u00e9 1989 \u00bb brillant sur les bords Texture c\u00f4tel\u00e9e mi-\u00e9paisse<\/p>\n","protected":false},"featured_media":4122425,"comment_status":"open","ping_status":"closed","template":"","meta":[],"product_brand":[2529],"product_cat":[],"product_tag":[],"acf":[],"_links":{"self":[{"href":"https:\/\/streetmarkets.fr\/app\/wp-json\/wp\/v2\/product\/3594305"}],"collection":[{"href":"https:\/\/streetmarkets.fr\/app\/wp-json\/wp\/v2\/product"}],"about":[{"href":"https:\/\/streetmarkets.fr\/app\/wp-json\/wp\/v2\/types\/product"}],"replies":[{"embeddable":true,"href":"https:\/\/streetmarkets.fr\/app\/wp-json\/wp\/v2\/comments?post=3594305"}],"wp:featuredmedia":[{"embeddable":true,"href":"https:\/\/streetmarkets.fr\/app\/wp-json\/wp\/v2\/media\/4122425"}],"wp:attachment":[{"href":"https:\/\/streetmarkets.fr\/app\/wp-json\/wp\/v2\/media?parent=3594305"}],"wp:term":[{"taxonomy":"product_brand","embeddable":true,"href":"https:\/\/streetmarkets.fr\/app\/wp-json\/wp\/v2\/product_brand?post=3594305"},{"taxonomy":"product_cat","embeddable":true,"href":"https:\/\/streetmarkets.fr\/app\/wp-json\/wp\/v2\/product_cat?post=3594305"},{"taxonomy":"product_tag","embeddable":true,"href":"https:\/\/streetmarkets.fr\/app\/wp-json\/wp\/v2\/product_tag?post=3594305"}],"curies":[{"name":"wp","href":"https:\/\/api.w.org\/{rel}","templated":true}]}}