{"id":3588469,"date":"2026-02-11T00:45:36","date_gmt":"2026-02-10T23:45:36","guid":{"rendered":"https:\/\/streetmarkets.fr\/app\/produit\/chaussettes-imprime-floral-fond-bleu-en-coton-bio\/"},"modified":"2026-05-06T01:44:47","modified_gmt":"2026-05-05T23:44:47","slug":"chaussettes-imprime-floral-fond-bleu-en-coton-bio","status":"publish","type":"product","link":"https:\/\/streetmarkets.fr\/app\/produit\/chaussettes-imprime-floral-fond-bleu-en-coton-bio\/","title":{"rendered":"Chaussettes imprim\u00e9 floral fond bleu en coton bio"},"content":{"rendered":"<ul data-mce-fragment=\"1\">\n<li data-mce-fragment=\"1\">chaussettes femmes<\/li>\n<li data-mce-fragment=\"1\">59,3%\u00a0<strong data-mce-fragment=\"1\">coton bio\u00a0<\/strong><span data-mce-fragment=\"1\">, 31,2<\/span><span data-mce-fragment=\"1\">% polyester\u00a0<\/span><strong data-mce-fragment=\"1\">recycl\u00e9 <\/strong>(certifi\u00e9<strong data-mce-fragment=\"1\"><span data-mce-fragment=\"1\">\u00a0Global Recycled Standard<\/span><\/strong>)\u00a0, 6% nylon <strong>recycl\u00e9,<\/strong> 5% \u00e9lasthanne<\/li>\n<li data-mce-fragment=\"1\">motif floral n\u00e9nuphar ou lotus (?)<\/li>\n<li data-mce-fragment=\"1\">tr\u00e8s confortables<\/li>\n<li data-mce-fragment=\"1\">taille<span data-mce-fragment=\"1\">\u00a0<\/span><strong data-mce-fragment=\"1\">unique<\/strong>\u00a036\/40<\/li>\n<li data-mce-fragment=\"1\">marque<span data-mce-fragment=\"1\">\u00a0<\/span><strong data-mce-fragment=\"1\">Thought<\/strong>\n<\/li>\n<li data-mce-fragment=\"1\">\n<strong data-mce-fragment=\"1\">best-seller<\/strong><span data-mce-fragment=\"1\">\u00a0<\/span>de la marque<\/li>\n<\/ul>\n","protected":false},"excerpt":{"rendered":"<p>chaussettes femmes 59,3%\u00a0coton bio\u00a0, 31,2% polyester\u00a0recycl\u00e9 (certifi\u00e9\u00a0Global Recycled Standard)\u00a0, 6% nylon recycl\u00e9, 5% \u00e9lasthanne motif floral n\u00e9nuphar ou lotus (?) tr\u00e8s confortables taille\u00a0unique\u00a036\/40 marque\u00a0Thought best-seller\u00a0de la marque<\/p>\n","protected":false},"featured_media":3588470,"comment_status":"open","ping_status":"closed","template":"","meta":[],"product_brand":[],"product_cat":[],"product_tag":[],"acf":[],"_links":{"self":[{"href":"https:\/\/streetmarkets.fr\/app\/wp-json\/wp\/v2\/product\/3588469"}],"collection":[{"href":"https:\/\/streetmarkets.fr\/app\/wp-json\/wp\/v2\/product"}],"about":[{"href":"https:\/\/streetmarkets.fr\/app\/wp-json\/wp\/v2\/types\/product"}],"replies":[{"embeddable":true,"href":"https:\/\/streetmarkets.fr\/app\/wp-json\/wp\/v2\/comments?post=3588469"}],"wp:featuredmedia":[{"embeddable":true,"href":"https:\/\/streetmarkets.fr\/app\/wp-json\/wp\/v2\/media\/3588470"}],"wp:attachment":[{"href":"https:\/\/streetmarkets.fr\/app\/wp-json\/wp\/v2\/media?parent=3588469"}],"wp:term":[{"taxonomy":"product_brand","embeddable":true,"href":"https:\/\/streetmarkets.fr\/app\/wp-json\/wp\/v2\/product_brand?post=3588469"},{"taxonomy":"product_cat","embeddable":true,"href":"https:\/\/streetmarkets.fr\/app\/wp-json\/wp\/v2\/product_cat?post=3588469"},{"taxonomy":"product_tag","embeddable":true,"href":"https:\/\/streetmarkets.fr\/app\/wp-json\/wp\/v2\/product_tag?post=3588469"}],"curies":[{"name":"wp","href":"https:\/\/api.w.org\/{rel}","templated":true}]}}