{"id":3588205,"date":"2026-02-11T00:21:04","date_gmt":"2026-02-10T23:21:04","guid":{"rendered":"https:\/\/streetmarkets.fr\/app\/produit\/planche-a-broder-fruits\/"},"modified":"2026-05-09T01:17:42","modified_gmt":"2026-05-08T23:17:42","slug":"planche-a-broder-fruits","status":"publish","type":"product","link":"https:\/\/streetmarkets.fr\/app\/produit\/planche-a-broder-fruits\/","title":{"rendered":"Planche \u00e0 Broder &#8211; Fruits"},"content":{"rendered":"<p><strong><a href=\"https:\/\/frenchtouche.com\/collections\/fukuri\" title=\"Collection Fukuri\">Collection Fukuri<\/a><a title=\"Collection Macon &amp; Lesquoy\" href=\"\/collections\/macon-lesquoy\"><\/a><\/strong><\/p>\n<p><span>Cette planche \u00e0 broder te permet de personnaliser<\/span><span>,<\/span><span>\u00a0upclycler ou r\u00e9parer\u00a0<\/span><span>v\u00eatements ou accessoires. Elle est accessible aux d\u00e9butants en broderie.<\/span><\/p>\n<p>Le sachet contient :<\/p>\n<ul>\n<li><span>Une feuille hydrosoluble autocollante avec le motif imprim\u00e9. Tu brodes dessus.<\/span><\/li>\n<li>Une carte avec les instructions\n<\/li>\n<li>Packaging : sachet transparent PLA compostable<\/li>\n<li>Kit fabriqu\u00e9 int\u00e9gralement en France<\/li>\n<li style=\"font-weight: bold\"><strong>FILS ET AIGUILLE NON FOURNIS<\/strong><\/li>\n<\/ul>\n<p>Niveau de difficult\u00e9 : franchement \u00e7a passe, c&#8217;est fait pour apprendre la broderie aux d\u00e9butants.<\/p>\n<p>M\u00eame si tu n\u2019as jamais touch\u00e9 d\u2019aiguille \u00e7a va le faire. Il y a une notice avec les instructions dans le kit et l\u2019acc\u00e8s \u00e0 un tuto vid\u00e9o !<\/p>\n<p>A partir de 12 ans.<\/p>\n<ul>\n<li>Dimensions illustrations : environ 3,5 x 4 cm chacune<\/li>\n<li>Dimensions sachet : 14 x 20 cm<\/li>\n<\/ul>\n","protected":false},"excerpt":{"rendered":"<p>Collection Fukuri Cette planche \u00e0 broder te permet de personnaliser,\u00a0upclycler ou r\u00e9parer\u00a0v\u00eatements ou accessoires. Elle est accessible aux d\u00e9butants en broderie. Le sachet contient : Une feuille hydrosoluble autocollante avec le motif imprim\u00e9. Tu brodes dessus. Une carte avec les instructions Packaging : sachet transparent PLA compostable Kit fabriqu\u00e9 int\u00e9gralement en France FILS ET AIGUILLE [&hellip;]<\/p>\n","protected":false},"featured_media":3588206,"comment_status":"open","ping_status":"closed","template":"","meta":[],"product_brand":[],"product_cat":[],"product_tag":[],"acf":[],"_links":{"self":[{"href":"https:\/\/streetmarkets.fr\/app\/wp-json\/wp\/v2\/product\/3588205"}],"collection":[{"href":"https:\/\/streetmarkets.fr\/app\/wp-json\/wp\/v2\/product"}],"about":[{"href":"https:\/\/streetmarkets.fr\/app\/wp-json\/wp\/v2\/types\/product"}],"replies":[{"embeddable":true,"href":"https:\/\/streetmarkets.fr\/app\/wp-json\/wp\/v2\/comments?post=3588205"}],"wp:featuredmedia":[{"embeddable":true,"href":"https:\/\/streetmarkets.fr\/app\/wp-json\/wp\/v2\/media\/3588206"}],"wp:attachment":[{"href":"https:\/\/streetmarkets.fr\/app\/wp-json\/wp\/v2\/media?parent=3588205"}],"wp:term":[{"taxonomy":"product_brand","embeddable":true,"href":"https:\/\/streetmarkets.fr\/app\/wp-json\/wp\/v2\/product_brand?post=3588205"},{"taxonomy":"product_cat","embeddable":true,"href":"https:\/\/streetmarkets.fr\/app\/wp-json\/wp\/v2\/product_cat?post=3588205"},{"taxonomy":"product_tag","embeddable":true,"href":"https:\/\/streetmarkets.fr\/app\/wp-json\/wp\/v2\/product_tag?post=3588205"}],"curies":[{"name":"wp","href":"https:\/\/api.w.org\/{rel}","templated":true}]}}