{"id":3588174,"date":"2026-02-10T07:40:51","date_gmt":"2026-02-10T06:40:51","guid":{"rendered":"https:\/\/streetmarkets.fr\/app\/produit\/blouse-poppy-blue-checks-laurence-bras\/"},"modified":"2026-05-03T08:39:33","modified_gmt":"2026-05-03T06:39:33","slug":"blouse-poppy-blue-checks-laurence-bras","status":"publish","type":"product","link":"https:\/\/streetmarkets.fr\/app\/produit\/blouse-poppy-blue-checks-laurence-bras\/","title":{"rendered":"Blouse Poppy blue checks &#8211; Laurence Bras"},"content":{"rendered":"<p><span>Blouse en coton \u00e0 carreaux bleus<\/span><br \/><span>Volume ample fronc\u00e9<\/span><br \/><span>Col officier<\/span><br \/><span>Manches longues fronc\u00e9es avec poignets boutonn\u00e9s<\/span><\/p>\n<p><\/p>\n","protected":false},"excerpt":{"rendered":"<p>Blouse en coton \u00e0 carreaux bleusVolume ample fronc\u00e9Col officierManches longues fronc\u00e9es avec poignets boutonn\u00e9s<\/p>\n","protected":false},"featured_media":3588175,"comment_status":"open","ping_status":"closed","template":"","meta":[],"product_brand":[],"product_cat":[],"product_tag":[],"acf":[],"_links":{"self":[{"href":"https:\/\/streetmarkets.fr\/app\/wp-json\/wp\/v2\/product\/3588174"}],"collection":[{"href":"https:\/\/streetmarkets.fr\/app\/wp-json\/wp\/v2\/product"}],"about":[{"href":"https:\/\/streetmarkets.fr\/app\/wp-json\/wp\/v2\/types\/product"}],"replies":[{"embeddable":true,"href":"https:\/\/streetmarkets.fr\/app\/wp-json\/wp\/v2\/comments?post=3588174"}],"wp:featuredmedia":[{"embeddable":true,"href":"https:\/\/streetmarkets.fr\/app\/wp-json\/wp\/v2\/media\/3588175"}],"wp:attachment":[{"href":"https:\/\/streetmarkets.fr\/app\/wp-json\/wp\/v2\/media?parent=3588174"}],"wp:term":[{"taxonomy":"product_brand","embeddable":true,"href":"https:\/\/streetmarkets.fr\/app\/wp-json\/wp\/v2\/product_brand?post=3588174"},{"taxonomy":"product_cat","embeddable":true,"href":"https:\/\/streetmarkets.fr\/app\/wp-json\/wp\/v2\/product_cat?post=3588174"},{"taxonomy":"product_tag","embeddable":true,"href":"https:\/\/streetmarkets.fr\/app\/wp-json\/wp\/v2\/product_tag?post=3588174"}],"curies":[{"name":"wp","href":"https:\/\/api.w.org\/{rel}","templated":true}]}}