{"id":3587403,"date":"2026-02-10T02:12:29","date_gmt":"2026-02-10T01:12:29","guid":{"rendered":"https:\/\/streetmarkets.fr\/app\/produit\/medalist-low-pour-hommes-261-m-blue-nights\/"},"modified":"2026-05-08T02:47:31","modified_gmt":"2026-05-08T00:47:31","slug":"medalist-low-pour-hommes-261-m-blue-nights","status":"publish","type":"product","link":"https:\/\/streetmarkets.fr\/app\/produit\/medalist-low-pour-hommes-261-m-blue-nights\/","title":{"rendered":"Medalist Low pour Homme (261 \/ M \/ BLUE NIGHTS)"},"content":{"rendered":"<p>Les baskets Autry Medalist Low pr\u00e9sentent une tige en cuir grain\u00e9 avec des d\u00e9tails lat\u00e9raux en daim et un empi\u00e8cement au talon en cuir nubuck.<\/p>\n<ul>\n<li>Taille normalement<\/li>\n<li>Hauteur de la semelle\u00a0: 3,5 cm<\/li>\n<li>Mod\u00e8le\u00a0: AULM NE12<\/li>\n<li>Couleur\u00a0: Bleu et Periscope<\/li>\n<\/ul>\n","protected":false},"excerpt":{"rendered":"<p>Les baskets Autry Medalist Low pr\u00e9sentent une tige en cuir grain\u00e9 avec des d\u00e9tails lat\u00e9raux en daim et un empi\u00e8cement au talon en cuir nubuck. Taille normalement Hauteur de la semelle\u00a0: 3,5 cm Mod\u00e8le\u00a0: AULM NE12 Couleur\u00a0: Bleu et Periscope<\/p>\n","protected":false},"featured_media":4100976,"comment_status":"open","ping_status":"closed","template":"","meta":[],"product_brand":[2532],"product_cat":[],"product_tag":[],"acf":[],"_links":{"self":[{"href":"https:\/\/streetmarkets.fr\/app\/wp-json\/wp\/v2\/product\/3587403"}],"collection":[{"href":"https:\/\/streetmarkets.fr\/app\/wp-json\/wp\/v2\/product"}],"about":[{"href":"https:\/\/streetmarkets.fr\/app\/wp-json\/wp\/v2\/types\/product"}],"replies":[{"embeddable":true,"href":"https:\/\/streetmarkets.fr\/app\/wp-json\/wp\/v2\/comments?post=3587403"}],"wp:featuredmedia":[{"embeddable":true,"href":"https:\/\/streetmarkets.fr\/app\/wp-json\/wp\/v2\/media\/4100976"}],"wp:attachment":[{"href":"https:\/\/streetmarkets.fr\/app\/wp-json\/wp\/v2\/media?parent=3587403"}],"wp:term":[{"taxonomy":"product_brand","embeddable":true,"href":"https:\/\/streetmarkets.fr\/app\/wp-json\/wp\/v2\/product_brand?post=3587403"},{"taxonomy":"product_cat","embeddable":true,"href":"https:\/\/streetmarkets.fr\/app\/wp-json\/wp\/v2\/product_cat?post=3587403"},{"taxonomy":"product_tag","embeddable":true,"href":"https:\/\/streetmarkets.fr\/app\/wp-json\/wp\/v2\/product_tag?post=3587403"}],"curies":[{"name":"wp","href":"https:\/\/api.w.org\/{rel}","templated":true}]}}