{"id":3587353,"date":"2026-02-10T02:12:26","date_gmt":"2026-02-10T01:12:26","guid":{"rendered":"https:\/\/streetmarkets.fr\/app\/produit\/tye-dye-crew-socks-pour-femmes-261-w-multicolor\/"},"modified":"2026-05-16T02:38:39","modified_gmt":"2026-05-16T00:38:39","slug":"tye-dye-crew-socks-pour-femmes-261-w-multicolor","status":"publish","type":"product","link":"https:\/\/streetmarkets.fr\/app\/produit\/tye-dye-crew-socks-pour-femmes-261-w-multicolor\/","title":{"rendered":"Chaussettes Crew Tye Dye pour Femme (261 \/ W \/ MULTICOLOR)"},"content":{"rendered":"<p>Les chaussettes Adidas Tye Dye Crew pr\u00e9sentent une coupe mi-mollet en coton m\u00e9lang\u00e9 recycl\u00e9.<\/p>\n<ul>\n<li>Trois paires de chaussettes par lot<\/li>\n<li>Style\u00a0: KD0975<\/li>\n<li>Couleur\u00a0: Crystal Sky \/ Lucid Red \/ Blanc \/ Clear Blue<\/li>\n<\/ul>\n","protected":false},"excerpt":{"rendered":"<p>Les chaussettes Adidas Tye Dye Crew pr\u00e9sentent une coupe mi-mollet en coton m\u00e9lang\u00e9 recycl\u00e9. Trois paires de chaussettes par lot Style\u00a0: KD0975 Couleur\u00a0: Crystal Sky \/ Lucid Red \/ Blanc \/ Clear Blue<\/p>\n","protected":false},"featured_media":4144703,"comment_status":"open","ping_status":"closed","template":"","meta":[],"product_brand":[2530],"product_cat":[],"product_tag":[],"acf":[],"_links":{"self":[{"href":"https:\/\/streetmarkets.fr\/app\/wp-json\/wp\/v2\/product\/3587353"}],"collection":[{"href":"https:\/\/streetmarkets.fr\/app\/wp-json\/wp\/v2\/product"}],"about":[{"href":"https:\/\/streetmarkets.fr\/app\/wp-json\/wp\/v2\/types\/product"}],"replies":[{"embeddable":true,"href":"https:\/\/streetmarkets.fr\/app\/wp-json\/wp\/v2\/comments?post=3587353"}],"wp:featuredmedia":[{"embeddable":true,"href":"https:\/\/streetmarkets.fr\/app\/wp-json\/wp\/v2\/media\/4144703"}],"wp:attachment":[{"href":"https:\/\/streetmarkets.fr\/app\/wp-json\/wp\/v2\/media?parent=3587353"}],"wp:term":[{"taxonomy":"product_brand","embeddable":true,"href":"https:\/\/streetmarkets.fr\/app\/wp-json\/wp\/v2\/product_brand?post=3587353"},{"taxonomy":"product_cat","embeddable":true,"href":"https:\/\/streetmarkets.fr\/app\/wp-json\/wp\/v2\/product_cat?post=3587353"},{"taxonomy":"product_tag","embeddable":true,"href":"https:\/\/streetmarkets.fr\/app\/wp-json\/wp\/v2\/product_tag?post=3587353"}],"curies":[{"name":"wp","href":"https:\/\/api.w.org\/{rel}","templated":true}]}}