{"id":3581542,"date":"2026-02-10T00:57:11","date_gmt":"2026-02-09T23:57:11","guid":{"rendered":"https:\/\/streetmarkets.fr\/app\/produit\/veste-etiquette-from-future-s26-femme-star-yellow\/"},"modified":"2026-05-08T01:57:19","modified_gmt":"2026-05-07T23:57:19","slug":"veste-etiquette-from-future-s26-femme-star-yellow","status":"publish","type":"product","link":"https:\/\/streetmarkets.fr\/app\/produit\/veste-etiquette-from-future-s26-femme-star-yellow\/","title":{"rendered":"Veste \u00c9tiquette &#8220;From Future&#8221; (S26\/ FEMME\/ Star Yellow)"},"content":{"rendered":"<p>La veste tendance inspir\u00e9e du workwear. Confectionn\u00e9e dans un m\u00e9lange de Coton et de Nylon, elle pr\u00e9sente une coupe courte et regular. Son style structur\u00e9 est rehauss\u00e9 par des d\u00e9coupes graphiques, des boutons dor\u00e9s, et l&#8217;\u00e9tiquette signature &#8220;From Future&#8221; sur la manche.<\/p>\n<p>&#8211; Veste courte zipp\u00e9e pour femme <br \/>&#8211; Mati\u00e8re : Coton et Nylon (74% Coton \/ 26% Nylon) <br \/>&#8211; Col chemise <br \/>&#8211; Poches poitrine \u00e0 rabat et boutons dor\u00e9s <br \/>&#8211; \u00c9tiquette signature &#8216;From future&#8217; sur la manche <br \/>&#8211; Coupe regular<\/p>\n","protected":false},"excerpt":{"rendered":"<p>La veste tendance inspir\u00e9e du workwear. Confectionn\u00e9e dans un m\u00e9lange de Coton et de Nylon, elle pr\u00e9sente une coupe courte et regular. Son style structur\u00e9 est rehauss\u00e9 par des d\u00e9coupes graphiques, des boutons dor\u00e9s, et l&#8217;\u00e9tiquette signature &#8220;From Future&#8221; sur la manche. &#8211; Veste courte zipp\u00e9e pour femme &#8211; Mati\u00e8re : Coton et Nylon (74% [&hellip;]<\/p>\n","protected":false},"featured_media":3581543,"comment_status":"open","ping_status":"closed","template":"","meta":[],"product_brand":[6868],"product_cat":[],"product_tag":[],"acf":[],"_links":{"self":[{"href":"https:\/\/streetmarkets.fr\/app\/wp-json\/wp\/v2\/product\/3581542"}],"collection":[{"href":"https:\/\/streetmarkets.fr\/app\/wp-json\/wp\/v2\/product"}],"about":[{"href":"https:\/\/streetmarkets.fr\/app\/wp-json\/wp\/v2\/types\/product"}],"replies":[{"embeddable":true,"href":"https:\/\/streetmarkets.fr\/app\/wp-json\/wp\/v2\/comments?post=3581542"}],"wp:featuredmedia":[{"embeddable":true,"href":"https:\/\/streetmarkets.fr\/app\/wp-json\/wp\/v2\/media\/3581543"}],"wp:attachment":[{"href":"https:\/\/streetmarkets.fr\/app\/wp-json\/wp\/v2\/media?parent=3581542"}],"wp:term":[{"taxonomy":"product_brand","embeddable":true,"href":"https:\/\/streetmarkets.fr\/app\/wp-json\/wp\/v2\/product_brand?post=3581542"},{"taxonomy":"product_cat","embeddable":true,"href":"https:\/\/streetmarkets.fr\/app\/wp-json\/wp\/v2\/product_cat?post=3581542"},{"taxonomy":"product_tag","embeddable":true,"href":"https:\/\/streetmarkets.fr\/app\/wp-json\/wp\/v2\/product_tag?post=3581542"}],"curies":[{"name":"wp","href":"https:\/\/api.w.org\/{rel}","templated":true}]}}