{"id":3581522,"date":"2026-02-10T00:57:07","date_gmt":"2026-02-09T23:57:07","guid":{"rendered":"https:\/\/streetmarkets.fr\/app\/produit\/robe-longue-bretelles-decoupe-fleur-s26-femme-sky-yellow\/"},"modified":"2026-03-10T00:54:38","modified_gmt":"2026-03-09T23:54:38","slug":"robe-longue-bretelles-decoupe-fleur-s26-femme-sky-yellow","status":"publish","type":"product","link":"https:\/\/streetmarkets.fr\/app\/produit\/robe-longue-bretelles-decoupe-fleur-s26-femme-sky-yellow\/","title":{"rendered":"Robe Longue Bretelles D\u00e9coupe Fleur (S26\/ FEMME\/ Sky Yellow)"},"content":{"rendered":"<p>Confectionn\u00e9e en Viscose et Nylon, cette robe longue pr\u00e9sente une coupe tr\u00e8s ajust\u00e9e. Son atout charme r\u00e9side dans les d\u00e9coupes florales graphiques \u00e0 la taille, pour une allure chic et contemporaine.<\/p>\n<p>&#8211; Robe longue \u00e0 fines bretelles pour femme <br \/>&#8211; Maille en Viscose et Nylon <br \/>&#8211; D\u00e9coupes florales \u00e0 la taille <br \/>&#8211; Bretelles et finitions contrast\u00e9es tubulaires <br \/>&#8211; Coupe slim<\/p>\n","protected":false},"excerpt":{"rendered":"<p>Confectionn\u00e9e en Viscose et Nylon, cette robe longue pr\u00e9sente une coupe tr\u00e8s ajust\u00e9e. Son atout charme r\u00e9side dans les d\u00e9coupes florales graphiques \u00e0 la taille, pour une allure chic et contemporaine. &#8211; Robe longue \u00e0 fines bretelles pour femme &#8211; Maille en Viscose et Nylon &#8211; D\u00e9coupes florales \u00e0 la taille &#8211; Bretelles et finitions [&hellip;]<\/p>\n","protected":false},"featured_media":3581523,"comment_status":"open","ping_status":"closed","template":"","meta":[],"product_brand":[6868],"product_cat":[],"product_tag":[],"acf":[],"_links":{"self":[{"href":"https:\/\/streetmarkets.fr\/app\/wp-json\/wp\/v2\/product\/3581522"}],"collection":[{"href":"https:\/\/streetmarkets.fr\/app\/wp-json\/wp\/v2\/product"}],"about":[{"href":"https:\/\/streetmarkets.fr\/app\/wp-json\/wp\/v2\/types\/product"}],"replies":[{"embeddable":true,"href":"https:\/\/streetmarkets.fr\/app\/wp-json\/wp\/v2\/comments?post=3581522"}],"wp:featuredmedia":[{"embeddable":true,"href":"https:\/\/streetmarkets.fr\/app\/wp-json\/wp\/v2\/media\/3581523"}],"wp:attachment":[{"href":"https:\/\/streetmarkets.fr\/app\/wp-json\/wp\/v2\/media?parent=3581522"}],"wp:term":[{"taxonomy":"product_brand","embeddable":true,"href":"https:\/\/streetmarkets.fr\/app\/wp-json\/wp\/v2\/product_brand?post=3581522"},{"taxonomy":"product_cat","embeddable":true,"href":"https:\/\/streetmarkets.fr\/app\/wp-json\/wp\/v2\/product_cat?post=3581522"},{"taxonomy":"product_tag","embeddable":true,"href":"https:\/\/streetmarkets.fr\/app\/wp-json\/wp\/v2\/product_tag?post=3581522"}],"curies":[{"name":"wp","href":"https:\/\/api.w.org\/{rel}","templated":true}]}}