{"id":3581343,"date":"2026-02-09T05:51:47","date_gmt":"2026-02-09T04:51:47","guid":{"rendered":"https:\/\/streetmarkets.fr\/app\/produit\/roi-light-pink-denim-jeans\/"},"modified":"2026-03-16T05:50:45","modified_gmt":"2026-03-16T04:50:45","slug":"roi-light-pink-denim-jeans","status":"publish","type":"product","link":"https:\/\/streetmarkets.fr\/app\/produit\/roi-light-pink-denim-jeans\/","title":{"rendered":"Roi Light Pink Denim Jeans"},"content":{"rendered":"<p data-end=\"611\" data-start=\"182\">Le <strong data-end=\"215\" data-start=\"185\">Roi Light Pink Denim Jeans<\/strong> de Les Deux revisite le jean classique avec une approche contemporaine et une teinte subtilement audacieuse. Confectionn\u00e9 en <strong data-end=\"368\" data-start=\"341\">denim \u00e9pais 100% coton<\/strong>, il offre une <strong data-end=\"402\" data-start=\"383\">structure nette<\/strong> et un tomb\u00e9 franc, parfait pour une silhouette moderne et affirm\u00e9e. Sa <strong data-end=\"496\" data-start=\"474\">coupe loose droite<\/strong> apporte confort et libert\u00e9 de mouvement, tout en cr\u00e9ant une allure actuelle, inspir\u00e9e des volumes des ann\u00e9es 90.<\/p>\n<p data-end=\"948\" data-start=\"613\">Sa <strong data-end=\"637\" data-start=\"616\">teinte rose clair<\/strong> apporte une touche de fra\u00eecheur et d\u2019originalit\u00e9, tout en restant facile \u00e0 associer avec des pi\u00e8ces neutres ou textur\u00e9es. Pour un full look en jean rose d\u00e9lav\u00e9, vous pouvez aussi l&#8217;associ\u00e9e \u00e0 la veste <a href=\"https:\/\/harold-paris.com\/products\/rally-light-pink-denim-jacket\">Rally Light Pink Denim Jacket<\/a>. Fid\u00e8le aux codes du denim traditionnel, il pr\u00e9sente une\u00a0<strong data-end=\"844\" data-start=\"816\">construction cinq poches<\/strong>, une <strong data-end=\"870\" data-start=\"850\">braguette zipp\u00e9e<\/strong> et une <strong data-end=\"894\" data-start=\"878\">poche ticket<\/strong> discr\u00e8te, pour un style authentique et fonctionnel.<\/p>\n<p data-end=\"1239\" data-start=\"950\">Polyvalent et expressif, le Roi Light Pink Denim Jeans se porte aussi bien avec un t-shirt graphique qu\u2019avec une chemise ou une maille l\u00e9g\u00e8re. Une pi\u00e8ce forte du vestiaire Les Deux, id\u00e9ale pour dynamiser une silhouette casual chic, dans l\u2019esprit moderne et pointu de la s\u00e9lection Harold.<\/p>\n<p data-end=\"1260\" data-start=\"1241\"><strong data-end=\"1258\" data-start=\"1241\">Points cl\u00e9s :<\/strong><\/p>\n<ul data-end=\"1523\" data-start=\"1261\">\n<li data-end=\"1309\" data-start=\"1277\">\n<p data-end=\"1309\" data-start=\"1279\">Denim \u00e9pais, structure nette<\/p>\n<\/li>\n<li data-end=\"1309\" data-start=\"1277\">\n<p data-end=\"1309\" data-start=\"1279\">Coupe loose droite, confortable et moderne<\/p>\n<\/li>\n<li data-end=\"1392\" data-start=\"1357\">\n<p data-end=\"1392\" data-start=\"1359\">Teinte rose clair contemporaine<\/p>\n<\/li>\n<li data-end=\"1431\" data-start=\"1393\">\n<p data-end=\"1431\" data-start=\"1395\">Construction classique cinq poches<\/p>\n<\/li>\n<li data-end=\"1468\" data-start=\"1432\">\n<p data-end=\"1468\" data-start=\"1434\">Braguette zipp\u00e9e et poche ticket<\/p>\n<\/li>\n<\/ul>\n","protected":false},"excerpt":{"rendered":"<p>Le Roi Light Pink Denim Jeans de Les Deux revisite le jean classique avec une approche contemporaine et une teinte subtilement audacieuse. Confectionn\u00e9 en denim \u00e9pais 100% coton, il offre une structure nette et un tomb\u00e9 franc, parfait pour une silhouette moderne et affirm\u00e9e. Sa coupe loose droite apporte confort et libert\u00e9 de mouvement, tout [&hellip;]<\/p>\n","protected":false},"featured_media":3581344,"comment_status":"open","ping_status":"closed","template":"","meta":[],"product_brand":[],"product_cat":[],"product_tag":[],"acf":[],"_links":{"self":[{"href":"https:\/\/streetmarkets.fr\/app\/wp-json\/wp\/v2\/product\/3581343"}],"collection":[{"href":"https:\/\/streetmarkets.fr\/app\/wp-json\/wp\/v2\/product"}],"about":[{"href":"https:\/\/streetmarkets.fr\/app\/wp-json\/wp\/v2\/types\/product"}],"replies":[{"embeddable":true,"href":"https:\/\/streetmarkets.fr\/app\/wp-json\/wp\/v2\/comments?post=3581343"}],"wp:featuredmedia":[{"embeddable":true,"href":"https:\/\/streetmarkets.fr\/app\/wp-json\/wp\/v2\/media\/3581344"}],"wp:attachment":[{"href":"https:\/\/streetmarkets.fr\/app\/wp-json\/wp\/v2\/media?parent=3581343"}],"wp:term":[{"taxonomy":"product_brand","embeddable":true,"href":"https:\/\/streetmarkets.fr\/app\/wp-json\/wp\/v2\/product_brand?post=3581343"},{"taxonomy":"product_cat","embeddable":true,"href":"https:\/\/streetmarkets.fr\/app\/wp-json\/wp\/v2\/product_cat?post=3581343"},{"taxonomy":"product_tag","embeddable":true,"href":"https:\/\/streetmarkets.fr\/app\/wp-json\/wp\/v2\/product_tag?post=3581343"}],"curies":[{"name":"wp","href":"https:\/\/api.w.org\/{rel}","templated":true}]}}