{"id":3581329,"date":"2026-02-09T05:51:45","date_gmt":"2026-02-09T04:51:45","guid":{"rendered":"https:\/\/streetmarkets.fr\/app\/produit\/rally-light-pink-denim-jacket\/"},"modified":"2026-03-16T05:50:45","modified_gmt":"2026-03-16T04:50:45","slug":"rally-light-pink-denim-jacket","status":"publish","type":"product","link":"https:\/\/streetmarkets.fr\/app\/produit\/rally-light-pink-denim-jacket\/","title":{"rendered":"Rally Light Pink Denim Jacket"},"content":{"rendered":"<p data-end=\"559\" data-start=\"188\">La <strong data-end=\"224\" data-start=\"191\">Rally Light Pink Denim Jacket<\/strong> de Les Deux revisite la veste en jean classique avec une <strong data-end=\"303\" data-start=\"282\">teinte rose clair<\/strong> subtile et contemporaine. Cette couleur douce apporte une touche de fra\u00eecheur \u00e0 la silhouette, tout en conservant l\u2019esprit structur\u00e9 et intemporel de la veste denim traditionnelle. Une pi\u00e8ce id\u00e9ale pour apporter de la personnalit\u00e9 \u00e0 un vestiaire casual.<\/p>\n<p data-end=\"1065\" data-start=\"561\">Confectionn\u00e9e en <strong data-end=\"593\" data-start=\"578\">100 % coton<\/strong>, elle offre une toile r\u00e9sistante et confortable, avec une belle tenue au port\u00e9. Sa <strong data-end=\"694\" data-start=\"677\">coupe regular<\/strong> assure une silhouette \u00e9quilibr\u00e9e, facile \u00e0 superposer sur un t-shirt, une chemise ou une maille l\u00e9g\u00e8re. Elle se distingue par ses <strong data-end=\"844\" data-start=\"825\">poches poitrine<\/strong>, ses <strong data-end=\"883\" data-start=\"850\">poches lat\u00e9rales passepoil\u00e9es<\/strong> et sa <strong data-end=\"925\" data-start=\"890\">fermeture \u00e0 boutons m\u00e9talliques<\/strong>, fid\u00e8les aux codes du denim classique. Les <strong data-end=\"1002\" data-start=\"969\">pattes de serrage \u00e0 la taille<\/strong> permettent d\u2019ajuster le fit pour une allure plus structur\u00e9e.<\/p>\n<p data-end=\"1347\" data-start=\"1067\">Associ\u00e9e \u00e0 un jean brut, un chino clair ou un pantalon en toile, la Rally Light Pink Denim Jacket devient une pi\u00e8ce forte et lumineuse du vestiaire de saison. Vous pouvez aussi l&#8217;associ\u00e9e au <a href=\"https:\/\/harold-paris.com\/products\/roi-light-pink-denim-jeans\">Roi Light Pink Denim Jeans<\/a> de la m\u00eame teinte pour un full look original.<\/p>\n<p data-end=\"1347\" data-start=\"1067\">Une veste de caract\u00e8re, moderne et facile \u00e0 porter, fid\u00e8le \u00e0 l\u2019esprit Les Deux et \u00e0 la s\u00e9lection de la boutique Harold.<\/p>\n<p data-end=\"1368\" data-start=\"1349\"><strong data-end=\"1366\" data-start=\"1349\">Points cl\u00e9s :<\/strong><\/p>\n<ul>\n<li>Veste en jean revisit\u00e9e dans une teinte contemporaine d\u00e9lav\u00e9e rose clair<\/li>\n<li>Coupe regular, silhouette structur\u00e9e<\/li>\n<li>Poches poitrine et poches lat\u00e9rales passepoil\u00e9es<\/li>\n<li>Pattes de serrage \u00e0 la taille<\/li>\n<\/ul>\n","protected":false},"excerpt":{"rendered":"<p>La Rally Light Pink Denim Jacket de Les Deux revisite la veste en jean classique avec une teinte rose clair subtile et contemporaine. Cette couleur douce apporte une touche de fra\u00eecheur \u00e0 la silhouette, tout en conservant l\u2019esprit structur\u00e9 et intemporel de la veste denim traditionnelle. Une pi\u00e8ce id\u00e9ale pour apporter de la personnalit\u00e9 \u00e0 [&hellip;]<\/p>\n","protected":false},"featured_media":3581330,"comment_status":"open","ping_status":"closed","template":"","meta":[],"product_brand":[],"product_cat":[],"product_tag":[],"acf":[],"_links":{"self":[{"href":"https:\/\/streetmarkets.fr\/app\/wp-json\/wp\/v2\/product\/3581329"}],"collection":[{"href":"https:\/\/streetmarkets.fr\/app\/wp-json\/wp\/v2\/product"}],"about":[{"href":"https:\/\/streetmarkets.fr\/app\/wp-json\/wp\/v2\/types\/product"}],"replies":[{"embeddable":true,"href":"https:\/\/streetmarkets.fr\/app\/wp-json\/wp\/v2\/comments?post=3581329"}],"wp:featuredmedia":[{"embeddable":true,"href":"https:\/\/streetmarkets.fr\/app\/wp-json\/wp\/v2\/media\/3581330"}],"wp:attachment":[{"href":"https:\/\/streetmarkets.fr\/app\/wp-json\/wp\/v2\/media?parent=3581329"}],"wp:term":[{"taxonomy":"product_brand","embeddable":true,"href":"https:\/\/streetmarkets.fr\/app\/wp-json\/wp\/v2\/product_brand?post=3581329"},{"taxonomy":"product_cat","embeddable":true,"href":"https:\/\/streetmarkets.fr\/app\/wp-json\/wp\/v2\/product_cat?post=3581329"},{"taxonomy":"product_tag","embeddable":true,"href":"https:\/\/streetmarkets.fr\/app\/wp-json\/wp\/v2\/product_tag?post=3581329"}],"curies":[{"name":"wp","href":"https:\/\/api.w.org\/{rel}","templated":true}]}}