{"id":3581290,"date":"2026-02-09T05:51:40","date_gmt":"2026-02-09T04:51:40","guid":{"rendered":"https:\/\/streetmarkets.fr\/app\/produit\/noeud-papillion-soie-a-motifs-carres\/"},"modified":"2026-03-16T05:50:45","modified_gmt":"2026-03-16T04:50:45","slug":"noeud-papillion-soie-a-motifs-carres","status":"publish","type":"product","link":"https:\/\/streetmarkets.fr\/app\/produit\/noeud-papillion-soie-a-motifs-carres\/","title":{"rendered":"Noeud Papillion Soie \u00e0 motifs carr\u00e9s"},"content":{"rendered":"<p data-start=\"225\" data-end=\"554\">Ce <strong data-start=\"228\" data-end=\"261\">n\u0153ud papillon Borroni en soie<\/strong> incarne l\u2019\u00e9l\u00e9gance italienne \u00e0 travers un motif graphique subtil et raffin\u00e9. Confectionn\u00e9 dans une <strong data-start=\"361\" data-end=\"380\">soie de qualit\u00e9<\/strong>, il se distingue par son <strong data-start=\"406\" data-end=\"425\">fond bleu fonc\u00e9<\/strong> rehauss\u00e9 de <strong data-start=\"438\" data-end=\"461\">petits carr\u00e9s verts<\/strong>, un contraste discret qui apporte du caract\u00e8re sans compromettre l\u2019\u00e9l\u00e9gance de l\u2019ensemble.<\/p>\n<p data-start=\"556\" data-end=\"862\">Id\u00e9al pour les occasions formelles comme pour un \u00e9v\u00e9nement plus cr\u00e9atif, ce n\u0153ud papillon structure la silhouette avec sophistication. Son motif g\u00e9om\u00e9trique d\u00e9licat s\u2019accorde parfaitement avec une chemise blanche ou bleu clair, un costume marine ou gris, pour un look \u00e0 la fois classique et personnalis\u00e9.<\/p>\n<p data-start=\"864\" data-end=\"1207\">Fid\u00e8le au savoir-faire de la maison Borroni, cet accessoire b\u00e9n\u00e9ficie de <strong data-start=\"937\" data-end=\"959\">finitions soign\u00e9es<\/strong> et d\u2019un style intemporel, pens\u00e9 pour accompagner durablement le vestiaire masculin. Une pi\u00e8ce id\u00e9ale pour les c\u00e9r\u00e9monies, les soir\u00e9es \u00e9l\u00e9gantes ou toute occasion n\u00e9cessitant une touche de distinction, dans l\u2019esprit raffin\u00e9 de la boutique Harold.<\/p>\n","protected":false},"excerpt":{"rendered":"<p>Ce n\u0153ud papillon Borroni en soie incarne l\u2019\u00e9l\u00e9gance italienne \u00e0 travers un motif graphique subtil et raffin\u00e9. Confectionn\u00e9 dans une soie de qualit\u00e9, il se distingue par son fond bleu fonc\u00e9 rehauss\u00e9 de petits carr\u00e9s verts, un contraste discret qui apporte du caract\u00e8re sans compromettre l\u2019\u00e9l\u00e9gance de l\u2019ensemble. Id\u00e9al pour les occasions formelles comme pour [&hellip;]<\/p>\n","protected":false},"featured_media":3581291,"comment_status":"open","ping_status":"closed","template":"","meta":[],"product_brand":[],"product_cat":[],"product_tag":[],"acf":[],"_links":{"self":[{"href":"https:\/\/streetmarkets.fr\/app\/wp-json\/wp\/v2\/product\/3581290"}],"collection":[{"href":"https:\/\/streetmarkets.fr\/app\/wp-json\/wp\/v2\/product"}],"about":[{"href":"https:\/\/streetmarkets.fr\/app\/wp-json\/wp\/v2\/types\/product"}],"replies":[{"embeddable":true,"href":"https:\/\/streetmarkets.fr\/app\/wp-json\/wp\/v2\/comments?post=3581290"}],"wp:featuredmedia":[{"embeddable":true,"href":"https:\/\/streetmarkets.fr\/app\/wp-json\/wp\/v2\/media\/3581291"}],"wp:attachment":[{"href":"https:\/\/streetmarkets.fr\/app\/wp-json\/wp\/v2\/media?parent=3581290"}],"wp:term":[{"taxonomy":"product_brand","embeddable":true,"href":"https:\/\/streetmarkets.fr\/app\/wp-json\/wp\/v2\/product_brand?post=3581290"},{"taxonomy":"product_cat","embeddable":true,"href":"https:\/\/streetmarkets.fr\/app\/wp-json\/wp\/v2\/product_cat?post=3581290"},{"taxonomy":"product_tag","embeddable":true,"href":"https:\/\/streetmarkets.fr\/app\/wp-json\/wp\/v2\/product_tag?post=3581290"}],"curies":[{"name":"wp","href":"https:\/\/api.w.org\/{rel}","templated":true}]}}