{"id":3575139,"date":"2026-02-09T01:03:20","date_gmt":"2026-02-09T00:03:20","guid":{"rendered":"https:\/\/streetmarkets.fr\/app\/produit\/sweat-a-capuche-dirac-up-upcycle-patchwork-coton-faguo\/"},"modified":"2026-05-13T02:02:06","modified_gmt":"2026-05-13T00:02:06","slug":"sweat-a-capuche-dirac-up-upcycle-patchwork-coton-faguo","status":"publish","type":"product","link":"https:\/\/streetmarkets.fr\/app\/produit\/sweat-a-capuche-dirac-up-upcycle-patchwork-coton-faguo\/","title":{"rendered":"Sweat \u00e0 capuche Dirac Up upcycl\u00e9 patchwork coton &#8211; Faguo"},"content":{"rendered":"<h2>Sweat \u00e0 capuche Dirac Up upcycl\u00e9 patchwork coton &#8211; Faguo<\/h2>\n<p><img decoding=\"async\" style=\"font-size: 0.875rem\" alt=\"\" src=\"https:\/\/cdn.shopify.com\/s\/files\/1\/0593\/7093\/0335\/files\/FaguoLogo_480x480.jpg?v=1678204474\"><img decoding=\"async\" style=\"font-size: 0.875rem\" alt=\"\" src=\"https:\/\/cdn.shopify.com\/s\/files\/1\/0593\/7093\/0335\/files\/Picto_Mode_Textile_480x480.jpg?v=1677763747\"><img decoding=\"async\" src=\"https:\/\/cdn.shopify.com\/s\/files\/1\/0593\/7093\/0335\/files\/Picto_Matieres_recyclees_480x480.jpg?v=1677763747\" alt=\"\"><img decoding=\"async\" alt=\"\" src=\"https:\/\/cdn.shopify.com\/s\/files\/1\/0593\/7093\/0335\/files\/Picto_Made_in_France_480x480.jpg?v=1677763747\"><img decoding=\"async\" style=\"font-size: 0.875rem\" src=\"https:\/\/cdn.shopify.com\/s\/files\/1\/0593\/7093\/0335\/files\/Picto_Vegan_480x480.jpg?v=1677763747\" alt=\"\"><\/p>\n<p data-start=\"62\" data-end=\"615\">Pens\u00e9 pour faire mieux avec l\u2019existant, le sweat \u00e0 capuche DIRAC UP est une pi\u00e8ce upcycl\u00e9e assembl\u00e9e en France \u00e0 partir de textiles collect\u00e9s en centres de tri en Europe. Les mati\u00e8res sont tri\u00e9es, nettoy\u00e9es puis recompos\u00e9es fa\u00e7on puzzle textile, sans cr\u00e9er de nouveau tissu et sans ajouter de teinture. R\u00e9sultat : un sweat en coton au look patchwork, avec une encolure neuve (non issue de la collecte) et un maxi patch arbre sur la poitrine. Chaque pi\u00e8ce est unique : les teintes et les d\u00e9coupes peuvent donc varier l\u00e9g\u00e8rement, visuels non contractuels.<\/p>\n<p data-start=\"617\" data-end=\"1011\"><strong>\u2728 Pourquoi l\u2019adopter<\/strong><br data-start=\"637\" data-end=\"640\">\u267b\ufe0f Upcycl\u00e9 sans teinture : z\u00e9ro tissu cr\u00e9\u00e9, couleurs d\u2019origine<br data-start=\"702\" data-end=\"705\">\ud83c\uddeb\ud83c\uddf7 Assembl\u00e9 en France : confection locale, savoir-faire d\u00e9di\u00e9<br data-start=\"768\" data-end=\"771\">\ud83e\udde9 Patchwork unique : chaque sweat est diff\u00e9rent, naturellement<br data-start=\"834\" data-end=\"837\">\ud83c\udf33 Maxi patch arbre : signature forte sur la poitrine<br data-start=\"890\" data-end=\"893\">\ud83e\udde5 Coupe ample : confort et style oversize au quotidien<br data-start=\"948\" data-end=\"951\">\ud83c\udf0d Empreinte r\u00e9duite : jusqu\u2019\u00e0 -94 % de CO\u2082e, 28 kg \u00e9vit\u00e9s<\/p>\n<p data-start=\"1013\" data-end=\"1167\"><strong>\ud83e\udde5 Id\u00e9al pour\u2026<\/strong><br data-start=\"1027\" data-end=\"1030\">Les looks casual de tous les jours, les week-ends et les voyages, quand tu veux un sweat confortable qui a une vraie histoire de mati\u00e8re.<\/p>\n<p data-end=\"1208\" data-start=\"1018\"><strong data-end=\"903\" data-start=\"864\">\ud83e\udd1d Capsule upcycl\u00e9e FAGUO x Losanje<\/strong><br data-end=\"906\" data-start=\"903\">Cette pi\u00e8ce fait partie d\u2019une capsule con\u00e7ue avec Losanje, sp\u00e9cialiste fran\u00e7ais de l\u2019upcycling industriel. Des textiles collect\u00e9s en centres de tri en Europe sont tri\u00e9s, nettoy\u00e9s puis d\u00e9coup\u00e9s gr\u00e2ce \u00e0 un proc\u00e9d\u00e9 industriel avant d\u2019\u00eatre assembl\u00e9s en France, fa\u00e7on puzzle textile. Objectif : revaloriser l\u2019existant sans cr\u00e9er de nouveau tissu et sans ajouter de teinture, avec une empreinte fortement r\u00e9duite (jusqu\u2019\u00e0 -90 % de CO\u2082eq).<\/p>\n<p data-end=\"1320\" data-start=\"1210\"><strong>\ud83e\uddfc Entretien<\/strong><br data-end=\"1225\" data-start=\"1222\">Lavage machine 30 \u00b0C avec couleurs similaires. Repassage doux sur l\u2019envers. Pas de s\u00e8che-linge.<\/p>\n<h3><span>FAGUO<\/span><\/h3>\n<p>Faguo est une marque fran\u00e7aise \u00e0 mission certifi\u00e9e B Corp, cr\u00e9\u00e9e en 2009 et engag\u00e9e pour une mode \u00e9coresponsable. Elle con\u00e7oit un vestiaire durable en mati\u00e8res recycl\u00e9es, mesure et r\u00e9duit ses \u00e9missions, et plante un arbre pour chaque pi\u00e8ce. Transparente, elle promeut aussi la seconde main et la r\u00e9paration.<\/p>\n<h3><span>INFORMATIONS<\/span><\/h3>\n<p>Type : sweat \u00e0 capuche upcycl\u00e9 en patchwork, coupe ample<br data-start=\"2086\" data-end=\"2089\">Composition : 100 % coton upcycl\u00e9 (mati\u00e8res issues de textiles revaloris\u00e9s)<br data-start=\"2164\" data-end=\"2167\">D\u00e9tails : encolure neuve, maxi patch arbre poitrine<br data-start=\"2218\" data-end=\"2221\">Fabrication : assembl\u00e9 en France, Made in France<br data-start=\"2269\" data-end=\"2272\">Teinture \/ impression : France (sans teinture ajout\u00e9e, couleurs issues des textiles collect\u00e9s)<br data-start=\"2366\" data-end=\"2369\">Confection : France<br data-start=\"2388\" data-end=\"2391\">Mati\u00e8res recycl\u00e9es : au moins 100 % de mati\u00e8res recycl\u00e9es<br data-start=\"2506\" data-end=\"2509\">Variantes : chaque pi\u00e8ce est unique (teintes et d\u00e9coupes variables), visuels non contractuels<\/p>\n","protected":false},"excerpt":{"rendered":"<p>Sweat \u00e0 capuche Dirac Up upcycl\u00e9 patchwork coton &#8211; Faguo Pens\u00e9 pour faire mieux avec l\u2019existant, le sweat \u00e0 capuche DIRAC UP est une pi\u00e8ce upcycl\u00e9e assembl\u00e9e en France \u00e0 partir de textiles collect\u00e9s en centres de tri en Europe. Les mati\u00e8res sont tri\u00e9es, nettoy\u00e9es puis recompos\u00e9es fa\u00e7on puzzle textile, sans cr\u00e9er de nouveau tissu [&hellip;]<\/p>\n","protected":false},"featured_media":3575140,"comment_status":"open","ping_status":"closed","template":"","meta":[],"product_brand":[7128],"product_cat":[],"product_tag":[],"acf":[],"_links":{"self":[{"href":"https:\/\/streetmarkets.fr\/app\/wp-json\/wp\/v2\/product\/3575139"}],"collection":[{"href":"https:\/\/streetmarkets.fr\/app\/wp-json\/wp\/v2\/product"}],"about":[{"href":"https:\/\/streetmarkets.fr\/app\/wp-json\/wp\/v2\/types\/product"}],"replies":[{"embeddable":true,"href":"https:\/\/streetmarkets.fr\/app\/wp-json\/wp\/v2\/comments?post=3575139"}],"wp:featuredmedia":[{"embeddable":true,"href":"https:\/\/streetmarkets.fr\/app\/wp-json\/wp\/v2\/media\/3575140"}],"wp:attachment":[{"href":"https:\/\/streetmarkets.fr\/app\/wp-json\/wp\/v2\/media?parent=3575139"}],"wp:term":[{"taxonomy":"product_brand","embeddable":true,"href":"https:\/\/streetmarkets.fr\/app\/wp-json\/wp\/v2\/product_brand?post=3575139"},{"taxonomy":"product_cat","embeddable":true,"href":"https:\/\/streetmarkets.fr\/app\/wp-json\/wp\/v2\/product_cat?post=3575139"},{"taxonomy":"product_tag","embeddable":true,"href":"https:\/\/streetmarkets.fr\/app\/wp-json\/wp\/v2\/product_tag?post=3575139"}],"curies":[{"name":"wp","href":"https:\/\/api.w.org\/{rel}","templated":true}]}}