{"id":3560795,"date":"2026-02-07T00:20:49","date_gmt":"2026-02-06T23:20:49","guid":{"rendered":"https:\/\/streetmarkets.fr\/app\/produit\/porte-cles-teckel-parisien\/"},"modified":"2026-05-06T01:18:16","modified_gmt":"2026-05-05T23:18:16","slug":"porte-cles-teckel-parisien","status":"publish","type":"product","link":"https:\/\/streetmarkets.fr\/app\/produit\/porte-cles-teckel-parisien\/","title":{"rendered":"Porte-cl\u00e9s Teckel Parisien"},"content":{"rendered":"<div id=\"product-description-short-41\" class=\"rte-content\">\n<a href=\"https:\/\/frenchtouche.com\/collections\/les-imprimeuses\" title=\"Collection Les Imprimeuses\"><strong>Collection Les Imprimeuses<\/strong><\/a>\n<\/div>\n<div class=\"rte-content\">\n<strong><\/strong>\n<\/div>\n<div class=\"rte-content\">\n<p data-end=\"405\" data-start=\"203\"><span>Un concentr\u00e9 de Paris dans un porte-cl\u00e9s !<\/span><br data-start=\"363\" data-end=\"366\"><span>Le porte-cl\u00e9s <\/span><strong data-start=\"379\" data-end=\"398\">Teckel Parisien<\/strong><span>\u00a0met \u00e0 l\u2019honneur le plus parisien des chiens : le\u00a0<\/span>teckel<span>, rebaptis\u00e9 ici\u00a0<\/span><em data-start=\"474\" data-end=\"497\">la saucisse fran\u00e7aise<\/em><span>. Avec sa\u00a0<\/span>baguette sous le bras<span>\u00a0et son\u00a0<\/span>pull tricot\u00e9 marron<span>, il incarne l\u2019humour, le style et le charme \u00e0 la fran\u00e7aise.<\/span><\/p>\n<ul>\n<li>\nTaille : environ 6,5 cm<br data-start=\"462\" data-end=\"465\">\n<\/li>\n<li>Mat\u00e9riau : m\u00e9tal \u00e9maill\u00e9 haute qualit\u00e9<br data-start=\"509\" data-end=\"512\">\n<\/li>\n<li>Attache : anneau robuste, id\u00e9al pour cl\u00e9s, sacs ou trousses<\/li>\n<\/ul>\n<\/div>\n","protected":false},"excerpt":{"rendered":"<p>Collection Les Imprimeuses Un concentr\u00e9 de Paris dans un porte-cl\u00e9s !Le porte-cl\u00e9s Teckel Parisien\u00a0met \u00e0 l\u2019honneur le plus parisien des chiens : le\u00a0teckel, rebaptis\u00e9 ici\u00a0la saucisse fran\u00e7aise. Avec sa\u00a0baguette sous le bras\u00a0et son\u00a0pull tricot\u00e9 marron, il incarne l\u2019humour, le style et le charme \u00e0 la fran\u00e7aise. Taille : environ 6,5 cm Mat\u00e9riau : m\u00e9tal \u00e9maill\u00e9 [&hellip;]<\/p>\n","protected":false},"featured_media":3560796,"comment_status":"open","ping_status":"closed","template":"","meta":[],"product_brand":[],"product_cat":[],"product_tag":[],"acf":[],"_links":{"self":[{"href":"https:\/\/streetmarkets.fr\/app\/wp-json\/wp\/v2\/product\/3560795"}],"collection":[{"href":"https:\/\/streetmarkets.fr\/app\/wp-json\/wp\/v2\/product"}],"about":[{"href":"https:\/\/streetmarkets.fr\/app\/wp-json\/wp\/v2\/types\/product"}],"replies":[{"embeddable":true,"href":"https:\/\/streetmarkets.fr\/app\/wp-json\/wp\/v2\/comments?post=3560795"}],"wp:featuredmedia":[{"embeddable":true,"href":"https:\/\/streetmarkets.fr\/app\/wp-json\/wp\/v2\/media\/3560796"}],"wp:attachment":[{"href":"https:\/\/streetmarkets.fr\/app\/wp-json\/wp\/v2\/media?parent=3560795"}],"wp:term":[{"taxonomy":"product_brand","embeddable":true,"href":"https:\/\/streetmarkets.fr\/app\/wp-json\/wp\/v2\/product_brand?post=3560795"},{"taxonomy":"product_cat","embeddable":true,"href":"https:\/\/streetmarkets.fr\/app\/wp-json\/wp\/v2\/product_cat?post=3560795"},{"taxonomy":"product_tag","embeddable":true,"href":"https:\/\/streetmarkets.fr\/app\/wp-json\/wp\/v2\/product_tag?post=3560795"}],"curies":[{"name":"wp","href":"https:\/\/api.w.org\/{rel}","templated":true}]}}