{"id":3560780,"date":"2026-02-07T00:20:39","date_gmt":"2026-02-06T23:20:39","guid":{"rendered":"https:\/\/streetmarkets.fr\/app\/produit\/pins-tour-eiffel\/"},"modified":"2026-05-06T01:18:16","modified_gmt":"2026-05-05T23:18:16","slug":"pins-tour-eiffel","status":"publish","type":"product","link":"https:\/\/streetmarkets.fr\/app\/produit\/pins-tour-eiffel\/","title":{"rendered":"Pin&#8217;s Tour Eiffel"},"content":{"rendered":"<div id=\"product-description-short-41\" class=\"rte-content\">\n<a href=\"https:\/\/frenchtouche.com\/collections\/les-imprimeuses\" title=\"Collection Les Imprimeuses\"><strong>Collection Les Imprimeuses<\/strong><\/a>\n<\/div>\n<div class=\"rte-content\">\n<strong><\/strong>\n<\/div>\n<div class=\"rte-content\">\n<p data-end=\"406\" data-start=\"189\"><span>Un clin d\u2019\u0153il dor\u00e9 \u00e0 Paris !<\/span><\/p>\n<p>\u00c0 porter sur un t-shirt, sur un pull ou \u00e0 accrocher par milliers sur vos tote bags. Toutes les occasions sont bonnes pour collectionner les pin&#8217;s\u00a0<em>Les Imprimeuses <\/em>!<\/p>\n<ul>\n<li>Dimensions du pin&#8217;s : environ 3 x 3 cm\n<\/li>\n<li>Dimension de la carte : 7,5 x 12,5 cm<\/li>\n<li>Pin&#8217;s \u00e9maill\u00e9 et num\u00e9rot\u00e9\n<\/li>\n<\/ul>\n<\/div>\n","protected":false},"excerpt":{"rendered":"<p>Collection Les Imprimeuses Un clin d\u2019\u0153il dor\u00e9 \u00e0 Paris ! \u00c0 porter sur un t-shirt, sur un pull ou \u00e0 accrocher par milliers sur vos tote bags. Toutes les occasions sont bonnes pour collectionner les pin&#8217;s\u00a0Les Imprimeuses ! Dimensions du pin&#8217;s : environ 3 x 3 cm Dimension de la carte : 7,5 x 12,5 [&hellip;]<\/p>\n","protected":false},"featured_media":3560781,"comment_status":"open","ping_status":"closed","template":"","meta":[],"product_brand":[],"product_cat":[],"product_tag":[],"acf":[],"_links":{"self":[{"href":"https:\/\/streetmarkets.fr\/app\/wp-json\/wp\/v2\/product\/3560780"}],"collection":[{"href":"https:\/\/streetmarkets.fr\/app\/wp-json\/wp\/v2\/product"}],"about":[{"href":"https:\/\/streetmarkets.fr\/app\/wp-json\/wp\/v2\/types\/product"}],"replies":[{"embeddable":true,"href":"https:\/\/streetmarkets.fr\/app\/wp-json\/wp\/v2\/comments?post=3560780"}],"wp:featuredmedia":[{"embeddable":true,"href":"https:\/\/streetmarkets.fr\/app\/wp-json\/wp\/v2\/media\/3560781"}],"wp:attachment":[{"href":"https:\/\/streetmarkets.fr\/app\/wp-json\/wp\/v2\/media?parent=3560780"}],"wp:term":[{"taxonomy":"product_brand","embeddable":true,"href":"https:\/\/streetmarkets.fr\/app\/wp-json\/wp\/v2\/product_brand?post=3560780"},{"taxonomy":"product_cat","embeddable":true,"href":"https:\/\/streetmarkets.fr\/app\/wp-json\/wp\/v2\/product_cat?post=3560780"},{"taxonomy":"product_tag","embeddable":true,"href":"https:\/\/streetmarkets.fr\/app\/wp-json\/wp\/v2\/product_tag?post=3560780"}],"curies":[{"name":"wp","href":"https:\/\/api.w.org\/{rel}","templated":true}]}}