{"id":3560776,"date":"2026-02-07T00:20:38","date_gmt":"2026-02-06T23:20:38","guid":{"rendered":"https:\/\/streetmarkets.fr\/app\/produit\/pins-timbre-paris-19eme\/"},"modified":"2026-05-11T01:17:25","modified_gmt":"2026-05-10T23:17:25","slug":"pins-timbre-paris-19eme","status":"publish","type":"product","link":"https:\/\/streetmarkets.fr\/app\/produit\/pins-timbre-paris-19eme\/","title":{"rendered":"Pin&#8217;s Timbre Paris 19\u00e8me"},"content":{"rendered":"<div id=\"product-description-short-41\" class=\"rte-content\">\n<a href=\"https:\/\/frenchtouche.com\/collections\/les-imprimeuses\" title=\"Collection Les Imprimeuses\"><strong>Collection Les Imprimeuses<\/strong><\/a>\n<\/div>\n<div class=\"rte-content\">\n<strong><\/strong>\n<\/div>\n<div class=\"rte-content\">\n<p data-end=\"406\" data-start=\"189\"><span>Dans le\u00a0<\/span>19\u00e8me<span>, on prend le temps de monter jusqu\u2019au belv\u00e9d\u00e8re\u2026 et la vue vaut toujours le d\u00e9tour.<\/span><br data-start=\"292\" data-end=\"295\"><span>Ce pin\u2019s\u00a0<\/span><strong data-start=\"304\" data-end=\"324\">Timbre Paris 19\u00e8me<\/strong><span>\u00a0met en sc\u00e8ne les\u00a0<\/span>Buttes-Chaumont<span>, ce coin de verdure suspendu qui fait respirer la ville.<\/span><\/p>\n<p>\u00c0 porter sur un t-shirt, sur un pull ou \u00e0 accrocher par milliers sur vos tote bags. Toutes les occasions sont bonnes pour collectionner les pin&#8217;s\u00a0<em>Les Imprimeuses <\/em>!<\/p>\n<ul>\n<li>Dimensions du pin&#8217;s : environ 2,6 x 3,4 cm\n<\/li>\n<li>Dimension de la carte : 7,5 x 12,5 cm<\/li>\n<li>Pin&#8217;s \u00e9maill\u00e9 et num\u00e9rot\u00e9\n<\/li>\n<\/ul>\n<\/div>\n","protected":false},"excerpt":{"rendered":"<p>Collection Les Imprimeuses Dans le\u00a019\u00e8me, on prend le temps de monter jusqu\u2019au belv\u00e9d\u00e8re\u2026 et la vue vaut toujours le d\u00e9tour.Ce pin\u2019s\u00a0Timbre Paris 19\u00e8me\u00a0met en sc\u00e8ne les\u00a0Buttes-Chaumont, ce coin de verdure suspendu qui fait respirer la ville. \u00c0 porter sur un t-shirt, sur un pull ou \u00e0 accrocher par milliers sur vos tote bags. Toutes les [&hellip;]<\/p>\n","protected":false},"featured_media":3560777,"comment_status":"open","ping_status":"closed","template":"","meta":[],"product_brand":[],"product_cat":[],"product_tag":[],"acf":[],"_links":{"self":[{"href":"https:\/\/streetmarkets.fr\/app\/wp-json\/wp\/v2\/product\/3560776"}],"collection":[{"href":"https:\/\/streetmarkets.fr\/app\/wp-json\/wp\/v2\/product"}],"about":[{"href":"https:\/\/streetmarkets.fr\/app\/wp-json\/wp\/v2\/types\/product"}],"replies":[{"embeddable":true,"href":"https:\/\/streetmarkets.fr\/app\/wp-json\/wp\/v2\/comments?post=3560776"}],"wp:featuredmedia":[{"embeddable":true,"href":"https:\/\/streetmarkets.fr\/app\/wp-json\/wp\/v2\/media\/3560777"}],"wp:attachment":[{"href":"https:\/\/streetmarkets.fr\/app\/wp-json\/wp\/v2\/media?parent=3560776"}],"wp:term":[{"taxonomy":"product_brand","embeddable":true,"href":"https:\/\/streetmarkets.fr\/app\/wp-json\/wp\/v2\/product_brand?post=3560776"},{"taxonomy":"product_cat","embeddable":true,"href":"https:\/\/streetmarkets.fr\/app\/wp-json\/wp\/v2\/product_cat?post=3560776"},{"taxonomy":"product_tag","embeddable":true,"href":"https:\/\/streetmarkets.fr\/app\/wp-json\/wp\/v2\/product_tag?post=3560776"}],"curies":[{"name":"wp","href":"https:\/\/api.w.org\/{rel}","templated":true}]}}