{"id":3560772,"date":"2026-02-07T00:20:38","date_gmt":"2026-02-06T23:20:38","guid":{"rendered":"https:\/\/streetmarkets.fr\/app\/produit\/pins-timbre-paris-18eme\/"},"modified":"2026-05-16T01:17:38","modified_gmt":"2026-05-15T23:17:38","slug":"pins-timbre-paris-18eme","status":"publish","type":"product","link":"https:\/\/streetmarkets.fr\/app\/produit\/pins-timbre-paris-18eme\/","title":{"rendered":"Pin&#8217;s Timbre Paris 18\u00e8me"},"content":{"rendered":"<div class=\"rte-content\" id=\"product-description-short-41\">\n<a title=\"Collection Les Imprimeuses\" href=\"https:\/\/frenchtouche.com\/collections\/les-imprimeuses\"><strong>Collection Les Imprimeuses<\/strong><\/a>\n<\/div>\n<div class=\"rte-content\">\n<strong><\/strong>\n<\/div>\n<div class=\"rte-content\">\n<p data-start=\"189\" data-end=\"406\"><span class=\"_fadeIn_m1hgl_8\">Le 18\u00e8me, c&#8217;est l&#8217;\u00e2me de Paris en version vibrante. Entre les marches de la Butte, les ap\u00e9ros qui s&#8217;\u00e9ternisent \u00e0 Jules Joffrin, les \u00e9piceries du monde entier \u00e0 Ch\u00e2teau Rouge et les couchers de soleil de Montmartre, il y a toujours une raison d&#8217;aimer ce coin haut en couleur. Ici, l&#8217;inspiration est partout : dans la rue, dans les ateliers d&#8217;artistes, dans les voix qui montent des balcons.<\/span><\/p>\n<p>\u00c0 porter sur un t-shirt, sur un pull ou \u00e0 accrocher par milliers sur vos tote bags. Toutes les occasions sont bonnes pour collectionner les pin&#8217;s\u00a0<em>Les Imprimeuses <\/em>!<\/p>\n<ul>\n<li>Dimensions du pin&#8217;s : environ 2,6 x 3,4 cm\n<\/li>\n<li>Dimension de la carte : 7,5 x 12,5 cm<\/li>\n<li>Pin&#8217;s \u00e9maill\u00e9 et num\u00e9rot\u00e9\n<\/li>\n<\/ul>\n<\/div>\n","protected":false},"excerpt":{"rendered":"<p>Collection Les Imprimeuses Le 18\u00e8me, c&#8217;est l&#8217;\u00e2me de Paris en version vibrante. Entre les marches de la Butte, les ap\u00e9ros qui s&#8217;\u00e9ternisent \u00e0 Jules Joffrin, les \u00e9piceries du monde entier \u00e0 Ch\u00e2teau Rouge et les couchers de soleil de Montmartre, il y a toujours une raison d&#8217;aimer ce coin haut en couleur. Ici, l&#8217;inspiration est [&hellip;]<\/p>\n","protected":false},"featured_media":3560773,"comment_status":"open","ping_status":"closed","template":"","meta":[],"product_brand":[],"product_cat":[],"product_tag":[],"acf":[],"_links":{"self":[{"href":"https:\/\/streetmarkets.fr\/app\/wp-json\/wp\/v2\/product\/3560772"}],"collection":[{"href":"https:\/\/streetmarkets.fr\/app\/wp-json\/wp\/v2\/product"}],"about":[{"href":"https:\/\/streetmarkets.fr\/app\/wp-json\/wp\/v2\/types\/product"}],"replies":[{"embeddable":true,"href":"https:\/\/streetmarkets.fr\/app\/wp-json\/wp\/v2\/comments?post=3560772"}],"wp:featuredmedia":[{"embeddable":true,"href":"https:\/\/streetmarkets.fr\/app\/wp-json\/wp\/v2\/media\/3560773"}],"wp:attachment":[{"href":"https:\/\/streetmarkets.fr\/app\/wp-json\/wp\/v2\/media?parent=3560772"}],"wp:term":[{"taxonomy":"product_brand","embeddable":true,"href":"https:\/\/streetmarkets.fr\/app\/wp-json\/wp\/v2\/product_brand?post=3560772"},{"taxonomy":"product_cat","embeddable":true,"href":"https:\/\/streetmarkets.fr\/app\/wp-json\/wp\/v2\/product_cat?post=3560772"},{"taxonomy":"product_tag","embeddable":true,"href":"https:\/\/streetmarkets.fr\/app\/wp-json\/wp\/v2\/product_tag?post=3560772"}],"curies":[{"name":"wp","href":"https:\/\/api.w.org\/{rel}","templated":true}]}}