{"id":3560765,"date":"2026-02-07T00:20:37","date_gmt":"2026-02-06T23:20:37","guid":{"rendered":"https:\/\/streetmarkets.fr\/app\/produit\/pins-timbre-paris-15eme\/"},"modified":"2026-05-06T01:18:16","modified_gmt":"2026-05-05T23:18:16","slug":"pins-timbre-paris-15eme","status":"publish","type":"product","link":"https:\/\/streetmarkets.fr\/app\/produit\/pins-timbre-paris-15eme\/","title":{"rendered":"Pin&#8217;s Timbre Paris 15\u00e8me"},"content":{"rendered":"<div class=\"rte-content\" id=\"product-description-short-41\">\n<a title=\"Collection Les Imprimeuses\" href=\"https:\/\/frenchtouche.com\/collections\/les-imprimeuses\"><strong>Collection Les Imprimeuses<\/strong><\/a><strong><\/strong>\n<\/div>\n<div class=\"rte-content\">\n<strong><\/strong>\n<\/div>\n<div class=\"rte-content\">\n<p data-start=\"189\" data-end=\"406\" style=\"text-align: left\"><span class=\"_fadeIn_m1hgl_8\">Le 15\u00e8me, c&#8217;est le Paris de la ligne 6. Entre les march\u00e9s de la rue Lecourbe, les familles au parc Georges Brassens, les caf\u00e9s tranquilles de Commerce et les vues imprenables\u00a0 depuis le m\u00e9tro qui survole le quartier, on y vit \u00e0 son rythme, sans se presser.<\/span><\/p>\n<p data-start=\"189\" data-end=\"406\" style=\"text-align: left\"><span class=\"_fadeIn_m1hgl_8\">C&#8217;est un coin o\u00f9 les r\u00eaves prennent le temps de pousser, loin du bruit, mais toujours en mouvement.<\/span><\/p>\n<p>\u00c0 porter sur un t-shirt, sur un pull ou \u00e0 accrocher par milliers sur vos tote bags. Toutes les occasions sont bonnes pour collectionner les pin&#8217;s\u00a0<em>Les Imprimeuses <\/em>!<\/p>\n<ul>\n<li>Dimensions du pin&#8217;s : environ 2,6 x 3,4 cm\n<\/li>\n<li>Dimension de la carte : 7,5 x 12,5 cm<\/li>\n<li>Pin&#8217;s \u00e9maill\u00e9 et num\u00e9rot\u00e9\n<\/li>\n<\/ul>\n<\/div>\n","protected":false},"excerpt":{"rendered":"<p>Collection Les Imprimeuses Le 15\u00e8me, c&#8217;est le Paris de la ligne 6. Entre les march\u00e9s de la rue Lecourbe, les familles au parc Georges Brassens, les caf\u00e9s tranquilles de Commerce et les vues imprenables\u00a0 depuis le m\u00e9tro qui survole le quartier, on y vit \u00e0 son rythme, sans se presser. C&#8217;est un coin o\u00f9 les [&hellip;]<\/p>\n","protected":false},"featured_media":3560766,"comment_status":"open","ping_status":"closed","template":"","meta":[],"product_brand":[],"product_cat":[],"product_tag":[],"acf":[],"_links":{"self":[{"href":"https:\/\/streetmarkets.fr\/app\/wp-json\/wp\/v2\/product\/3560765"}],"collection":[{"href":"https:\/\/streetmarkets.fr\/app\/wp-json\/wp\/v2\/product"}],"about":[{"href":"https:\/\/streetmarkets.fr\/app\/wp-json\/wp\/v2\/types\/product"}],"replies":[{"embeddable":true,"href":"https:\/\/streetmarkets.fr\/app\/wp-json\/wp\/v2\/comments?post=3560765"}],"wp:featuredmedia":[{"embeddable":true,"href":"https:\/\/streetmarkets.fr\/app\/wp-json\/wp\/v2\/media\/3560766"}],"wp:attachment":[{"href":"https:\/\/streetmarkets.fr\/app\/wp-json\/wp\/v2\/media?parent=3560765"}],"wp:term":[{"taxonomy":"product_brand","embeddable":true,"href":"https:\/\/streetmarkets.fr\/app\/wp-json\/wp\/v2\/product_brand?post=3560765"},{"taxonomy":"product_cat","embeddable":true,"href":"https:\/\/streetmarkets.fr\/app\/wp-json\/wp\/v2\/product_cat?post=3560765"},{"taxonomy":"product_tag","embeddable":true,"href":"https:\/\/streetmarkets.fr\/app\/wp-json\/wp\/v2\/product_tag?post=3560765"}],"curies":[{"name":"wp","href":"https:\/\/api.w.org\/{rel}","templated":true}]}}