{"id":3560758,"date":"2026-02-07T00:20:37","date_gmt":"2026-02-06T23:20:37","guid":{"rendered":"https:\/\/streetmarkets.fr\/app\/produit\/pins-teckel-parisien\/"},"modified":"2026-05-06T01:18:16","modified_gmt":"2026-05-05T23:18:16","slug":"pins-teckel-parisien","status":"publish","type":"product","link":"https:\/\/streetmarkets.fr\/app\/produit\/pins-teckel-parisien\/","title":{"rendered":"Pin&#8217;s Teckel Parisien"},"content":{"rendered":"<div class=\"rte-content\" id=\"product-description-short-41\"><a title=\"Collection Les Imprimeuses\" href=\"https:\/\/frenchtouche.com\/collections\/les-imprimeuses\"><strong>Collection Les Imprimeuses<\/strong><\/a><\/div>\n<div class=\"rte-content\">\n<strong><\/strong>\n<\/div>\n<div class=\"rte-content\">\n<p data-start=\"177\" data-end=\"284\"><span>Un teckel, une baguette, un pull tricot\u00e9 main\u2026 et la Tour Eiffel en arri\u00e8re-plan : vous \u00eates \u00e0 Paris.<\/span><br data-start=\"415\" data-end=\"418\"><span>Le pin\u2019s\u00a0<\/span><strong data-start=\"427\" data-end=\"446\">Teckel Parisien<\/strong><span> revisite le clich\u00e9 parisien avec humour et po\u00e9sie. C<\/span><span>e chien \u00e9l\u00e9gant porte fi\u00e8rement son chandail et son b\u00e9ret, tout en grignotant sa baguette.<\/span><\/p>\n<p>\u00c0 porter sur un t-shirt, sur un pull ou \u00e0 accrocher par milliers sur vos tote bags. Toutes les occasions sont bonnes pour collectionner les pin&#8217;s\u00a0<em>Les Imprimeuses <\/em>!<\/p>\n<ul>\n<li>Dimensions du pin&#8217;s : environ 3 x 3 cm\n<\/li>\n<li>Dimension de la carte : 7,5 x 12,5 cm<\/li>\n<li>Pin&#8217;s \u00e9maill\u00e9 et num\u00e9rot\u00e9\n<\/li>\n<\/ul>\n<\/div>\n","protected":false},"excerpt":{"rendered":"<p>Collection Les Imprimeuses Un teckel, une baguette, un pull tricot\u00e9 main\u2026 et la Tour Eiffel en arri\u00e8re-plan : vous \u00eates \u00e0 Paris.Le pin\u2019s\u00a0Teckel Parisien revisite le clich\u00e9 parisien avec humour et po\u00e9sie. Ce chien \u00e9l\u00e9gant porte fi\u00e8rement son chandail et son b\u00e9ret, tout en grignotant sa baguette. \u00c0 porter sur un t-shirt, sur un pull [&hellip;]<\/p>\n","protected":false},"featured_media":3560759,"comment_status":"open","ping_status":"closed","template":"","meta":[],"product_brand":[],"product_cat":[],"product_tag":[],"acf":[],"_links":{"self":[{"href":"https:\/\/streetmarkets.fr\/app\/wp-json\/wp\/v2\/product\/3560758"}],"collection":[{"href":"https:\/\/streetmarkets.fr\/app\/wp-json\/wp\/v2\/product"}],"about":[{"href":"https:\/\/streetmarkets.fr\/app\/wp-json\/wp\/v2\/types\/product"}],"replies":[{"embeddable":true,"href":"https:\/\/streetmarkets.fr\/app\/wp-json\/wp\/v2\/comments?post=3560758"}],"wp:featuredmedia":[{"embeddable":true,"href":"https:\/\/streetmarkets.fr\/app\/wp-json\/wp\/v2\/media\/3560759"}],"wp:attachment":[{"href":"https:\/\/streetmarkets.fr\/app\/wp-json\/wp\/v2\/media?parent=3560758"}],"wp:term":[{"taxonomy":"product_brand","embeddable":true,"href":"https:\/\/streetmarkets.fr\/app\/wp-json\/wp\/v2\/product_brand?post=3560758"},{"taxonomy":"product_cat","embeddable":true,"href":"https:\/\/streetmarkets.fr\/app\/wp-json\/wp\/v2\/product_cat?post=3560758"},{"taxonomy":"product_tag","embeddable":true,"href":"https:\/\/streetmarkets.fr\/app\/wp-json\/wp\/v2\/product_tag?post=3560758"}],"curies":[{"name":"wp","href":"https:\/\/api.w.org\/{rel}","templated":true}]}}