{"id":3560745,"date":"2026-02-07T00:20:36","date_gmt":"2026-02-06T23:20:36","guid":{"rendered":"https:\/\/streetmarkets.fr\/app\/produit\/pins-rue-de-la-folie-damour\/"},"modified":"2026-05-09T01:17:29","modified_gmt":"2026-05-08T23:17:29","slug":"pins-rue-de-la-folie-damour","status":"publish","type":"product","link":"https:\/\/streetmarkets.fr\/app\/produit\/pins-rue-de-la-folie-damour\/","title":{"rendered":"Pin&#8217;s Rue de la Folie d&#8217;Amour"},"content":{"rendered":"<div id=\"product-description-short-41\" class=\"rte-content\"><a href=\"https:\/\/frenchtouche.com\/collections\/les-imprimeuses\" title=\"Collection Les Imprimeuses\"><strong>Collection Les Imprimeuses<\/strong><\/a><\/div>\n<div class=\"rte-content\">\n<span><\/span>\n<\/div>\n<div class=\"rte-content\">\n<p data-end=\"284\" data-start=\"177\"><span>L\u2019esprit des plaques de rue parisiennes, avec une touche romantique.<\/span><br data-start=\"263\" data-end=\"266\"><span>Ce pin\u2019s <strong>Rue de la Folie d\u2019Amour<\/strong> c\u00e9l\u00e8bre les histoires qui commencent, continuent et parfois d\u00e9bordent.\u00a0<\/span><\/p>\n<p>\u00c0 porter sur un t-shirt, sur un pull ou \u00e0 accrocher par milliers sur vos tote bags. Toutes les occasions sont bonnes pour collectionner les pin&#8217;s\u00a0<em>Les Imprimeuses <\/em>!<\/p>\n<ul>\n<li>Dimensions du pin&#8217;s : environ 3 x 3 cm\n<\/li>\n<li>Dimension de la carte : 7,5 x 12,5 cm<\/li>\n<li>Pin&#8217;s \u00e9maill\u00e9 et num\u00e9rot\u00e9\n<\/li>\n<\/ul>\n<\/div>\n","protected":false},"excerpt":{"rendered":"<p>Collection Les Imprimeuses L\u2019esprit des plaques de rue parisiennes, avec une touche romantique.Ce pin\u2019s Rue de la Folie d\u2019Amour c\u00e9l\u00e8bre les histoires qui commencent, continuent et parfois d\u00e9bordent.\u00a0 \u00c0 porter sur un t-shirt, sur un pull ou \u00e0 accrocher par milliers sur vos tote bags. Toutes les occasions sont bonnes pour collectionner les pin&#8217;s\u00a0Les Imprimeuses [&hellip;]<\/p>\n","protected":false},"featured_media":3560746,"comment_status":"open","ping_status":"closed","template":"","meta":[],"product_brand":[],"product_cat":[],"product_tag":[],"acf":[],"_links":{"self":[{"href":"https:\/\/streetmarkets.fr\/app\/wp-json\/wp\/v2\/product\/3560745"}],"collection":[{"href":"https:\/\/streetmarkets.fr\/app\/wp-json\/wp\/v2\/product"}],"about":[{"href":"https:\/\/streetmarkets.fr\/app\/wp-json\/wp\/v2\/types\/product"}],"replies":[{"embeddable":true,"href":"https:\/\/streetmarkets.fr\/app\/wp-json\/wp\/v2\/comments?post=3560745"}],"wp:featuredmedia":[{"embeddable":true,"href":"https:\/\/streetmarkets.fr\/app\/wp-json\/wp\/v2\/media\/3560746"}],"wp:attachment":[{"href":"https:\/\/streetmarkets.fr\/app\/wp-json\/wp\/v2\/media?parent=3560745"}],"wp:term":[{"taxonomy":"product_brand","embeddable":true,"href":"https:\/\/streetmarkets.fr\/app\/wp-json\/wp\/v2\/product_brand?post=3560745"},{"taxonomy":"product_cat","embeddable":true,"href":"https:\/\/streetmarkets.fr\/app\/wp-json\/wp\/v2\/product_cat?post=3560745"},{"taxonomy":"product_tag","embeddable":true,"href":"https:\/\/streetmarkets.fr\/app\/wp-json\/wp\/v2\/product_tag?post=3560745"}],"curies":[{"name":"wp","href":"https:\/\/api.w.org\/{rel}","templated":true}]}}