{"id":3560741,"date":"2026-02-07T00:20:35","date_gmt":"2026-02-06T23:20:35","guid":{"rendered":"https:\/\/streetmarkets.fr\/app\/produit\/pins-petit-mot\/"},"modified":"2026-05-13T01:19:02","modified_gmt":"2026-05-12T23:19:02","slug":"pins-petit-mot","status":"publish","type":"product","link":"https:\/\/streetmarkets.fr\/app\/produit\/pins-petit-mot\/","title":{"rendered":"Pin&#8217;s Petit Mot"},"content":{"rendered":"<div class=\"rte-content\" id=\"product-description-short-41\"><a title=\"Collection Les Imprimeuses\" href=\"https:\/\/frenchtouche.com\/collections\/les-imprimeuses\"><strong>Collection Les Imprimeuses<\/strong><\/a><\/div>\n<div class=\"rte-content\">\n<span><\/span>\n<\/div>\n<div class=\"rte-content\">\n<p data-start=\"177\" data-end=\"284\"><span>Un clin d\u2019\u0153il tendre \u00e0 celles et ceux qui aiment \u00e9crire, offrir, d\u00e9clarer.<\/span><br data-start=\"242\" data-end=\"245\"><span>Avec sa forme d\u2019enveloppe et son c\u0153ur rouge, le pin\u2019s\u00a0<\/span><strong data-start=\"299\" data-end=\"312\">Petit Mot<\/strong><span>\u00a0rappelle qu\u2019un message simple peut toucher profond\u00e9ment.<\/span><\/p>\n<p>\u00c0 porter sur un t-shirt, sur un pull ou \u00e0 accrocher par milliers sur vos tote bags. Toutes les occasions sont bonnes pour collectionner les pin&#8217;s\u00a0<em>Les Imprimeuses <\/em>!<\/p>\n<ul>\n<li>Dimensions du pin&#8217;s : environ 2,2 x 1,4 cm\n<\/li>\n<li>Dimension de la carte : 7,5 x 12,5 cm<\/li>\n<li>Pin&#8217;s \u00e9maill\u00e9 et num\u00e9rot\u00e9\n<\/li>\n<\/ul>\n<\/div>\n","protected":false},"excerpt":{"rendered":"<p>Collection Les Imprimeuses Un clin d\u2019\u0153il tendre \u00e0 celles et ceux qui aiment \u00e9crire, offrir, d\u00e9clarer.Avec sa forme d\u2019enveloppe et son c\u0153ur rouge, le pin\u2019s\u00a0Petit Mot\u00a0rappelle qu\u2019un message simple peut toucher profond\u00e9ment. \u00c0 porter sur un t-shirt, sur un pull ou \u00e0 accrocher par milliers sur vos tote bags. Toutes les occasions sont bonnes pour [&hellip;]<\/p>\n","protected":false},"featured_media":3560742,"comment_status":"open","ping_status":"closed","template":"","meta":[],"product_brand":[],"product_cat":[],"product_tag":[],"acf":[],"_links":{"self":[{"href":"https:\/\/streetmarkets.fr\/app\/wp-json\/wp\/v2\/product\/3560741"}],"collection":[{"href":"https:\/\/streetmarkets.fr\/app\/wp-json\/wp\/v2\/product"}],"about":[{"href":"https:\/\/streetmarkets.fr\/app\/wp-json\/wp\/v2\/types\/product"}],"replies":[{"embeddable":true,"href":"https:\/\/streetmarkets.fr\/app\/wp-json\/wp\/v2\/comments?post=3560741"}],"wp:featuredmedia":[{"embeddable":true,"href":"https:\/\/streetmarkets.fr\/app\/wp-json\/wp\/v2\/media\/3560742"}],"wp:attachment":[{"href":"https:\/\/streetmarkets.fr\/app\/wp-json\/wp\/v2\/media?parent=3560741"}],"wp:term":[{"taxonomy":"product_brand","embeddable":true,"href":"https:\/\/streetmarkets.fr\/app\/wp-json\/wp\/v2\/product_brand?post=3560741"},{"taxonomy":"product_cat","embeddable":true,"href":"https:\/\/streetmarkets.fr\/app\/wp-json\/wp\/v2\/product_cat?post=3560741"},{"taxonomy":"product_tag","embeddable":true,"href":"https:\/\/streetmarkets.fr\/app\/wp-json\/wp\/v2\/product_tag?post=3560741"}],"curies":[{"name":"wp","href":"https:\/\/api.w.org\/{rel}","templated":true}]}}