{"id":3560728,"date":"2026-02-07T00:20:34","date_gmt":"2026-02-06T23:20:34","guid":{"rendered":"https:\/\/streetmarkets.fr\/app\/produit\/pins-coeur-rouge\/"},"modified":"2026-05-13T01:19:02","modified_gmt":"2026-05-12T23:19:02","slug":"pins-coeur-rouge","status":"publish","type":"product","link":"https:\/\/streetmarkets.fr\/app\/produit\/pins-coeur-rouge\/","title":{"rendered":"Pin&#8217;s Coeur Rouge"},"content":{"rendered":"<div class=\"rte-content\" id=\"product-description-short-41\"><a title=\"Collection Les Imprimeuses\" href=\"https:\/\/frenchtouche.com\/collections\/les-imprimeuses\"><strong>Collection Les Imprimeuses<\/strong><\/a><\/div>\n<div class=\"rte-content\">\n<span><\/span>\n<\/div>\n<div class=\"rte-content\">\n<p data-start=\"177\" data-end=\"284\"><span><strong>Petit C\u0153ur<\/strong>, c\u00e9l\u00e9brons l&#8217;amour, c\u00e9l\u00e9brons la vie !<\/span><\/p>\n<p>\u00c0 porter sur un t-shirt, sur un pull ou \u00e0 accrocher par milliers sur vos tote bags. Toutes les occasions sont bonnes pour collectionner les pin&#8217;s\u00a0<em>Les Imprimeuses <\/em>!<\/p>\n<ul>\n<li>Dimensions du pin&#8217;s : environ 3 x 3 cm<\/li>\n<li>Dimensions de la carte : 7,5 x 12,5 cm<\/li>\n<li>Pin&#8217;s \u00e9maill\u00e9 et num\u00e9rot\u00e9\n<\/li>\n<\/ul>\n<\/div>\n","protected":false},"excerpt":{"rendered":"<p>Collection Les Imprimeuses Petit C\u0153ur, c\u00e9l\u00e9brons l&#8217;amour, c\u00e9l\u00e9brons la vie ! \u00c0 porter sur un t-shirt, sur un pull ou \u00e0 accrocher par milliers sur vos tote bags. Toutes les occasions sont bonnes pour collectionner les pin&#8217;s\u00a0Les Imprimeuses ! Dimensions du pin&#8217;s : environ 3 x 3 cm Dimensions de la carte : 7,5 x [&hellip;]<\/p>\n","protected":false},"featured_media":3560729,"comment_status":"open","ping_status":"closed","template":"","meta":[],"product_brand":[],"product_cat":[],"product_tag":[],"acf":[],"_links":{"self":[{"href":"https:\/\/streetmarkets.fr\/app\/wp-json\/wp\/v2\/product\/3560728"}],"collection":[{"href":"https:\/\/streetmarkets.fr\/app\/wp-json\/wp\/v2\/product"}],"about":[{"href":"https:\/\/streetmarkets.fr\/app\/wp-json\/wp\/v2\/types\/product"}],"replies":[{"embeddable":true,"href":"https:\/\/streetmarkets.fr\/app\/wp-json\/wp\/v2\/comments?post=3560728"}],"wp:featuredmedia":[{"embeddable":true,"href":"https:\/\/streetmarkets.fr\/app\/wp-json\/wp\/v2\/media\/3560729"}],"wp:attachment":[{"href":"https:\/\/streetmarkets.fr\/app\/wp-json\/wp\/v2\/media?parent=3560728"}],"wp:term":[{"taxonomy":"product_brand","embeddable":true,"href":"https:\/\/streetmarkets.fr\/app\/wp-json\/wp\/v2\/product_brand?post=3560728"},{"taxonomy":"product_cat","embeddable":true,"href":"https:\/\/streetmarkets.fr\/app\/wp-json\/wp\/v2\/product_cat?post=3560728"},{"taxonomy":"product_tag","embeddable":true,"href":"https:\/\/streetmarkets.fr\/app\/wp-json\/wp\/v2\/product_tag?post=3560728"}],"curies":[{"name":"wp","href":"https:\/\/api.w.org\/{rel}","templated":true}]}}