{"id":3560709,"date":"2026-02-06T23:49:15","date_gmt":"2026-02-06T22:49:15","guid":{"rendered":"https:\/\/streetmarkets.fr\/app\/produit\/ciele-casquette-gocap-athletics-gingerbread\/"},"modified":"2026-05-06T00:48:58","modified_gmt":"2026-05-05T22:48:58","slug":"ciele-casquette-gocap-athletics-gingerbread","status":"publish","type":"product","link":"https:\/\/streetmarkets.fr\/app\/produit\/ciele-casquette-gocap-athletics-gingerbread\/","title":{"rendered":"Ciele Casquette GoCap Athletics GingerBread"},"content":{"rendered":"<p>La casquette de running incontournable. Inspir\u00e9e par une d\u00e9cennie d&#8217;innovation, la GOCap Classic arbore le logo Athletics r\u00e9fl\u00e9chissant et propose des tissus am\u00e9lior\u00e9s dans une gamme de couleurs vari\u00e9es. Le maillage COOLmatic | PLUS FLOWmesh\u2122 int\u00e9gr\u00e9 aux panneaux sup\u00e9rieurs assure une ventilation cibl\u00e9e et une protection solaire optimale, tandis que le ripstop Xstop offre l\u00e9g\u00e8ret\u00e9 et durabilit\u00e9. La visi\u00e8re SOFTflat reste packable tout en gagnant en confort cette saison.<\/p>\n<p>Disponible en S\/M (56,5 cm \u00b1) et M\/L (58 cm \u00b1).<\/p>\n","protected":false},"excerpt":{"rendered":"<p>La casquette de running incontournable. Inspir\u00e9e par une d\u00e9cennie d&#8217;innovation, la GOCap Classic arbore le logo Athletics r\u00e9fl\u00e9chissant et propose des tissus am\u00e9lior\u00e9s dans une gamme de couleurs vari\u00e9es. Le maillage COOLmatic | PLUS FLOWmesh\u2122 int\u00e9gr\u00e9 aux panneaux sup\u00e9rieurs assure une ventilation cibl\u00e9e et une protection solaire optimale, tandis que le ripstop Xstop offre l\u00e9g\u00e8ret\u00e9 [&hellip;]<\/p>\n","protected":false},"featured_media":3560710,"comment_status":"open","ping_status":"closed","template":"","meta":[],"product_brand":[],"product_cat":[],"product_tag":[],"acf":[],"_links":{"self":[{"href":"https:\/\/streetmarkets.fr\/app\/wp-json\/wp\/v2\/product\/3560709"}],"collection":[{"href":"https:\/\/streetmarkets.fr\/app\/wp-json\/wp\/v2\/product"}],"about":[{"href":"https:\/\/streetmarkets.fr\/app\/wp-json\/wp\/v2\/types\/product"}],"replies":[{"embeddable":true,"href":"https:\/\/streetmarkets.fr\/app\/wp-json\/wp\/v2\/comments?post=3560709"}],"wp:featuredmedia":[{"embeddable":true,"href":"https:\/\/streetmarkets.fr\/app\/wp-json\/wp\/v2\/media\/3560710"}],"wp:attachment":[{"href":"https:\/\/streetmarkets.fr\/app\/wp-json\/wp\/v2\/media?parent=3560709"}],"wp:term":[{"taxonomy":"product_brand","embeddable":true,"href":"https:\/\/streetmarkets.fr\/app\/wp-json\/wp\/v2\/product_brand?post=3560709"},{"taxonomy":"product_cat","embeddable":true,"href":"https:\/\/streetmarkets.fr\/app\/wp-json\/wp\/v2\/product_cat?post=3560709"},{"taxonomy":"product_tag","embeddable":true,"href":"https:\/\/streetmarkets.fr\/app\/wp-json\/wp\/v2\/product_tag?post=3560709"}],"curies":[{"name":"wp","href":"https:\/\/api.w.org\/{rel}","templated":true}]}}