{"id":3560689,"date":"2026-02-06T23:49:13","date_gmt":"2026-02-06T22:49:13","guid":{"rendered":"https:\/\/streetmarkets.fr\/app\/produit\/ciele-casquette-gocap-comp-century-trooper\/"},"modified":"2026-05-02T00:49:13","modified_gmt":"2026-05-01T22:49:13","slug":"ciele-casquette-gocap-comp-century-trooper","status":"publish","type":"product","link":"https:\/\/streetmarkets.fr\/app\/produit\/ciele-casquette-gocap-comp-century-trooper\/","title":{"rendered":"Ciele Casquette GoCap Comp Century Trooper"},"content":{"rendered":"<p>La GOCap Century Comp r\u00e9invente votre compagnon de route pr\u00e9f\u00e9r\u00e9 ! Construite avec le tissu extensible FLEXweave, elle \u00e9pouse parfaitement votre t\u00eate tout en vous prot\u00e9geant des rayons UV. La technologie COOLmatic | PLUS MIKRAmesh\u2122 maintient votre t\u00eate au frais en \u00e9vacuant l&#8217;humidit\u00e9 et en neutralisant les odeurs. Disponible d\u00e9sormais en 3 tailles pour un ajustement impeccable, cette casquette est votre nouvelle arme secr\u00e8te pour les sorties estivales sans compromis.<\/p>\n","protected":false},"excerpt":{"rendered":"<p>La GOCap Century Comp r\u00e9invente votre compagnon de route pr\u00e9f\u00e9r\u00e9 ! Construite avec le tissu extensible FLEXweave, elle \u00e9pouse parfaitement votre t\u00eate tout en vous prot\u00e9geant des rayons UV. La technologie COOLmatic | PLUS MIKRAmesh\u2122 maintient votre t\u00eate au frais en \u00e9vacuant l&#8217;humidit\u00e9 et en neutralisant les odeurs. Disponible d\u00e9sormais en 3 tailles pour un [&hellip;]<\/p>\n","protected":false},"featured_media":3560690,"comment_status":"open","ping_status":"closed","template":"","meta":[],"product_brand":[],"product_cat":[],"product_tag":[],"acf":[],"_links":{"self":[{"href":"https:\/\/streetmarkets.fr\/app\/wp-json\/wp\/v2\/product\/3560689"}],"collection":[{"href":"https:\/\/streetmarkets.fr\/app\/wp-json\/wp\/v2\/product"}],"about":[{"href":"https:\/\/streetmarkets.fr\/app\/wp-json\/wp\/v2\/types\/product"}],"replies":[{"embeddable":true,"href":"https:\/\/streetmarkets.fr\/app\/wp-json\/wp\/v2\/comments?post=3560689"}],"wp:featuredmedia":[{"embeddable":true,"href":"https:\/\/streetmarkets.fr\/app\/wp-json\/wp\/v2\/media\/3560690"}],"wp:attachment":[{"href":"https:\/\/streetmarkets.fr\/app\/wp-json\/wp\/v2\/media?parent=3560689"}],"wp:term":[{"taxonomy":"product_brand","embeddable":true,"href":"https:\/\/streetmarkets.fr\/app\/wp-json\/wp\/v2\/product_brand?post=3560689"},{"taxonomy":"product_cat","embeddable":true,"href":"https:\/\/streetmarkets.fr\/app\/wp-json\/wp\/v2\/product_cat?post=3560689"},{"taxonomy":"product_tag","embeddable":true,"href":"https:\/\/streetmarkets.fr\/app\/wp-json\/wp\/v2\/product_tag?post=3560689"}],"curies":[{"name":"wp","href":"https:\/\/api.w.org\/{rel}","templated":true}]}}