{"id":3560666,"date":"2026-02-06T23:48:28","date_gmt":"2026-02-06T22:48:28","guid":{"rendered":"https:\/\/streetmarkets.fr\/app\/produit\/rapha-gants-trail-finale\/"},"modified":"2026-05-11T00:48:43","modified_gmt":"2026-05-10T22:48:43","slug":"rapha-gants-trail-finale","status":"publish","type":"product","link":"https:\/\/streetmarkets.fr\/app\/produit\/rapha-gants-trail-finale\/","title":{"rendered":"Rapha Gants Trail Finale"},"content":{"rendered":"<p data-start=\"314\" data-end=\"463\">Les Rapha Trail Finale Gloves sont des gants VTT et gravel l\u00e9gers et r\u00e9sistants, con\u00e7us pour les pratiques engag\u00e9es sur sentiers, en trail et enduro.<\/p>\n<p data-start=\"465\" data-end=\"702\">D\u00e9velopp\u00e9s avec des coureurs professionnels, ils offrent performance et fiabilit\u00e9 lorsque l\u2019intensit\u00e9 augmente. Le tissu Cordura sur le dos de la main assure une excellente r\u00e9sistance \u00e0 l\u2019abrasion tout en restant l\u00e9ger et peu encombrant.<\/p>\n<p data-start=\"704\" data-end=\"889\">La paume en daim synth\u00e9tique AX garantit une adh\u00e9rence optimale dans toutes les conditions, pour un contr\u00f4le pr\u00e9cis et une confiance maximale sur les terrains techniques, toute l\u2019ann\u00e9e.<\/p>\n","protected":false},"excerpt":{"rendered":"<p>Les Rapha Trail Finale Gloves sont des gants VTT et gravel l\u00e9gers et r\u00e9sistants, con\u00e7us pour les pratiques engag\u00e9es sur sentiers, en trail et enduro. D\u00e9velopp\u00e9s avec des coureurs professionnels, ils offrent performance et fiabilit\u00e9 lorsque l\u2019intensit\u00e9 augmente. Le tissu Cordura sur le dos de la main assure une excellente r\u00e9sistance \u00e0 l\u2019abrasion tout en [&hellip;]<\/p>\n","protected":false},"featured_media":3560667,"comment_status":"open","ping_status":"closed","template":"","meta":[],"product_brand":[],"product_cat":[],"product_tag":[],"acf":[],"_links":{"self":[{"href":"https:\/\/streetmarkets.fr\/app\/wp-json\/wp\/v2\/product\/3560666"}],"collection":[{"href":"https:\/\/streetmarkets.fr\/app\/wp-json\/wp\/v2\/product"}],"about":[{"href":"https:\/\/streetmarkets.fr\/app\/wp-json\/wp\/v2\/types\/product"}],"replies":[{"embeddable":true,"href":"https:\/\/streetmarkets.fr\/app\/wp-json\/wp\/v2\/comments?post=3560666"}],"wp:featuredmedia":[{"embeddable":true,"href":"https:\/\/streetmarkets.fr\/app\/wp-json\/wp\/v2\/media\/3560667"}],"wp:attachment":[{"href":"https:\/\/streetmarkets.fr\/app\/wp-json\/wp\/v2\/media?parent=3560666"}],"wp:term":[{"taxonomy":"product_brand","embeddable":true,"href":"https:\/\/streetmarkets.fr\/app\/wp-json\/wp\/v2\/product_brand?post=3560666"},{"taxonomy":"product_cat","embeddable":true,"href":"https:\/\/streetmarkets.fr\/app\/wp-json\/wp\/v2\/product_cat?post=3560666"},{"taxonomy":"product_tag","embeddable":true,"href":"https:\/\/streetmarkets.fr\/app\/wp-json\/wp\/v2\/product_tag?post=3560666"}],"curies":[{"name":"wp","href":"https:\/\/api.w.org\/{rel}","templated":true}]}}