{"id":3560656,"date":"2026-02-06T07:41:21","date_gmt":"2026-02-06T06:41:21","guid":{"rendered":"https:\/\/streetmarkets.fr\/app\/produit\/grace-basket-small-kaki-dragon-diffusion\/"},"modified":"2026-05-05T08:39:45","modified_gmt":"2026-05-05T06:39:45","slug":"grace-basket-small-kaki-dragon-diffusion","status":"publish","type":"product","link":"https:\/\/streetmarkets.fr\/app\/produit\/grace-basket-small-kaki-dragon-diffusion\/","title":{"rendered":"Grace Basket small kaki &#8211; Dragon Diffusion"},"content":{"rendered":"<p>Le Grace Basket Small de chez Dragon Diffusion, est une version plus fa\u00e7onn\u00e9e et arrondie des sacs Triple Jump.<\/p>\n<p>Confectionn\u00e9 en cuir, non doubl\u00e9 et \u00e0 l&#8217;ouverture libre, ce panier pr\u00e9sente des poign\u00e9es tress\u00e9es et un tissage en diagonale qui maintient sa forme. L&#8217;accessoire id\u00e9al pour une soir\u00e9e d&#8217;\u00e9t\u00e9 d\u00e9contract\u00e9e.\u00a0<\/p>\n<p>\u00c0 l&#8217;int\u00e9rieur de chaque sac Dragon Diffusion, se trouve une m\u00e9daille d\u00e9di\u00e9e \u00e0 Saint-Christophe, patron des voyageurs, minutieusement cousue \u00e0 la main, incarnant le sceau d&#8217;authenticit\u00e9 de la marque Dragon Diffusion.<\/p>\n","protected":false},"excerpt":{"rendered":"<p>Le Grace Basket Small de chez Dragon Diffusion, est une version plus fa\u00e7onn\u00e9e et arrondie des sacs Triple Jump. Confectionn\u00e9 en cuir, non doubl\u00e9 et \u00e0 l&#8217;ouverture libre, ce panier pr\u00e9sente des poign\u00e9es tress\u00e9es et un tissage en diagonale qui maintient sa forme. L&#8217;accessoire id\u00e9al pour une soir\u00e9e d&#8217;\u00e9t\u00e9 d\u00e9contract\u00e9e.\u00a0 \u00c0 l&#8217;int\u00e9rieur de chaque sac [&hellip;]<\/p>\n","protected":false},"featured_media":3560657,"comment_status":"open","ping_status":"closed","template":"","meta":[],"product_brand":[],"product_cat":[],"product_tag":[],"acf":[],"_links":{"self":[{"href":"https:\/\/streetmarkets.fr\/app\/wp-json\/wp\/v2\/product\/3560656"}],"collection":[{"href":"https:\/\/streetmarkets.fr\/app\/wp-json\/wp\/v2\/product"}],"about":[{"href":"https:\/\/streetmarkets.fr\/app\/wp-json\/wp\/v2\/types\/product"}],"replies":[{"embeddable":true,"href":"https:\/\/streetmarkets.fr\/app\/wp-json\/wp\/v2\/comments?post=3560656"}],"wp:featuredmedia":[{"embeddable":true,"href":"https:\/\/streetmarkets.fr\/app\/wp-json\/wp\/v2\/media\/3560657"}],"wp:attachment":[{"href":"https:\/\/streetmarkets.fr\/app\/wp-json\/wp\/v2\/media?parent=3560656"}],"wp:term":[{"taxonomy":"product_brand","embeddable":true,"href":"https:\/\/streetmarkets.fr\/app\/wp-json\/wp\/v2\/product_brand?post=3560656"},{"taxonomy":"product_cat","embeddable":true,"href":"https:\/\/streetmarkets.fr\/app\/wp-json\/wp\/v2\/product_cat?post=3560656"},{"taxonomy":"product_tag","embeddable":true,"href":"https:\/\/streetmarkets.fr\/app\/wp-json\/wp\/v2\/product_tag?post=3560656"}],"curies":[{"name":"wp","href":"https:\/\/api.w.org\/{rel}","templated":true}]}}