{"id":3546262,"date":"2026-02-05T00:40:25","date_gmt":"2026-02-04T23:40:25","guid":{"rendered":"https:\/\/streetmarkets.fr\/app\/produit\/pins-enveloppe-coeur-paillete-coucou-suzette\/"},"modified":"2026-05-09T01:40:47","modified_gmt":"2026-05-08T23:40:47","slug":"pins-enveloppe-coeur-paillete-coucou-suzette","status":"publish","type":"product","link":"https:\/\/streetmarkets.fr\/app\/produit\/pins-enveloppe-coeur-paillete-coucou-suzette\/","title":{"rendered":"Pin\u2019s Enveloppe c\u0153ur paillet\u00e9 &#8211; Coucou Suzette"},"content":{"rendered":"<p data-rte-preserve-empty=\"true\">Pin\u2019s Enveloppe c\u0153ur paillet\u00e9 &#8211; Coucou Suzette<\/p>\n<p data-rte-preserve-empty=\"true\">Discret, symbolique et plein de charme \ud83d\udc96, le <strong>pin\u2019s Enveloppe<\/strong> est l\u2019accessoire parfait pour glisser une touche de romantisme dans votre quotidien. En forme de <strong>petite enveloppe scell\u00e9e par un c\u0153ur paillet\u00e9<\/strong>, il \u00e9voque les mots doux, les surprises et les d\u00e9clarations inattendues.<\/p>\n<p data-rte-preserve-empty=\"true\">\u00c0 accrocher sur une <strong>veste, un sac, un pull ou un col<\/strong>, ce pin\u2019s simple et efficace s\u2019int\u00e8gre facilement \u00e0 tous les styles. Minimaliste mais expressif, il fait un <strong>joli clin d\u2019\u0153il amoureux<\/strong>, \u00e0 offrir ou \u00e0 s\u2019offrir, quelle que soit l\u2019occasion.<\/p>\n<p data-rte-preserve-empty=\"true\">Et qui sait ce qu\u2019il contient\u2026 \ud83d\udc8c Une lettre d\u2019amour ? Une photo ? Un ch\u00e8que ? On prend tout.<\/p>\n<p data-rte-preserve-empty=\"true\">Pour un duo parfait, d\u00e9couvrez \u00e9galement la <strong>mini pince \u00e0 cheveux Enveloppe assortie<\/strong>.<\/p>\n<p data-rte-preserve-empty=\"true\">D\u00e9tails &amp; caract\u00e9ristiques<\/p>\n<ul data-rte-list=\"default\">\n<li>\n<p data-rte-preserve-empty=\"true\">Pin\u2019s fantaisie<\/p>\n<\/li>\n<li>\n<p data-rte-preserve-empty=\"true\">Motif : Enveloppe avec c\u0153ur paillet\u00e9<\/p>\n<\/li>\n<li>\n<p data-rte-preserve-empty=\"true\">Composition : Fer<\/p>\n<\/li>\n<li>\n<p data-rte-preserve-empty=\"true\">Attache : Papillon<\/p>\n<\/li>\n<li>\n<p data-rte-preserve-empty=\"true\">Longueur de la tige : 7 mm<\/p>\n<\/li>\n<li>\n<p data-rte-preserve-empty=\"true\">Fabrication : Chine (usine audit\u00e9e)<\/p>\n<\/li>\n<\/ul>\n","protected":false},"excerpt":{"rendered":"<p>Pin\u2019s Enveloppe c\u0153ur paillet\u00e9 &#8211; Coucou Suzette Discret, symbolique et plein de charme \ud83d\udc96, le pin\u2019s Enveloppe est l\u2019accessoire parfait pour glisser une touche de romantisme dans votre quotidien. En forme de petite enveloppe scell\u00e9e par un c\u0153ur paillet\u00e9, il \u00e9voque les mots doux, les surprises et les d\u00e9clarations inattendues. \u00c0 accrocher sur une veste, [&hellip;]<\/p>\n","protected":false},"featured_media":3546263,"comment_status":"open","ping_status":"closed","template":"","meta":[],"product_brand":[],"product_cat":[],"product_tag":[],"acf":[],"_links":{"self":[{"href":"https:\/\/streetmarkets.fr\/app\/wp-json\/wp\/v2\/product\/3546262"}],"collection":[{"href":"https:\/\/streetmarkets.fr\/app\/wp-json\/wp\/v2\/product"}],"about":[{"href":"https:\/\/streetmarkets.fr\/app\/wp-json\/wp\/v2\/types\/product"}],"replies":[{"embeddable":true,"href":"https:\/\/streetmarkets.fr\/app\/wp-json\/wp\/v2\/comments?post=3546262"}],"wp:featuredmedia":[{"embeddable":true,"href":"https:\/\/streetmarkets.fr\/app\/wp-json\/wp\/v2\/media\/3546263"}],"wp:attachment":[{"href":"https:\/\/streetmarkets.fr\/app\/wp-json\/wp\/v2\/media?parent=3546262"}],"wp:term":[{"taxonomy":"product_brand","embeddable":true,"href":"https:\/\/streetmarkets.fr\/app\/wp-json\/wp\/v2\/product_brand?post=3546262"},{"taxonomy":"product_cat","embeddable":true,"href":"https:\/\/streetmarkets.fr\/app\/wp-json\/wp\/v2\/product_cat?post=3546262"},{"taxonomy":"product_tag","embeddable":true,"href":"https:\/\/streetmarkets.fr\/app\/wp-json\/wp\/v2\/product_tag?post=3546262"}],"curies":[{"name":"wp","href":"https:\/\/api.w.org\/{rel}","templated":true}]}}