{"id":3545508,"date":"2026-02-04T02:59:11","date_gmt":"2026-02-04T01:59:11","guid":{"rendered":"https:\/\/streetmarkets.fr\/app\/produit\/stripe-rib-crew-socks\/"},"modified":"2026-05-06T03:53:16","modified_gmt":"2026-05-06T01:53:16","slug":"stripe-rib-crew-socks","status":"publish","type":"product","link":"https:\/\/streetmarkets.fr\/app\/produit\/stripe-rib-crew-socks\/","title":{"rendered":"Stripe Rib Crew Socks"},"content":{"rendered":"<p>Chaussettes griff\u00e9es Signature, fabriqu\u00e9es en coton japonais.<\/p>\n<ul>\n<li>Logo vowels sur la cheville et la semelle.<\/li>\n<li>Tricot \u00e0 poils sur la semelle et le talon pour un meilleur maintien.<\/li>\n<\/ul>\n<p>Fabriqu\u00e9 au Japon<\/p>\n<p>VO-25AW-AC054-20-0<\/p>\n","protected":false},"excerpt":{"rendered":"<p>Chaussettes griff\u00e9es Signature, fabriqu\u00e9es en coton japonais. Logo vowels sur la cheville et la semelle. Tricot \u00e0 poils sur la semelle et le talon pour un meilleur maintien. Fabriqu\u00e9 au Japon VO-25AW-AC054-20-0<\/p>\n","protected":false},"featured_media":3545509,"comment_status":"open","ping_status":"closed","template":"","meta":[],"product_brand":[],"product_cat":[],"product_tag":[],"acf":[],"_links":{"self":[{"href":"https:\/\/streetmarkets.fr\/app\/wp-json\/wp\/v2\/product\/3545508"}],"collection":[{"href":"https:\/\/streetmarkets.fr\/app\/wp-json\/wp\/v2\/product"}],"about":[{"href":"https:\/\/streetmarkets.fr\/app\/wp-json\/wp\/v2\/types\/product"}],"replies":[{"embeddable":true,"href":"https:\/\/streetmarkets.fr\/app\/wp-json\/wp\/v2\/comments?post=3545508"}],"wp:featuredmedia":[{"embeddable":true,"href":"https:\/\/streetmarkets.fr\/app\/wp-json\/wp\/v2\/media\/3545509"}],"wp:attachment":[{"href":"https:\/\/streetmarkets.fr\/app\/wp-json\/wp\/v2\/media?parent=3545508"}],"wp:term":[{"taxonomy":"product_brand","embeddable":true,"href":"https:\/\/streetmarkets.fr\/app\/wp-json\/wp\/v2\/product_brand?post=3545508"},{"taxonomy":"product_cat","embeddable":true,"href":"https:\/\/streetmarkets.fr\/app\/wp-json\/wp\/v2\/product_cat?post=3545508"},{"taxonomy":"product_tag","embeddable":true,"href":"https:\/\/streetmarkets.fr\/app\/wp-json\/wp\/v2\/product_tag?post=3545508"}],"curies":[{"name":"wp","href":"https:\/\/api.w.org\/{rel}","templated":true}]}}