{"id":3545494,"date":"2026-02-04T02:59:09","date_gmt":"2026-02-04T01:59:09","guid":{"rendered":"https:\/\/streetmarkets.fr\/app\/produit\/beanie-4\/"},"modified":"2026-05-10T03:53:15","modified_gmt":"2026-05-10T01:53:15","slug":"beanie-4","status":"publish","type":"product","link":"https:\/\/streetmarkets.fr\/app\/produit\/beanie-4\/","title":{"rendered":"Beanie"},"content":{"rendered":"<p>Bonnet en coton et cachemire m\u00e9lang\u00e9s, disponible dans une gamme de couleurs \u00e9l\u00e9gantes.<\/p>\n<ul>\n<li>Tricot c\u00f4tel\u00e9 7G<\/li>\n<li>\u00c9tiquette de la marque Vowels sur le revers<\/li>\n<li>Couleur uniforme<\/li>\n<\/ul>\n<p>80% laine 20% cachemire<\/p>\n<p>VO-25AW-AC066-20-0<\/p>\n","protected":false},"excerpt":{"rendered":"<p>Bonnet en coton et cachemire m\u00e9lang\u00e9s, disponible dans une gamme de couleurs \u00e9l\u00e9gantes. Tricot c\u00f4tel\u00e9 7G \u00c9tiquette de la marque Vowels sur le revers Couleur uniforme 80% laine 20% cachemire VO-25AW-AC066-20-0<\/p>\n","protected":false},"featured_media":3545495,"comment_status":"open","ping_status":"closed","template":"","meta":[],"product_brand":[],"product_cat":[],"product_tag":[],"acf":[],"_links":{"self":[{"href":"https:\/\/streetmarkets.fr\/app\/wp-json\/wp\/v2\/product\/3545494"}],"collection":[{"href":"https:\/\/streetmarkets.fr\/app\/wp-json\/wp\/v2\/product"}],"about":[{"href":"https:\/\/streetmarkets.fr\/app\/wp-json\/wp\/v2\/types\/product"}],"replies":[{"embeddable":true,"href":"https:\/\/streetmarkets.fr\/app\/wp-json\/wp\/v2\/comments?post=3545494"}],"wp:featuredmedia":[{"embeddable":true,"href":"https:\/\/streetmarkets.fr\/app\/wp-json\/wp\/v2\/media\/3545495"}],"wp:attachment":[{"href":"https:\/\/streetmarkets.fr\/app\/wp-json\/wp\/v2\/media?parent=3545494"}],"wp:term":[{"taxonomy":"product_brand","embeddable":true,"href":"https:\/\/streetmarkets.fr\/app\/wp-json\/wp\/v2\/product_brand?post=3545494"},{"taxonomy":"product_cat","embeddable":true,"href":"https:\/\/streetmarkets.fr\/app\/wp-json\/wp\/v2\/product_cat?post=3545494"},{"taxonomy":"product_tag","embeddable":true,"href":"https:\/\/streetmarkets.fr\/app\/wp-json\/wp\/v2\/product_tag?post=3545494"}],"curies":[{"name":"wp","href":"https:\/\/api.w.org\/{rel}","templated":true}]}}