{"id":3545354,"date":"2026-02-04T02:58:58","date_gmt":"2026-02-04T01:58:58","guid":{"rendered":"https:\/\/streetmarkets.fr\/app\/produit\/blur-hoodie-2\/"},"modified":"2026-05-13T03:53:48","modified_gmt":"2026-05-13T01:53:48","slug":"blur-hoodie-2","status":"publish","type":"product","link":"https:\/\/streetmarkets.fr\/app\/produit\/blur-hoodie-2\/","title":{"rendered":"Blur Hoodie"},"content":{"rendered":"<p>Sweat \u00e0 capuche classique , avec le logo Vowels s\u00e9rigraphi\u00e9 sur la poitrine, logo brod\u00e9 sur la manche gauche, cordons plats et renforts en V sur la capuche et les coutures du col.<\/p>\n<ul>\n<li>Coton 652 g\/m\u00b2 (\u00e9pais)<\/li>\n<li>Maille circulaire \u00e9paisse en French Terry<\/li>\n<li>Tissu polaire \u00e9pais et r\u00e9sistant<\/li>\n<li>Propri\u00e9t\u00e9s isolantes et absorbantes, convient pour \u00eatre port\u00e9 toute l&#8217;ann\u00e9e<\/li>\n<\/ul>\n<p>100% coton<\/p>\n<p>Fabriqu\u00e9 au Japon<\/p>\n<p>VO-24AW-H013-99<\/p>\n","protected":false},"excerpt":{"rendered":"<p>Sweat \u00e0 capuche classique , avec le logo Vowels s\u00e9rigraphi\u00e9 sur la poitrine, logo brod\u00e9 sur la manche gauche, cordons plats et renforts en V sur la capuche et les coutures du col. Coton 652 g\/m\u00b2 (\u00e9pais) Maille circulaire \u00e9paisse en French Terry Tissu polaire \u00e9pais et r\u00e9sistant Propri\u00e9t\u00e9s isolantes et absorbantes, convient pour \u00eatre [&hellip;]<\/p>\n","protected":false},"featured_media":3545355,"comment_status":"open","ping_status":"closed","template":"","meta":[],"product_brand":[],"product_cat":[],"product_tag":[],"acf":[],"_links":{"self":[{"href":"https:\/\/streetmarkets.fr\/app\/wp-json\/wp\/v2\/product\/3545354"}],"collection":[{"href":"https:\/\/streetmarkets.fr\/app\/wp-json\/wp\/v2\/product"}],"about":[{"href":"https:\/\/streetmarkets.fr\/app\/wp-json\/wp\/v2\/types\/product"}],"replies":[{"embeddable":true,"href":"https:\/\/streetmarkets.fr\/app\/wp-json\/wp\/v2\/comments?post=3545354"}],"wp:featuredmedia":[{"embeddable":true,"href":"https:\/\/streetmarkets.fr\/app\/wp-json\/wp\/v2\/media\/3545355"}],"wp:attachment":[{"href":"https:\/\/streetmarkets.fr\/app\/wp-json\/wp\/v2\/media?parent=3545354"}],"wp:term":[{"taxonomy":"product_brand","embeddable":true,"href":"https:\/\/streetmarkets.fr\/app\/wp-json\/wp\/v2\/product_brand?post=3545354"},{"taxonomy":"product_cat","embeddable":true,"href":"https:\/\/streetmarkets.fr\/app\/wp-json\/wp\/v2\/product_cat?post=3545354"},{"taxonomy":"product_tag","embeddable":true,"href":"https:\/\/streetmarkets.fr\/app\/wp-json\/wp\/v2\/product_tag?post=3545354"}],"curies":[{"name":"wp","href":"https:\/\/api.w.org\/{rel}","templated":true}]}}