{"id":3545347,"date":"2026-02-04T02:58:48","date_gmt":"2026-02-04T01:58:48","guid":{"rendered":"https:\/\/streetmarkets.fr\/app\/produit\/split-raglan-coat\/"},"modified":"2026-05-09T03:52:45","modified_gmt":"2026-05-09T01:52:45","slug":"split-raglan-coat","status":"publish","type":"product","link":"https:\/\/streetmarkets.fr\/app\/produit\/split-raglan-coat\/","title":{"rendered":"Split Raglan Coat"},"content":{"rendered":"<p>Un manteau raglan fendu raffin\u00e9, confectionn\u00e9 dans un tissu m\u00e9lang\u00e9 laine-mohair \u00e9pais.<\/p>\n<ul>\n<li>Boutons en buffle grav\u00e9s du logo vowels.<\/li>\n<li>Deux poches ext\u00e9rieures.<\/li>\n<li>Deux poches int\u00e9rieures.<\/li>\n<li>Enti\u00e8rement doubl\u00e9 en cupro.<\/li>\n<li>Torse doubl\u00e9 d&#8217;un tissu imprim\u00e9 Vowels personnalis\u00e9.<\/li>\n<\/ul>\n<p>Fabriqu\u00e9 au Japon<\/p>\n<p>VO-25AW-OW026-20-3<\/p>\n","protected":false},"excerpt":{"rendered":"<p>Un manteau raglan fendu raffin\u00e9, confectionn\u00e9 dans un tissu m\u00e9lang\u00e9 laine-mohair \u00e9pais. Boutons en buffle grav\u00e9s du logo vowels. Deux poches ext\u00e9rieures. Deux poches int\u00e9rieures. Enti\u00e8rement doubl\u00e9 en cupro. Torse doubl\u00e9 d&#8217;un tissu imprim\u00e9 Vowels personnalis\u00e9. Fabriqu\u00e9 au Japon VO-25AW-OW026-20-3<\/p>\n","protected":false},"featured_media":3545348,"comment_status":"open","ping_status":"closed","template":"","meta":[],"product_brand":[],"product_cat":[],"product_tag":[],"acf":[],"_links":{"self":[{"href":"https:\/\/streetmarkets.fr\/app\/wp-json\/wp\/v2\/product\/3545347"}],"collection":[{"href":"https:\/\/streetmarkets.fr\/app\/wp-json\/wp\/v2\/product"}],"about":[{"href":"https:\/\/streetmarkets.fr\/app\/wp-json\/wp\/v2\/types\/product"}],"replies":[{"embeddable":true,"href":"https:\/\/streetmarkets.fr\/app\/wp-json\/wp\/v2\/comments?post=3545347"}],"wp:featuredmedia":[{"embeddable":true,"href":"https:\/\/streetmarkets.fr\/app\/wp-json\/wp\/v2\/media\/3545348"}],"wp:attachment":[{"href":"https:\/\/streetmarkets.fr\/app\/wp-json\/wp\/v2\/media?parent=3545347"}],"wp:term":[{"taxonomy":"product_brand","embeddable":true,"href":"https:\/\/streetmarkets.fr\/app\/wp-json\/wp\/v2\/product_brand?post=3545347"},{"taxonomy":"product_cat","embeddable":true,"href":"https:\/\/streetmarkets.fr\/app\/wp-json\/wp\/v2\/product_cat?post=3545347"},{"taxonomy":"product_tag","embeddable":true,"href":"https:\/\/streetmarkets.fr\/app\/wp-json\/wp\/v2\/product_tag?post=3545347"}],"curies":[{"name":"wp","href":"https:\/\/api.w.org\/{rel}","templated":true}]}}