{"id":3544938,"date":"2026-02-04T02:03:21","date_gmt":"2026-02-04T01:03:21","guid":{"rendered":"https:\/\/streetmarkets.fr\/app\/produit\/gazelle-indoor-pour-hommes-261-m-dark-brown\/"},"modified":"2026-05-17T02:37:42","modified_gmt":"2026-05-17T00:37:42","slug":"gazelle-indoor-pour-hommes-261-m-dark-brown","status":"publish","type":"product","link":"https:\/\/streetmarkets.fr\/app\/produit\/gazelle-indoor-pour-hommes-261-m-dark-brown\/","title":{"rendered":"Gazelle Indoor pour Homme (261 \/ M \/ DARK BROWN)"},"content":{"rendered":"<p>Les sneakers Adidas Gazelle Indoor pr\u00e9sentent une tige en su\u00e8de et 3 bandes en cuir sur une semelle ext\u00e9rieure en gomme translucide.<\/p>\n<ul>\n<li>Taille normalement<\/li>\n<li>Style\u00a0: IH9659<\/li>\n<li>Couleur\u00a0: Brown \/ Lucid Tangerine \/ Wonder White<\/li>\n<\/ul>\n","protected":false},"excerpt":{"rendered":"<p>Les sneakers Adidas Gazelle Indoor pr\u00e9sentent une tige en su\u00e8de et 3 bandes en cuir sur une semelle ext\u00e9rieure en gomme translucide. Taille normalement Style\u00a0: IH9659 Couleur\u00a0: Brown \/ Lucid Tangerine \/ Wonder White<\/p>\n","protected":false},"featured_media":4149619,"comment_status":"open","ping_status":"closed","template":"","meta":[],"product_brand":[2530],"product_cat":[],"product_tag":[],"acf":[],"_links":{"self":[{"href":"https:\/\/streetmarkets.fr\/app\/wp-json\/wp\/v2\/product\/3544938"}],"collection":[{"href":"https:\/\/streetmarkets.fr\/app\/wp-json\/wp\/v2\/product"}],"about":[{"href":"https:\/\/streetmarkets.fr\/app\/wp-json\/wp\/v2\/types\/product"}],"replies":[{"embeddable":true,"href":"https:\/\/streetmarkets.fr\/app\/wp-json\/wp\/v2\/comments?post=3544938"}],"wp:featuredmedia":[{"embeddable":true,"href":"https:\/\/streetmarkets.fr\/app\/wp-json\/wp\/v2\/media\/4149619"}],"wp:attachment":[{"href":"https:\/\/streetmarkets.fr\/app\/wp-json\/wp\/v2\/media?parent=3544938"}],"wp:term":[{"taxonomy":"product_brand","embeddable":true,"href":"https:\/\/streetmarkets.fr\/app\/wp-json\/wp\/v2\/product_brand?post=3544938"},{"taxonomy":"product_cat","embeddable":true,"href":"https:\/\/streetmarkets.fr\/app\/wp-json\/wp\/v2\/product_cat?post=3544938"},{"taxonomy":"product_tag","embeddable":true,"href":"https:\/\/streetmarkets.fr\/app\/wp-json\/wp\/v2\/product_tag?post=3544938"}],"curies":[{"name":"wp","href":"https:\/\/api.w.org\/{rel}","templated":true}]}}